{"id":107,"date":"2020-05-02T15:00:35","date_gmt":"2020-05-02T13:00:35","guid":{"rendered":"https:\/\/www.sondermann-marketing.de\/kunden\/stephanuswerkstatt\/?page_id=107"},"modified":"2023-06-06T18:30:50","modified_gmt":"2023-06-06T16:30:50","slug":"montage","status":"publish","type":"page","link":"https:\/\/diakonie-lahn-dill.de\/wfbm\/angebote-fuer-geschaefts-und-privatkunden\/montage\/","title":{"rendered":"Montage"},"content":{"rendered":"<div class=\"wpb-content-wrapper\"><p>[vc_row][vc_column][vc_column_text css=&#8220;.vc_custom_1588425894891{padding-top: 5px !important;padding-right: 5px !important;padding-bottom: 5px !important;padding-left: 5px !important;}&#8220;]<\/p>\n<h2>Was wir tun k\u00f6nnen<\/h2>\n<p>[\/vc_column_text][\/vc_column][\/vc_row][vc_row][vc_column width=&#8220;2\/3&#8243;][vc_column_text css=&#8220;.vc_custom_1588429266071{padding-top: 5px !important;padding-right: 5px !important;padding-bottom: 5px !important;padding-left: 5px !important;}&#8220;]An unseren Standorten in Wetzlar und Weilburg \u00fcbernehmen wir verschiedene Montage- und Konfektionierungsarbeiten.\u00a0In Wetzlar erledigen wir zus\u00e4tzlich einfache Dreh- und Fr\u00e4sarbeiten. Auf Wunsch ist die Abholung und Auslieferung der Ware mit dem firmeneigenen LKW m\u00f6glich. Qualit\u00e4t, Zuverl\u00e4ssigkeit, angemessene Preise und ein guter Service stehen f\u00fcr uns an oberster Stelle.[\/vc_column_text][\/vc_column][vc_column width=&#8220;1\/3&#8243;][vc_row_inner][vc_column_inner width=&#8220;1\/2&#8243;][vc_single_image image=&#8220;148&#8243; img_size=&#8220;full&#8220; onclick=&#8220;link_image&#8220;][\/vc_column_inner][vc_column_inner width=&#8220;1\/2&#8243;][vc_single_image image=&#8220;152&#8243; img_size=&#8220;full&#8220; onclick=&#8220;link_image&#8220;][\/vc_column_inner][\/vc_row_inner][\/vc_column][\/vc_row][vc_row][vc_column][vc_column_text css=&#8220;.vc_custom_1588426107692{padding-top: 5px !important;padding-right: 5px !important;padding-bottom: 5px !important;padding-left: 5px !important;}&#8220;]<\/p>\n<h2>Wer Ihnen hilft<\/h2>\n<p>[\/vc_column_text][vc_column_text css=&#8220;.vc_custom_1588429285577{padding-top: 5px !important;padding-right: 5px !important;padding-bottom: 5px !important;padding-left: 5px !important;}&#8220;]F\u00fcr Kundenberatung und Anfragen steht ein Produktionskoordinator zur Verf\u00fcgung. Qualifizierte Gruppenleiter gew\u00e4hrleisten die fachliche Anleitung der Besch\u00e4ftigten sowie die termingerechte Ausf\u00fchrung der Auftr\u00e4ge.[\/vc_column_text][vc_empty_space][\/vc_column][\/vc_row][vc_row][vc_column width=&#8220;2\/3&#8243;][vc_column_text css=&#8220;.vc_custom_1588429319935{padding-top: 5px !important;padding-right: 5px !important;padding-bottom: 5px !important;padding-left: 5px !important;}&#8220;]<\/p>\n<h2>Schwerpunkte der Montage:<\/h2>\n<ul>\n<li>Sortieren und Kontrollieren<\/li>\n<li>Montieren und Konfektionieren<\/li>\n<li>Verpacken und Umverpacken<\/li>\n<li>Wiegen, Etikettieren und Kennzeichnen<\/li>\n<li>Lagern und Transportieren<\/li>\n<li>Drehen und Fr\u00e4sen<\/li>\n<\/ul>\n<p>[\/vc_column_text][vc_empty_space][\/vc_column][vc_column width=&#8220;1\/3&#8243;][vc_column_text]<\/p>\n<h2>Ansprechpartner:<\/h2>\n<ul>\n<li>Frank R\u00fchl<br \/>\nTelefon: 06441 9013-200<br \/>\nE-Mail: <a href=\"&#x6d;&#x61;&#x69;&#x6c;&#x74;&#x6f;&#x3a;&#x6d;&#x6f;&#x6e;&#x74;&#x61;&#x67;&#x65;&#64;&#100;&#105;&#97;&#107;&#111;&#110;&#105;&#101;&#45;&#108;ahn-dill&#x2e;&#x64;&#x65;\">mo&#110;&#116;&#97;&#103;&#x65;&#x40;&#x64;&#x69;&#x61;ko&#110;&#105;&#101;&#45;&#x6c;&#x61;&#x68;&#x6e;&#x2d;di&#108;&#108;&#46;&#100;&#x65;<\/a><\/li>\n<\/ul>\n<p>[\/vc_column_text][vc_empty_space][\/vc_column][\/vc_row][vc_row][vc_column width=&#8220;1\/3&#8243;][\/vc_column][vc_column width=&#8220;1\/3&#8243;][vc_empty_space][vc_btn title=&#8220;zur\u00fcck zur \u00dcbersicht&#8220; style=&#8220;outline&#8220; shape=&#8220;square&#8220; color=&#8220;black&#8220; align=&#8220;center&#8220; i_icon_fontawesome=&#8220;fas fa-reply-all&#8220; add_icon=&#8220;true&#8220; link=&#8220;url:https%3A%2F%2Fdiakonie-lahn-dill.de%2Fwfbm%2Fangebote-fuer-geschaefts-und-privatkunden%2F|title:zur%C3%BCck%20zur%20%C3%9Cbersicht&#8220;][\/vc_column][vc_column width=&#8220;1\/3&#8243;][\/vc_column][\/vc_row]<\/p>\n<\/div>","protected":false},"excerpt":{"rendered":"<p>[vc_row][vc_column][vc_column_text css=&#8220;.vc_custom_1588425894891{padding-top: 5px !important;padding-right: 5px !important;padding-bottom: 5px !important;padding-left: 5px !important;}&#8220;] Was wir tun k\u00f6nnen [\/vc_column_text][\/vc_column][\/vc_row][vc_row][vc_column width=&#8220;2\/3&#8243;][vc_column_text css=&#8220;.vc_custom_1588429266071{padding-top: 5px !important;padding-right: 5px !important;padding-bottom: 5px !important;padding-left: 5px !important;}&#8220;]An unseren Standorten in Wetzlar und Weilburg \u00fcbernehmen wir verschiedene Montage- und Konfektionierungsarbeiten.\u00a0In Wetzlar erledigen wir zus\u00e4tzlich einfache Dreh- und Fr\u00e4sarbeiten. Auf Wunsch ist die Abholung und Auslieferung der Ware mit&hellip;<\/p>\n","protected":false},"author":1,"featured_media":0,"parent":87,"menu_order":10,"comment_status":"closed","ping_status":"closed","template":"","meta":{"footnotes":""},"class_list":["post-107","page","type-page","status-publish","hentry","description-off"],"publishpress_future_action":{"enabled":false,"date":"2026-04-20 17:45:02","action":"change-status","newStatus":"draft","terms":[],"taxonomy":"","extraData":[]},"publishpress_future_workflow_manual_trigger":{"enabledWorkflows":[]},"_links":{"self":[{"href":"https:\/\/diakonie-lahn-dill.de\/wfbm\/wp-json\/wp\/v2\/pages\/107","targetHints":{"allow":["GET"]}}],"collection":[{"href":"https:\/\/diakonie-lahn-dill.de\/wfbm\/wp-json\/wp\/v2\/pages"}],"about":[{"href":"https:\/\/diakonie-lahn-dill.de\/wfbm\/wp-json\/wp\/v2\/types\/page"}],"author":[{"embeddable":true,"href":"https:\/\/diakonie-lahn-dill.de\/wfbm\/wp-json\/wp\/v2\/users\/1"}],"replies":[{"embeddable":true,"href":"https:\/\/diakonie-lahn-dill.de\/wfbm\/wp-json\/wp\/v2\/comments?post=107"}],"version-history":[{"count":2,"href":"https:\/\/diakonie-lahn-dill.de\/wfbm\/wp-json\/wp\/v2\/pages\/107\/revisions"}],"predecessor-version":[{"id":553,"href":"https:\/\/diakonie-lahn-dill.de\/wfbm\/wp-json\/wp\/v2\/pages\/107\/revisions\/553"}],"up":[{"embeddable":true,"href":"https:\/\/diakonie-lahn-dill.de\/wfbm\/wp-json\/wp\/v2\/pages\/87"}],"wp:attachment":[{"href":"https:\/\/diakonie-lahn-dill.de\/wfbm\/wp-json\/wp\/v2\/media?parent=107"}],"curies":[{"name":"wp","href":"https:\/\/api.w.org\/{rel}","templated":true}]}}