{"id":11,"date":"2020-05-01T18:28:10","date_gmt":"2020-05-01T16:28:10","guid":{"rendered":"https:\/\/www.sondermann-marketing.de\/kunden\/stephanuswerkstatt\/?page_id=11"},"modified":"2026-02-20T11:38:23","modified_gmt":"2026-02-20T10:38:23","slug":"kontakt","status":"publish","type":"page","link":"https:\/\/diakonie-lahn-dill.de\/wfbm\/kontakt\/","title":{"rendered":"Kontakt"},"content":{"rendered":"<div class=\"wpb-content-wrapper\"><p>[vc_row][vc_column][vc_column_text]<\/p>\n<h2 class=\"blau\">Stephanus Werkstatt Wetzlar<\/h2>\n<p>[\/vc_column_text][vc_row_inner][vc_column_inner width=&#8220;2\/3&#8243;][vc_column_text]Die Stephanus Werkstatt\u00a0in Wetzlar verf\u00fcgt \u00fcber 120 Arbeitspl\u00e4tze und befindet sich in zwei schr\u00e4g gegen\u00fcberliegenden Geb\u00e4uden.<\/p>\n<div class=\"wpb_text_column wpb_content_element vc_custom_1572448332568\">\n<div class=\"wpb_wrapper\">\n<ul>\n<li><strong>Am Schmittenberg 12:<\/strong>\u00a0Leitung, Verwaltung, Soziale Dienste, Berufliche Integration, Berufsbildungsbereich,\u00a0Montage, K\u00fcche<\/li>\n<li><strong>Westendstra\u00dfe 13:<\/strong>\u00a0Empfang\/Zentrale, B\u00fcrodienstleistung,\u00a0Druckerei, Grafik,\u00a0W\u00e4scherei<\/li>\n<\/ul>\n<\/div>\n<\/div>\n<div class=\"wpb_text_column wpb_content_element \">\n<div class=\"wpb_wrapper\">\n<p><strong>Anfahrt zum Gewerbegebiet Westend:<\/strong><\/p>\n<ul>\n<li>Buslinie 10 in Richtung Steindorf, Haltestelle Westend<\/li>\n<li>Buslinie 185 in Richtung Braunfels, Haltestelle Braunfelser\u00a0Stra\u00dfe, ca. 5 Minuten Fu\u00dfweg<\/li>\n<li>Parkpl\u00e4tze befinden sich vor den Geb\u00e4uden<\/li>\n<\/ul>\n<\/div>\n<\/div>\n<p>[\/vc_column_text][vc_empty_space][\/vc_column_inner][vc_column_inner width=&#8220;1\/3&#8243;][vc_single_image image=&#8220;181&#8243; img_size=&#8220;full&#8220; alignment=&#8220;center&#8220; onclick=&#8220;link_image&#8220;][vc_empty_space][\/vc_column_inner][\/vc_row_inner][vc_row_inner][vc_column_inner width=&#8220;1\/3&#8243;][vc_column_text]<\/p>\n<h2>Adresse<\/h2>\n<p>Stephanus Werkstatt Wetzlar<br \/>\nWestendstr.13<br \/>\n35578 Wetzlar<\/p>\n<p><strong>Telefon:<\/strong> 06441 9013-200<br \/>\n<strong>Fax:<\/strong> 06441 9013-299<br \/>\n<strong>E-Mail:<\/strong> <a href=\"&#109;&#x61;i&#x6c;t&#111;&#x3a;&#119;&#x65;r&#107;&#x73;&#116;&#x61;t&#x74;&#x40;&#100;&#x69;a&#x6b;o&#110;&#x69;&#101;&#x2d;l&#97;&#x68;&#110;&#x2d;d&#105;&#x6c;&#108;&#x2e;d&#x65;\">&#x77;&#101;&#x72;&#107;s&#x74;&#97;t&#x74;&#64;&#x64;&#x69;a&#x6b;&#111;n&#x69;&#101;&#x2d;&#x6c;a&#x68;&#110;-&#x64;&#105;l&#x6c;&#46;&#x64;&#101;<\/a>[\/vc_column_text][vc_empty_space][\/vc_column_inner][vc_column_inner width=&#8220;1\/3&#8243;][vc_column_text]<\/p>\n<h2>Ansprechpartner<\/h2>\n<ul>\n<li><strong>Werkstattleitung:<\/strong> Benjamin Roth<\/li>\n<li><strong>Produktion &amp; Technik:<\/strong> Torsten Breser<\/li>\n<li><strong>Bildung &amp; P\u00e4dagogik:<\/strong> Sascha Schmidt<\/li>\n<li><strong>Sozialdienst:<\/strong> Elke Schwarz, Miriam Neitzel, Tea Barbaric<\/li>\n<li><strong>Verwaltung:<\/strong> Anna Befort, Ellen Moritz<\/li>\n<\/ul>\n<p>[\/vc_column_text][vc_empty_space][\/vc_column_inner][vc_column_inner width=&#8220;1\/3&#8243;][vc_column_text css=&#8220;&#8220;]<\/p>\n<h2>\u00d6ffnungszeiten<\/h2>\n<ul>\n<li><strong>Montag \u2013 Donnerstag:<\/strong> 7:30 \u2013 15:30 Uhr<\/li>\n<li><strong>Freitag:<\/strong> 7:30 \u2013 12:30 Uhr<\/li>\n<\/ul>\n<h2>Annahme-\/Ausgabezeiten<\/h2>\n<ul>\n<li><strong>Montag \u2013 Donnerstag:<\/strong> 8:30 \u2013 15:00 Uhr<\/li>\n<li><strong>Freitag:<\/strong> 8:30 \u2013 12:00 Uhr<\/li>\n<\/ul>\n<p>[\/vc_column_text][vc_empty_space][\/vc_column_inner][\/vc_row_inner][\/vc_column][\/vc_row][vc_row][vc_column][vc_empty_space][vc_separator color=&#8220;custom&#8220; accent_color=&#8220;#1c628f&#8220;][vc_empty_space][\/vc_column][\/vc_row][vc_row][vc_column][vc_column_text]<\/p>\n<h2 class=\"blau\">Stephanus Werkstatt Weilburg<\/h2>\n<p>[\/vc_column_text][vc_row_inner][vc_column_inner width=&#8220;2\/3&#8243;][vc_column_text]<\/p>\n<div class=\"wpb_text_column wpb_content_element vc_custom_1572448446659\">\n<div class=\"wpb_wrapper\">\n<p>Die Stephanus Werkstatt in Weilburg verf\u00fcgt \u00fcber 30 Arbeitspl\u00e4tze und befindet sich im Gewerbegebiet Weilburg-Kubach: Einrichtungsleitung, Empfang\/Zentrale, Soziale Dienste, Berufsbildungsbereich, Berufliche Integration, Montage, Werbetechnik, B\u00fcrodienstleistung.<\/p>\n<\/div>\n<\/div>\n<div class=\"wpb_text_column wpb_content_element \">\n<div class=\"wpb_wrapper\">\n<p><strong>Anfahrt Gewerbegebiet Weilburg-Kubach:<\/strong><\/p>\n<ul>\n<li>Buslinien 61 und 66, Haltestelle Aldi\/McDonalds<\/li>\n<li>Parkpl\u00e4tze befinden sich vor dem Geb\u00e4ude<\/li>\n<\/ul>\n<\/div>\n<\/div>\n<p>[\/vc_column_text][\/vc_column_inner][vc_column_inner width=&#8220;1\/3&#8243;][vc_single_image image=&#8220;182&#8243; img_size=&#8220;full&#8220; alignment=&#8220;center&#8220;][\/vc_column_inner][\/vc_row_inner][vc_row_inner][vc_column_inner width=&#8220;1\/3&#8243;][vc_column_text]<\/p>\n<h2>Adresse<\/h2>\n<p>Stephanus Werkstatt Weilburg<br \/>\nViehweg 19<br \/>\n35781 Weilburg<\/p>\n<p><strong>Telefon:<\/strong> 06441 9013-300<br \/>\n<strong>E-Mail:<\/strong> <a href=\"&#x6d;&#x61;&#x69;&#x6c;&#x74;&#x6f;&#x3a;&#119;&#101;&#114;&#107;&#115;tatt&#x40;&#x64;&#x69;&#x61;&#x6b;&#x6f;&#x6e;&#x69;&#101;&#45;&#108;&#97;&#104;n-di&#x6c;&#x6c;&#x2e;&#x64;&#x65;\">&#119;&#x65;r&#107;&#x73;&#116;&#x61;t&#116;&#x40;d&#x69;&#x61;&#107;&#x6f;n&#105;&#x65;-&#x6c;&#x61;&#104;&#x6e;-&#100;&#x69;&#108;&#x6c;&#46;&#100;&#x65;<\/a>[\/vc_column_text][vc_empty_space][\/vc_column_inner][vc_column_inner width=&#8220;1\/3&#8243;][vc_column_text]<\/p>\n<h2>Ansprechpartner<\/h2>\n<ul>\n<li><strong>Werkstattleitung:<\/strong> Benjamin Roth<\/li>\n<li><strong>Produktion &amp; Technik:<\/strong> Torsten Breser<\/li>\n<li><strong>Bildung &amp; P\u00e4dagogik:<\/strong> Sascha Schmidt<\/li>\n<li><strong>Sozialdienst:<\/strong> Janika Lommel<\/li>\n<li><strong>Verwaltung:<\/strong> Anna Befort, Ellen Moritz<\/li>\n<\/ul>\n<p>[\/vc_column_text][vc_empty_space][\/vc_column_inner][vc_column_inner width=&#8220;1\/3&#8243;][vc_column_text css=&#8220;&#8220;]<\/p>\n<h2>\u00d6ffnungszeiten<\/h2>\n<ul>\n<li><strong>Montag \u2013 Donnerstag:<\/strong> 8:00 \u2013 15:30 Uhr<\/li>\n<li><strong>Freitag:<\/strong> 8:00 \u2013 12:30 Uhr<\/li>\n<\/ul>\n<h2>Annahme-\/Ausgabezeiten<\/h2>\n<ul>\n<li><strong>Montag \u2013 Donnerstag:<\/strong> 8:00 \u2013 15:00 Uhr<\/li>\n<li><strong>Freitag:<\/strong> 8:00 \u2013 12:00 Uhr<\/li>\n<\/ul>\n<p>[\/vc_column_text][vc_empty_space][\/vc_column_inner][\/vc_row_inner][\/vc_column][\/vc_row][vc_row][vc_column][vc_empty_space][vc_separator color=&#8220;custom&#8220; accent_color=&#8220;#1c628f&#8220;][vc_empty_space][\/vc_column][\/vc_row][vc_row][vc_column][vc_column_text]<\/p>\n<h2>Haben Sie Fragen oder weitere Informationsw\u00fcnsche?<\/h2>\n<p>&#8230;dann nutzen Sie gerne daf\u00fcr nachfolgendes Kontaktformular:[\/vc_column_text][vc_empty_space]\n<div class=\"wpcf7 no-js\" id=\"wpcf7-f7-o1\" lang=\"de-DE\" dir=\"ltr\" data-wpcf7-id=\"7\">\n<div class=\"screen-reader-response\"><p role=\"status\" aria-live=\"polite\" aria-atomic=\"true\"><\/p> <ul><\/ul><\/div>\n<form action=\"\/wfbm\/wp-json\/wp\/v2\/pages\/11#wpcf7-f7-o1\" method=\"post\" class=\"wpcf7-form init wpcf7-acceptance-as-validation\" aria-label=\"Kontaktformular\" novalidate=\"novalidate\" data-status=\"init\">\n<fieldset class=\"hidden-fields-container\"><input type=\"hidden\" name=\"_wpcf7\" value=\"7\" \/><input type=\"hidden\" name=\"_wpcf7_version\" value=\"6.1.5\" \/><input type=\"hidden\" name=\"_wpcf7_locale\" value=\"de_DE\" \/><input type=\"hidden\" name=\"_wpcf7_unit_tag\" value=\"wpcf7-f7-o1\" \/><input type=\"hidden\" name=\"_wpcf7_container_post\" value=\"0\" \/><input type=\"hidden\" name=\"_wpcf7_posted_data_hash\" value=\"\" \/>\n<\/fieldset>\n<style>\n.wpcf7-not-valid {\n border: 4px solid #cc0000 !important;\n}\n\n.wps-form {\n width: 100%;\n margin: 0 auto;\n}\n.wps-form .wps-form-row {\n display: flex;\n flex-direction: column;\n width: 100%;\n}\n.wps-form .wps-form-row .wpcf7-form-control {\n width: 100%;\n}\n.wps-form .wps-form-column {\n flex: 1;\n width: 100%;\n padding: .5rem 0;\n}\n\/* Notebook \/ Desktop *\/\n@media only screen and (min-width: 48em) { \n .wps-form .wps-form-row {\n flex-direction: row;\n }\n .wps-form .wps-form-column {\n padding: .5rem 1rem;\n }\n}\n<\/style>\n<div class=\"wps-form\">\n\t<div class=\"wps-form-row\">\n\t\t<div class=\"wps-form-column\">\n\t\t\t<p><label><strong>Anrede*<\/strong><\/label><br \/>\n<span class=\"wpcf7-form-control-wrap\" data-name=\"your-anrede\"><select class=\"wpcf7-form-control wpcf7-select wpcf7-validates-as-required\" aria-required=\"true\" aria-invalid=\"false\" name=\"your-anrede\"><option value=\"\">&#8211; Bitte ausw\u00e4hlen &#8211;<\/option><option value=\"Herr\">Herr<\/option><option value=\"Frau\">Frau<\/option><\/select><\/span>\n\t\t\t<\/p>\n\t\t<\/div>\n\t\t<div class=\"wps-form-column\">\n\t\t\t<p><label><strong>Vorname<\/strong><\/label><br \/>\n<span class=\"wpcf7-form-control-wrap\" data-name=\"your-vorname\"><input size=\"40\" maxlength=\"400\" class=\"wpcf7-form-control wpcf7-text\" aria-invalid=\"false\" value=\"\" type=\"text\" name=\"your-vorname\" \/><\/span>\n\t\t\t<\/p>\n\t\t<\/div>\n\t\t<div class=\"wps-form-column\">\n\t\t\t<p><label><strong>Nachname*<\/strong><\/label><br \/>\n<span class=\"wpcf7-form-control-wrap\" data-name=\"your-nachname\"><input size=\"40\" maxlength=\"400\" class=\"wpcf7-form-control wpcf7-text wpcf7-validates-as-required\" aria-required=\"true\" aria-invalid=\"false\" value=\"\" type=\"text\" name=\"your-nachname\" \/><\/span>\n\t\t\t<\/p>\n\t\t<\/div>\n\t<\/div>\n\t<div class=\"wps-form-row\">\n\t\t<div class=\"wps-form-column\">\n\t\t\t<p><label><strong>E-Mail-Adresse*<\/strong><\/label><br \/>\n<span class=\"wpcf7-form-control-wrap\" data-name=\"your-email\"><input size=\"40\" maxlength=\"400\" class=\"wpcf7-form-control wpcf7-email wpcf7-validates-as-required wpcf7-text wpcf7-validates-as-email\" aria-required=\"true\" aria-invalid=\"false\" value=\"\" type=\"email\" name=\"your-email\" \/><\/span>\n\t\t\t<\/p>\n\t\t<\/div>\n\t\t<div class=\"wps-form-column\">\n\t\t\t<p><label><strong>Telefonnummer<\/strong><\/label><br \/>\n<span class=\"wpcf7-form-control-wrap\" data-name=\"your-telefonnummer\"><input size=\"40\" maxlength=\"400\" class=\"wpcf7-form-control wpcf7-text\" aria-invalid=\"false\" value=\"\" type=\"text\" name=\"your-telefonnummer\" \/><\/span>\n\t\t\t<\/p>\n\t\t<\/div>\n\t<\/div>\n\t<div class=\"wps-form-row\">\n\t\t<div class=\"wps-form-column\">\n\t\t\t<p><label><strong>Ihr Anliegen*<\/strong><\/label><br \/>\n<span class=\"wpcf7-form-control-wrap\" data-name=\"your-nachricht\"><textarea cols=\"40\" rows=\"3\" maxlength=\"2000\" class=\"wpcf7-form-control wpcf7-textarea wpcf7-validates-as-required\" aria-required=\"true\" aria-invalid=\"false\" name=\"your-nachricht\"><\/textarea><\/span>\n\t\t\t<\/p>\n\t\t<\/div>\n\t<\/div>\n\t<div class=\"wps-form-row\">\n\t\t<div class=\"wps-form-column\">\n\t\t\t<p><label><strong>Spam-Schutz: Bitte beantworten Sie uns noch folgende Frage:*<\/strong><\/label><br \/>\n<span class=\"wpcf7-form-control-wrap\" data-name=\"random-math-quiz\"><label><span class=\"wpcf7-quiz-label\">Wieviel ist f\u00fcnf minus zwei? (Bitte nur die Zahl eingeben)<\/span> <input size=\"40\" class=\"wpcf7-form-control wpcf7-quiz\" autocomplete=\"off\" aria-required=\"true\" aria-invalid=\"false\" type=\"text\" name=\"random-math-quiz\" \/><\/label><input type=\"hidden\" name=\"_wpcf7_quiz_answer_random-math-quiz\" value=\"48c0b28587526850aa92a7761c213931\" \/><\/span>\n\t\t\t<\/p>\n\t\t<\/div>\n\t<\/div>\n\t<div class=\"wps-form-row\">\n\t\t<div class=\"wps-form-column\">\n\t\t\t<p><label><strong>Einwilligungserkl\u00e4rung*<\/strong><\/label><br \/>\n<span class=\"wpcf7-form-control-wrap\" data-name=\"acceptance-100\"><span class=\"wpcf7-form-control wpcf7-acceptance\"><span class=\"wpcf7-list-item\"><label><input type=\"checkbox\" name=\"acceptance-100\" value=\"1\" aria-invalid=\"false\" \/><span class=\"wpcf7-list-item-label\">Sie erkl\u00e4ren sich damit einverstanden<\/span><\/label><\/span><\/span><\/span>, dass Ihre Daten zur Bearbeitung Ihres Anliegens verwendet werden. Eine Kopie Ihrer Nachricht wird zudem an Ihre E-Mail-Adresse gesendet. Weitere Informationen und Widerrufshinweise finden Sie in unserer <a href=\"https:\/\/stephanuswerkstatt.de\/datenschutz\">Datenschutzerkl\u00e4rung<\/a>.\n\t\t\t<\/p>\n\t\t<\/div>\n\t<\/div>\n\t<p>&nbsp;\n\t<\/p>\n\t<p align=\"center\"><input class=\"wpcf7-form-control wpcf7-submit has-spinner\" type=\"submit\" value=\"ANFRAGE ABSENDEN\" \/><span id=\"wpcf7-69d4966db8209-wrapper\" class=\"wpcf7-form-control-wrap spam-security-wrap\" style=\"display:none !important; visibility:hidden !important;\"><label for=\"wpcf7-69d4966db8209-field\" class=\"hp-message\">Bitte lasse dieses Feld leer.<\/label><input id=\"wpcf7-69d4966db8209-field\"  class=\"wpcf7-form-control wpcf7-text\" type=\"text\" name=\"spam-security\" value=\"\" size=\"40\" tabindex=\"-1\" autocomplete=\"new-password\" \/><\/span>\n\t<\/p>\n<\/div>\n<p>&nbsp;\n<\/p>\n<p>* = Pflichtfelder\n<\/p><div class=\"wpcf7-response-output\" aria-hidden=\"true\"><\/div>\n<\/form>\n<\/div>\n[\/vc_column][\/vc_row]<\/p>\n<\/div>","protected":false},"excerpt":{"rendered":"<p>[vc_row][vc_column][vc_column_text] Stephanus Werkstatt Wetzlar [\/vc_column_text][vc_row_inner][vc_column_inner width=&#8220;2\/3&#8243;][vc_column_text]Die Stephanus Werkstatt\u00a0in Wetzlar verf\u00fcgt \u00fcber 120 Arbeitspl\u00e4tze und befindet sich in zwei schr\u00e4g gegen\u00fcberliegenden Geb\u00e4uden. Am Schmittenberg 12:\u00a0Leitung, Verwaltung, Soziale Dienste, Berufliche Integration, Berufsbildungsbereich,\u00a0Montage, K\u00fcche Westendstra\u00dfe 13:\u00a0Empfang\/Zentrale, B\u00fcrodienstleistung,\u00a0Druckerei, Grafik,\u00a0W\u00e4scherei Anfahrt zum Gewerbegebiet Westend: Buslinie 10 in Richtung Steindorf, Haltestelle Westend Buslinie 185 in Richtung Braunfels, Haltestelle Braunfelser\u00a0Stra\u00dfe, ca. 5&hellip;<\/p>\n","protected":false},"author":1,"featured_media":0,"parent":0,"menu_order":50,"comment_status":"closed","ping_status":"closed","template":"","meta":{"footnotes":""},"class_list":["post-11","page","type-page","status-publish","hentry","description-off"],"publishpress_future_action":{"enabled":false,"date":"2026-04-14 07:30:21","action":"change-status","newStatus":"draft","terms":[],"taxonomy":"","extraData":[]},"publishpress_future_workflow_manual_trigger":{"enabledWorkflows":[]},"_links":{"self":[{"href":"https:\/\/diakonie-lahn-dill.de\/wfbm\/wp-json\/wp\/v2\/pages\/11","targetHints":{"allow":["GET"]}}],"collection":[{"href":"https:\/\/diakonie-lahn-dill.de\/wfbm\/wp-json\/wp\/v2\/pages"}],"about":[{"href":"https:\/\/diakonie-lahn-dill.de\/wfbm\/wp-json\/wp\/v2\/types\/page"}],"author":[{"embeddable":true,"href":"https:\/\/diakonie-lahn-dill.de\/wfbm\/wp-json\/wp\/v2\/users\/1"}],"replies":[{"embeddable":true,"href":"https:\/\/diakonie-lahn-dill.de\/wfbm\/wp-json\/wp\/v2\/comments?post=11"}],"version-history":[{"count":6,"href":"https:\/\/diakonie-lahn-dill.de\/wfbm\/wp-json\/wp\/v2\/pages\/11\/revisions"}],"predecessor-version":[{"id":712,"href":"https:\/\/diakonie-lahn-dill.de\/wfbm\/wp-json\/wp\/v2\/pages\/11\/revisions\/712"}],"wp:attachment":[{"href":"https:\/\/diakonie-lahn-dill.de\/wfbm\/wp-json\/wp\/v2\/media?parent=11"}],"curies":[{"name":"wp","href":"https:\/\/api.w.org\/{rel}","templated":true}]}}