{"id":126,"date":"2020-05-02T15:13:17","date_gmt":"2020-05-02T13:13:17","guid":{"rendered":"https:\/\/www.sondermann-marketing.de\/kunden\/stephanuswerkstatt\/?page_id=126"},"modified":"2024-07-19T14:18:32","modified_gmt":"2024-07-19T12:18:32","slug":"buerodienstleistungen","status":"publish","type":"page","link":"https:\/\/diakonie-lahn-dill.de\/wfbm\/angebote-fuer-geschaefts-und-privatkunden\/buerodienstleistungen\/","title":{"rendered":"B\u00fcrodienstleistung"},"content":{"rendered":"<div class=\"wpb-content-wrapper\"><p>[vc_row][vc_column][vc_column_text css=&#8220;.vc_custom_1588425894891{padding-top: 5px !important;padding-right: 5px !important;padding-bottom: 5px !important;padding-left: 5px !important;}&#8220;]<\/p>\n<h2>Was wir tun k\u00f6nnen<\/h2>\n<p>[\/vc_column_text][\/vc_column][\/vc_row][vc_row][vc_column width=&#8220;2\/3&#8243;][vc_column_text css=&#8220;.vc_custom_1590420409230{padding-top: 5px !important;padding-right: 5px !important;padding-bottom: 5px !important;padding-left: 5px !important;}&#8220;]Zu den Aufgabenbereichen geh\u00f6ren der Besucherempfang, die Telefonzentrale und allgemeine Verwaltungst\u00e4tigkeiten. Hierzu z\u00e4hlen u.a. das Erstellen von Angeboten, Lieferscheinen und Rechnungen.\u00a0Wir organisieren das komplette Bestell- und Versandwesen eines Onlineshops.\u00a0Weitere Dienstleistungen sind Dokumentenarchivierung, Aktenvernichtung (Sicherheitsstufe 3), Mailings und Konfektionierungsarbeiten.[\/vc_column_text][\/vc_column][vc_column width=&#8220;1\/3&#8243;][vc_single_image image=&#8220;133&#8243; img_size=&#8220;full&#8220; onclick=&#8220;link_image&#8220;][\/vc_column][\/vc_row][vc_row][vc_column width=&#8220;2\/3&#8243;][vc_column_text css=&#8220;.vc_custom_1658485302666{padding-top: 5px !important;padding-right: 5px !important;padding-bottom: 5px !important;padding-left: 5px !important;}&#8220;]Unter dem Projektnamen &#8222;<a href=\"https:\/\/diakonie-lahn-dill.de\/wfbm\/angebote-fuer-geschaefts-und-privatkunden\/abstauber\/\" target=\"_blank\" rel=\"noopener noreferrer\">Abstauber<\/a>&#8220; sammeln, sortieren, erfassen, verkaufen und versenden wir gebrauchte B\u00fccher. Hierzu sind wir auf B\u00fccherspenden aus der Bev\u00f6lkerung angewiesen. Weitere Informationen und Spendenannahme in den Werkst\u00e4tten in Wetzlar und Weilburg.[\/vc_column_text][\/vc_column][vc_column width=&#8220;1\/3&#8243;][vc_single_image image=&#8220;140&#8243; img_size=&#8220;full&#8220; onclick=&#8220;custom_link&#8220; img_link_target=&#8220;_blank&#8220; link=&#8220;https:\/\/diakonie-lahn-dill.de\/wfbm\/angebote-fuer-geschaefts-und-privatkunden\/abstauber\/&#8220;][\/vc_column][\/vc_row][vc_row][vc_column][vc_column_text css=&#8220;.vc_custom_1588426107692{padding-top: 5px !important;padding-right: 5px !important;padding-bottom: 5px !important;padding-left: 5px !important;}&#8220;]<\/p>\n<h2>Wer Ihnen hilft<\/h2>\n<p>[\/vc_column_text][vc_column_text css=&#8220;.vc_custom_1588426123867{padding-top: 5px !important;padding-right: 5px !important;padding-bottom: 5px !important;padding-left: 5px !important;}&#8220;]Qualifizierte Fachkr\u00e4fte begleiten die Abl\u00e4ufe und schulen die Anwendung verschiedener Computerprogramme. Sie entwickeln individuelle L\u00f6sungen f\u00fcr Kundenauftr\u00e4ge.[\/vc_column_text][vc_empty_space][\/vc_column][\/vc_row][vc_row][vc_column width=&#8220;2\/3&#8243;][vc_column_text css=&#8220;.vc_custom_1721391501352{padding-top: 5px !important;padding-right: 5px !important;padding-bottom: 5px !important;padding-left: 5px !important;}&#8220;]<\/p>\n<h2>Schwerpunkte der B\u00fcrodienstleistung:<\/h2>\n<ul>\n<li style=\"list-style-type: none;\">\n<ul>\n<li>Dokumentenarchivierung<\/li>\n<li>Aktenvernichtung bis Sicherheitsstufe 5 (Schutzklasse 2)<\/li>\n<li>Mailings \/ Serienbrieferstellung<\/li>\n<li>Konfektionierungsarbeiten<\/li>\n<li>Amazon-Marketplace-Shop <a href=\"https:\/\/diakonie-lahn-dill.de\/wfbm\/angebote-fuer-geschaefts-und-privatkunden\/abstauber\/\">&#8222;Abstauber&#8220;<\/a> (Verkauf gebrauchter B\u00fccher)<\/li>\n<\/ul>\n<\/li>\n<\/ul>\n<p>[\/vc_column_text][vc_empty_space][\/vc_column][vc_column width=&#8220;1\/3&#8243;][vc_column_text]<\/p>\n<h2>Ansprechpartner:<\/h2>\n<ul>\n<li>Frank Faber, Elisabeth Wilczek<br \/>\nTelefon: 06441 9013-200<br \/>\nE-Mail: <a href=\"&#x6d;a&#x69;l&#x74;&#111;&#x3a;&#98;u&#x64;&#64;&#x64;&#105;&#x61;&#107;&#x6f;&#110;i&#x65;-&#x6c;&#97;&#x68;&#110;&#x2d;&#x64;i&#x6c;l&#x2e;&#100;&#x65;\">&#98;&#x75;&#100;&#x40;d&#x69;a&#107;&#x6f;&#110;&#x69;e&#x2d;l&#97;&#x68;&#110;&#x2d;d&#x69;l&#108;&#x2e;&#100;&#x65;<\/a><\/li>\n<\/ul>\n<p>[\/vc_column_text][vc_empty_space][\/vc_column][\/vc_row][vc_row][vc_column width=&#8220;1\/3&#8243;][\/vc_column][vc_column width=&#8220;1\/3&#8243;][vc_empty_space][vc_btn title=&#8220;zur\u00fcck zur \u00dcbersicht&#8220; style=&#8220;outline&#8220; shape=&#8220;square&#8220; color=&#8220;black&#8220; align=&#8220;center&#8220; i_icon_fontawesome=&#8220;fas fa-reply-all&#8220; add_icon=&#8220;true&#8220; link=&#8220;url:https%3A%2F%2Fdiakonie-lahn-dill.de%2Fwfbm%2Fangebote-fuer-geschaefts-und-privatkunden%2F|title:zur%C3%BCck%20zur%20%C3%9Cbersicht&#8220;][\/vc_column][vc_column width=&#8220;1\/3&#8243;][\/vc_column][\/vc_row]<\/p>\n<\/div>","protected":false},"excerpt":{"rendered":"<p>[vc_row][vc_column][vc_column_text css=&#8220;.vc_custom_1588425894891{padding-top: 5px !important;padding-right: 5px !important;padding-bottom: 5px !important;padding-left: 5px !important;}&#8220;] Was wir tun k\u00f6nnen [\/vc_column_text][\/vc_column][\/vc_row][vc_row][vc_column width=&#8220;2\/3&#8243;][vc_column_text css=&#8220;.vc_custom_1590420409230{padding-top: 5px !important;padding-right: 5px !important;padding-bottom: 5px !important;padding-left: 5px !important;}&#8220;]Zu den Aufgabenbereichen geh\u00f6ren der Besucherempfang, die Telefonzentrale und allgemeine Verwaltungst\u00e4tigkeiten. Hierzu z\u00e4hlen u.a. das Erstellen von Angeboten, Lieferscheinen und Rechnungen.\u00a0Wir organisieren das komplette Bestell- und Versandwesen eines Onlineshops.\u00a0Weitere Dienstleistungen sind&hellip;<\/p>\n","protected":false},"author":1,"featured_media":0,"parent":87,"menu_order":20,"comment_status":"closed","ping_status":"closed","template":"","meta":{"footnotes":""},"class_list":["post-126","page","type-page","status-publish","hentry","description-off"],"publishpress_future_action":{"enabled":false,"date":"2026-04-20 19:23:07","action":"change-status","newStatus":"draft","terms":[],"taxonomy":"","extraData":[]},"publishpress_future_workflow_manual_trigger":{"enabledWorkflows":[]},"_links":{"self":[{"href":"https:\/\/diakonie-lahn-dill.de\/wfbm\/wp-json\/wp\/v2\/pages\/126","targetHints":{"allow":["GET"]}}],"collection":[{"href":"https:\/\/diakonie-lahn-dill.de\/wfbm\/wp-json\/wp\/v2\/pages"}],"about":[{"href":"https:\/\/diakonie-lahn-dill.de\/wfbm\/wp-json\/wp\/v2\/types\/page"}],"author":[{"embeddable":true,"href":"https:\/\/diakonie-lahn-dill.de\/wfbm\/wp-json\/wp\/v2\/users\/1"}],"replies":[{"embeddable":true,"href":"https:\/\/diakonie-lahn-dill.de\/wfbm\/wp-json\/wp\/v2\/comments?post=126"}],"version-history":[{"count":9,"href":"https:\/\/diakonie-lahn-dill.de\/wfbm\/wp-json\/wp\/v2\/pages\/126\/revisions"}],"predecessor-version":[{"id":608,"href":"https:\/\/diakonie-lahn-dill.de\/wfbm\/wp-json\/wp\/v2\/pages\/126\/revisions\/608"}],"up":[{"embeddable":true,"href":"https:\/\/diakonie-lahn-dill.de\/wfbm\/wp-json\/wp\/v2\/pages\/87"}],"wp:attachment":[{"href":"https:\/\/diakonie-lahn-dill.de\/wfbm\/wp-json\/wp\/v2\/media?parent=126"}],"curies":[{"name":"wp","href":"https:\/\/api.w.org\/{rel}","templated":true}]}}