{"id":159,"date":"2020-05-02T16:07:45","date_gmt":"2020-05-02T14:07:45","guid":{"rendered":"https:\/\/www.sondermann-marketing.de\/kunden\/stephanuswerkstatt\/?page_id=159"},"modified":"2022-07-24T10:12:46","modified_gmt":"2022-07-24T08:12:46","slug":"hauswirtschaft","status":"publish","type":"page","link":"https:\/\/diakonie-lahn-dill.de\/wfbm\/angebote-fuer-geschaefts-und-privatkunden\/hauswirtschaft\/","title":{"rendered":"Hauswirtschaft"},"content":{"rendered":"<div class=\"wpb-content-wrapper\"><p>[vc_row][vc_column][vc_column_text css=&#8220;.vc_custom_1588425894891{padding-top: 5px !important;padding-right: 5px !important;padding-bottom: 5px !important;padding-left: 5px !important;}&#8220;]<\/p>\n<h2>Was wir tun k\u00f6nnen<\/h2>\n<p>[\/vc_column_text][\/vc_column][\/vc_row][vc_row][vc_column width=&#8220;2\/3&#8243;][vc_column_text css=&#8220;.vc_custom_1611424609351{padding-top: 5px !important;padding-right: 5px !important;padding-bottom: 5px !important;padding-left: 5px !important;}&#8220;]In der W\u00e4scherei waschen, b\u00fcgeln und mangeln wir u.a. Ihre Oberbekleidung, Tisch- oder Bettw\u00e4sche sowie Arbeitskleidung. F\u00fcr kleinere betriebliche oder private Anl\u00e4sse bieten wir Ihnen werktags Catering an. In unserer modernen Gro\u00dfk\u00fcche wird ein t\u00e4glich wechselndes Mittagessen f\u00fcr unsere Besch\u00e4ftigten zubereitet.[\/vc_column_text][vc_empty_space][\/vc_column][vc_column width=&#8220;1\/3&#8243;][vc_row_inner][vc_column_inner width=&#8220;1\/2&#8243;][vc_single_image image=&#8220;160&#8243; img_size=&#8220;full&#8220; onclick=&#8220;link_image&#8220;][\/vc_column_inner][vc_column_inner width=&#8220;1\/2&#8243;][vc_single_image image=&#8220;161&#8243; img_size=&#8220;full&#8220; onclick=&#8220;link_image&#8220;][\/vc_column_inner][\/vc_row_inner][vc_empty_space][\/vc_column][\/vc_row][vc_row][vc_column][vc_column_text css=&#8220;.vc_custom_1611424649523{padding-top: 5px !important;padding-right: 5px !important;padding-bottom: 5px !important;padding-left: 5px !important;}&#8220;]<\/p>\n<h2>Wir bieten Ihnen<\/h2>\n<p>[\/vc_column_text][vc_column_text css=&#8220;.vc_custom_1611424671385{padding-top: 5px !important;padding-right: 5px !important;padding-bottom: 5px !important;padding-left: 5px !important;}&#8220;]<\/p>\n<ul>\n<li>W\u00e4schepflege<\/li>\n<li>Planung und Durchf\u00fchrung von Catering-Auftr\u00e4gen<\/li>\n<\/ul>\n<p>Unsere fachlich versierten Gruppenleiterinnen stehen Ihnen mit Rat und Tat zur Seite. Wir freuen uns auf Ihre Anfrage![\/vc_column_text][vc_empty_space][\/vc_column][\/vc_row][vc_row][vc_column width=&#8220;2\/3&#8243;][vc_column_text css=&#8220;.vc_custom_1588428171883{padding-top: 5px !important;padding-right: 5px !important;padding-bottom: 5px !important;padding-left: 5px !important;}&#8220;]<\/p>\n<h2>Schwerpunkte des Hauswirtschaftsbereiches:<\/h2>\n<ul>\n<li>Zubereitung von Essen<\/li>\n<li>Planung und Durchf\u00fchrung von Catering-Auftr\u00e4gen<\/li>\n<li>W\u00e4schepflege<\/li>\n<li>Reinigungsarbeiten<\/li>\n<\/ul>\n<p>[\/vc_column_text][vc_empty_space][\/vc_column][vc_column width=&#8220;1\/3&#8243;][vc_column_text]<\/p>\n<h2>Ansprechpartner:<\/h2>\n<p><strong>Catering:<\/strong><\/p>\n<ul>\n<li>Petra Wagner<br \/>\nTelefon: 06441 9013-200<br \/>\nE-Mail: <a href=\"&#x6d;&#x61;&#105;&#108;to&#x3a;&#x68;&#x61;&#117;sw&#x69;&#x72;&#x74;&#115;&#99;h&#x61;&#x66;&#x74;&#64;&#100;i&#x61;&#x6b;&#x6f;&#105;&#110;e-&#x6c;&#x61;&#x68;&#110;-d&#x69;&#x6c;&#x6c;&#46;&#100;e\">&#104;&#x61;&#x75;s&#119;&#x69;r&#116;&#x73;&#x63;h&#97;&#x66;t&#64;&#x64;&#x69;a&#107;&#x6f;n&#105;&#x65;&#x2d;&#108;&#97;&#x68;n&#45;&#x64;&#x69;&#108;&#x6c;&#x2e;d&#101;<\/a><\/li>\n<\/ul>\n<p><strong>W\u00e4scherei:<\/strong><\/p>\n<ul>\n<li>Maja Magdziok<br \/>\nTelefon: 06441 9013-200<br \/>\nE-Mail: <a href=\"&#109;&#x61;i&#x6c;t&#111;&#x3a;&#104;&#x61;u&#115;&#x77;&#105;&#x72;t&#x73;&#x63;&#104;&#x61;f&#x74;&#64;&#100;&#x69;&#97;&#x6b;o&#105;&#x6e;&#101;&#x2d;l&#97;&#x68;&#110;&#x2d;d&#x69;&#x6c;&#108;&#x2e;d&#x65;\">&#104;a&#x75;s&#x77;&#105;&#x72;&#116;&#x73;&#99;h&#x61;f&#x74;&#64;&#x64;&#105;&#x61;&#107;&#x6f;&#110;i&#x65;-&#x6c;&#97;&#x68;&#110;&#x2d;&#100;i&#x6c;l&#x2e;&#100;&#x65;<\/a><\/li>\n<\/ul>\n<p>[\/vc_column_text][vc_empty_space][\/vc_column][\/vc_row][vc_row][vc_column width=&#8220;1\/3&#8243;][\/vc_column][vc_column width=&#8220;1\/3&#8243;][vc_empty_space][vc_btn title=&#8220;zur\u00fcck zur \u00dcbersicht&#8220; style=&#8220;outline&#8220; shape=&#8220;square&#8220; color=&#8220;black&#8220; align=&#8220;center&#8220; i_icon_fontawesome=&#8220;fas fa-reply-all&#8220; add_icon=&#8220;true&#8220; link=&#8220;url:https%3A%2F%2Fdiakonie-lahn-dill.de%2Fwfbm%2Fangebote-fuer-geschaefts-und-privatkunden%2F|title:zur%C3%BCck%20zur%20%C3%9Cbersicht&#8220;][\/vc_column][vc_column width=&#8220;1\/3&#8243;][\/vc_column][\/vc_row]<\/p>\n<\/div>","protected":false},"excerpt":{"rendered":"<p>[vc_row][vc_column][vc_column_text css=&#8220;.vc_custom_1588425894891{padding-top: 5px !important;padding-right: 5px !important;padding-bottom: 5px !important;padding-left: 5px !important;}&#8220;] Was wir tun k\u00f6nnen [\/vc_column_text][\/vc_column][\/vc_row][vc_row][vc_column width=&#8220;2\/3&#8243;][vc_column_text css=&#8220;.vc_custom_1611424609351{padding-top: 5px !important;padding-right: 5px !important;padding-bottom: 5px !important;padding-left: 5px !important;}&#8220;]In der W\u00e4scherei waschen, b\u00fcgeln und mangeln wir u.a. Ihre Oberbekleidung, Tisch- oder Bettw\u00e4sche sowie Arbeitskleidung. F\u00fcr kleinere betriebliche oder private Anl\u00e4sse bieten wir Ihnen werktags Catering an. In unserer modernen&hellip;<\/p>\n","protected":false},"author":1,"featured_media":0,"parent":87,"menu_order":20,"comment_status":"closed","ping_status":"closed","template":"","meta":{"footnotes":""},"class_list":["post-159","page","type-page","status-publish","hentry","description-off"],"publishpress_future_action":{"enabled":false,"date":"2026-04-20 19:23:55","action":"change-status","newStatus":"draft","terms":[],"taxonomy":"","extraData":[]},"publishpress_future_workflow_manual_trigger":{"enabledWorkflows":[]},"_links":{"self":[{"href":"https:\/\/diakonie-lahn-dill.de\/wfbm\/wp-json\/wp\/v2\/pages\/159","targetHints":{"allow":["GET"]}}],"collection":[{"href":"https:\/\/diakonie-lahn-dill.de\/wfbm\/wp-json\/wp\/v2\/pages"}],"about":[{"href":"https:\/\/diakonie-lahn-dill.de\/wfbm\/wp-json\/wp\/v2\/types\/page"}],"author":[{"embeddable":true,"href":"https:\/\/diakonie-lahn-dill.de\/wfbm\/wp-json\/wp\/v2\/users\/1"}],"replies":[{"embeddable":true,"href":"https:\/\/diakonie-lahn-dill.de\/wfbm\/wp-json\/wp\/v2\/comments?post=159"}],"version-history":[{"count":2,"href":"https:\/\/diakonie-lahn-dill.de\/wfbm\/wp-json\/wp\/v2\/pages\/159\/revisions"}],"predecessor-version":[{"id":537,"href":"https:\/\/diakonie-lahn-dill.de\/wfbm\/wp-json\/wp\/v2\/pages\/159\/revisions\/537"}],"up":[{"embeddable":true,"href":"https:\/\/diakonie-lahn-dill.de\/wfbm\/wp-json\/wp\/v2\/pages\/87"}],"wp:attachment":[{"href":"https:\/\/diakonie-lahn-dill.de\/wfbm\/wp-json\/wp\/v2\/media?parent=159"}],"curies":[{"name":"wp","href":"https:\/\/api.w.org\/{rel}","templated":true}]}}