{"id":213,"date":"2020-05-03T13:14:14","date_gmt":"2020-05-03T11:14:14","guid":{"rendered":"https:\/\/www.sondermann-marketing.de\/kunden\/stephanuswerkstatt\/?page_id=213"},"modified":"2024-10-24T14:25:02","modified_gmt":"2024-10-24T12:25:02","slug":"arbeitsbereich","status":"publish","type":"page","link":"https:\/\/diakonie-lahn-dill.de\/wfbm\/angebote-fuer-psychisch-erkrankte-menschen\/arbeitsbereich\/","title":{"rendered":"Arbeitsbereich"},"content":{"rendered":"<div class=\"wpb-content-wrapper\"><p>[vc_row][vc_column width=&#8220;2\/3&#8243;][vc_column_text css=&#8220;.vc_custom_1588504616552{padding-top: 5px !important;padding-right: 5px !important;padding-bottom: 5px !important;padding-left: 5px !important;}&#8220;]Nach Abschluss des Berufsbildungsbereichs besteht die M\u00f6glichkeit, als Besch\u00e4ftigter in den Arbeitsbereich der Werkstatt \u00fcberzugehen. Voraussetzung daf\u00fcr ist, dass eine T\u00e4tigkeit auf dem allgemeinen Arbeitsmarkt nicht oder noch nicht ausge\u00fcbt werden kann. Kostentr\u00e4ger der Rehama\u00dfnahme im Arbeitsbereich ist der \u00fcber\u00f6rtliche Sozialhilfetr\u00e4ger, in Hessen der Landeswohlfahrtsverband.\u00a0Eine Mitarbeit in der Werkstatt kann l\u00e4ngstens bis zum Eintritt in die Altersrente angeboten werden.<\/p>\n<p>Die einzelnen Arbeitsprozesse werden so gestaltet, dass jeder Besch\u00e4ftigte mit seinen individuellen F\u00e4higkeiten an der Leistungserbringung teilhaben kann. Im Rahmen einer angemessenen beruflichen F\u00f6rderung nimmt die betreffende Person unter Anleitung eines Gruppenleiters in einem Arbeitsfeld zunehmend selbst\u00e4ndig Aufgaben wahr. Es wird jedem Einzelnen erm\u00f6glicht, seine Leistungsf\u00e4higkeit zu entwickeln, erh\u00f6hen oder wiederzugewinnen und seine Pers\u00f6nlichkeit zu entfalten.[\/vc_column_text][\/vc_column][vc_column width=&#8220;1\/3&#8243;][vc_single_image image=&#8220;346&#8243; img_size=&#8220;full&#8220; onclick=&#8220;link_image&#8220;][\/vc_column][\/vc_row][vc_row][vc_column][vc_column_text css=&#8220;.vc_custom_1588504584091{padding-top: 5px !important;padding-right: 5px !important;padding-bottom: 5px !important;padding-left: 5px !important;}&#8220;]Eine F\u00f6rderung und Besch\u00e4ftigung ist in folgenden Arbeitsfeldern m\u00f6glich:[\/vc_column_text][\/vc_column][\/vc_row][vc_row][vc_column width=&#8220;1\/2&#8243;][vc_column_text css=&#8220;.vc_custom_1611411610288{padding-top: 5px !important;padding-right: 5px !important;padding-bottom: 5px !important;padding-left: 5px !important;}&#8220;]<\/p>\n<h2>Stephanus Werkstatt Wetzlar:<\/h2>\n<ul>\n<li>B\u00fcrodienstleistung<\/li>\n<li>Druckerei<\/li>\n<li>Montage<\/li>\n<li>Hauswirtschaft<\/li>\n<\/ul>\n<p>[\/vc_column_text][vc_empty_space][\/vc_column][vc_column width=&#8220;1\/2&#8243;][vc_column_text css=&#8220;.vc_custom_1611411637991{padding-top: 5px !important;padding-right: 5px !important;padding-bottom: 5px !important;padding-left: 5px !important;}&#8220;]<\/p>\n<h2>Stephanus Werkstatt Weilburg:<\/h2>\n<ul>\n<li>Montage<\/li>\n<li>Werbetechnik<\/li>\n<li>B\u00fcrodienstleistung<\/li>\n<\/ul>\n<p>[\/vc_column_text][vc_empty_space][\/vc_column][\/vc_row][vc_row][vc_column][vc_column_text css=&#8220;.vc_custom_1588504191946{padding-top: 5px !important;padding-right: 5px !important;padding-bottom: 5px !important;padding-left: 5px !important;}&#8220;]Den Besch\u00e4ftigten wird leistungsunabh\u00e4ngig ein Werkstattentgelt gezahlt. F\u00fcr die weitere Absicherung des Lebensunterhaltes kann ein Antrag auf Grundsicherung beim zust\u00e4ndigen Sozialamt gestellt werden. Renten bei Erwerbsminderung sowie Sozialversicherungsbeitr\u00e4ge werden weiter gew\u00e4hrt. Unser Sozialdienst unterst\u00fctzt Sie bei Fragen, Problemen sowie administrativen Angelegenheiten und wirkt an der F\u00f6rderplanung mit.[\/vc_column_text][vc_column_text css=&#8220;.vc_custom_1729772697528{padding-top: 5px !important;padding-right: 5px !important;padding-bottom: 5px !important;padding-left: 5px !important;}&#8220;]<\/p>\n<h2>Ansprechpartner:<\/h2>\n<ul>\n<li><strong>Sozialdienst Wetzlar:<\/strong> Elke Schwarz, Miriam Neitzel, Tea Barbaric<br \/>\nTelefon: 06441 9013-200<\/li>\n<li><strong>Sozialdienst Weilburg:<\/strong> Janika Lommel<br \/>\nTelefon: 06441 9013-300<\/li>\n<\/ul>\n<p>[\/vc_column_text][vc_empty_space][\/vc_column][\/vc_row][vc_row][vc_column width=&#8220;1\/3&#8243;][\/vc_column][vc_column width=&#8220;1\/3&#8243;][vc_empty_space][vc_btn title=&#8220;zur\u00fcck zur \u00dcbersicht&#8220; style=&#8220;outline&#8220; shape=&#8220;square&#8220; color=&#8220;black&#8220; align=&#8220;center&#8220; i_icon_fontawesome=&#8220;fas fa-reply-all&#8220; add_icon=&#8220;true&#8220; link=&#8220;url:https%3A%2F%2Fdiakonie-lahn-dill.de%2Fwfbm%2Fangebote-fuer-psychisch-erkrankte-menschen%2F|title:zur%C3%BCck%20zur%20%C3%9Cbersicht&#8220;][\/vc_column][vc_column width=&#8220;1\/3&#8243;][\/vc_column][\/vc_row]<\/p>\n<\/div>","protected":false},"excerpt":{"rendered":"<p>[vc_row][vc_column width=&#8220;2\/3&#8243;][vc_column_text css=&#8220;.vc_custom_1588504616552{padding-top: 5px !important;padding-right: 5px !important;padding-bottom: 5px !important;padding-left: 5px !important;}&#8220;]Nach Abschluss des Berufsbildungsbereichs besteht die M\u00f6glichkeit, als Besch\u00e4ftigter in den Arbeitsbereich der Werkstatt \u00fcberzugehen. Voraussetzung daf\u00fcr ist, dass eine T\u00e4tigkeit auf dem allgemeinen Arbeitsmarkt nicht oder noch nicht ausge\u00fcbt werden kann. Kostentr\u00e4ger der Rehama\u00dfnahme im Arbeitsbereich ist der \u00fcber\u00f6rtliche Sozialhilfetr\u00e4ger, in Hessen der Landeswohlfahrtsverband.\u00a0Eine&hellip;<\/p>\n","protected":false},"author":1,"featured_media":0,"parent":80,"menu_order":20,"comment_status":"closed","ping_status":"closed","template":"","meta":{"footnotes":""},"class_list":["post-213","page","type-page","status-publish","hentry","description-off"],"publishpress_future_action":{"enabled":false,"date":"2026-04-26 10:46:00","action":"change-status","newStatus":"draft","terms":[],"taxonomy":"","extraData":[]},"publishpress_future_workflow_manual_trigger":{"enabledWorkflows":[]},"_links":{"self":[{"href":"https:\/\/diakonie-lahn-dill.de\/wfbm\/wp-json\/wp\/v2\/pages\/213","targetHints":{"allow":["GET"]}}],"collection":[{"href":"https:\/\/diakonie-lahn-dill.de\/wfbm\/wp-json\/wp\/v2\/pages"}],"about":[{"href":"https:\/\/diakonie-lahn-dill.de\/wfbm\/wp-json\/wp\/v2\/types\/page"}],"author":[{"embeddable":true,"href":"https:\/\/diakonie-lahn-dill.de\/wfbm\/wp-json\/wp\/v2\/users\/1"}],"replies":[{"embeddable":true,"href":"https:\/\/diakonie-lahn-dill.de\/wfbm\/wp-json\/wp\/v2\/comments?post=213"}],"version-history":[{"count":2,"href":"https:\/\/diakonie-lahn-dill.de\/wfbm\/wp-json\/wp\/v2\/pages\/213\/revisions"}],"predecessor-version":[{"id":637,"href":"https:\/\/diakonie-lahn-dill.de\/wfbm\/wp-json\/wp\/v2\/pages\/213\/revisions\/637"}],"up":[{"embeddable":true,"href":"https:\/\/diakonie-lahn-dill.de\/wfbm\/wp-json\/wp\/v2\/pages\/80"}],"wp:attachment":[{"href":"https:\/\/diakonie-lahn-dill.de\/wfbm\/wp-json\/wp\/v2\/media?parent=213"}],"curies":[{"name":"wp","href":"https:\/\/api.w.org\/{rel}","templated":true}]}}