{"id":227,"date":"2020-05-03T13:22:44","date_gmt":"2020-05-03T11:22:44","guid":{"rendered":"https:\/\/www.sondermann-marketing.de\/kunden\/stephanuswerkstatt\/?page_id=227"},"modified":"2023-10-23T17:11:50","modified_gmt":"2023-10-23T15:11:50","slug":"betriebsintegrierte-beschaeftigungsplaetze","status":"publish","type":"page","link":"https:\/\/diakonie-lahn-dill.de\/wfbm\/angebote-fuer-psychisch-erkrankte-menschen\/betriebsintegrierte-beschaeftigungsplaetze\/","title":{"rendered":"Betriebsintegrierte Besch\u00e4ftigungspl\u00e4tze"},"content":{"rendered":"<div class=\"wpb-content-wrapper\"><p>[vc_row][vc_column][vc_column_text css=&#8220;.vc_custom_1611410882330{padding-top: 5px !important;padding-right: 5px !important;padding-bottom: 5px !important;padding-left: 5px !important;}&#8220;]<\/p>\n<h2>Betriebsintegrierte Besch\u00e4ftigungspl\u00e4tze (BiB)<\/h2>\n<p>[\/vc_column_text][\/vc_column][\/vc_row][vc_row][vc_column width=&#8220;2\/3&#8243;][vc_column_text css=&#8220;.vc_custom_1611410896937{padding-top: 5px !important;padding-right: 5px !important;padding-bottom: 5px !important;padding-left: 5px !important;}&#8220;]Betriebsintegrierte Besch\u00e4ftigungspl\u00e4tze sind ausgelagerte Arbeitspl\u00e4tze, die f\u00fcr Menschen mit Behinderungen au\u00dferhalb der WfbM in einem externen Betrieb eingerichtet werden.<\/p>\n<p>Es handelt sich dabei um \u201eNischen-Arbeitspl\u00e4tze\u201c, die keinen Ersatz f\u00fcr Fachkr\u00e4fte darstellen, sondern vielmehr deren Arbeit unterst\u00fctzen.<\/p>\n<p>Die organisatorische Anbindung an die Stephanus Werkstatt bleibt bestehen. Den Menschen mit Behinderungen sowie den Betrieben steht eine Fachkraft f\u00fcr berufliche Integration (FbI) in der WfbM beratend zur Seite. Einer Integration auf einen betriebsintegrierten Besch\u00e4ftigungsplatz ist in der Regel\u00a0ein unverbindliches Orientierungspraktikum vorgeschaltet.<\/p>\n<p>Das Ziel einer betriebsintegrierten Besch\u00e4ftigung ist einerseits die Inklusion\u00a0von Menschen mit Behinderungen, andererseits kann ein betriebsintegrierter Besch\u00e4ftigungsplatz der \u00dcbergang in ein sozialversicherungs- pflichtiges Arbeitsverh\u00e4ltnis auf dem allgemeinen Arbeitsmarkt sein.<\/p>\n<p>Die Stephanus Werkstatt begleitet Menschen mit psychischer Erkrankung auf unterschiedlichsten betriebsintegrierten Besch\u00e4ftigungspl\u00e4tzen in Industrie, Handwerk, Dienstleistungsunternehmen, \u00f6ffentlichen Betrieben und Einrichtungen.[\/vc_column_text][vc_column_text]<strong>Beispiele:<\/strong><\/p>\n<ul>\n<li>Mitarbeit in den Bereichen Montage, Lager, Verpackung und Versand<\/li>\n<li>Mitarbeit in Pflegeheimen und Krankenh\u00e4usern<\/li>\n<li>Mitarbeit in K\u00fcchen und Kantinen<\/li>\n<li>Mitarbeit bei handwerklichen T\u00e4tigkeiten<\/li>\n<li>Mitarbeit in der Verwaltung<\/li>\n<li>Mitarbeit bei Hausmeistert\u00e4tigkeiten<\/li>\n<li>etc.<\/li>\n<\/ul>\n<p>[\/vc_column_text][\/vc_column][vc_column width=&#8220;1\/3&#8243;][vc_single_image image=&#8220;350&#8243; img_size=&#8220;full&#8220; onclick=&#8220;link_image&#8220;][vc_column_text]<\/p>\n<h2>Ansprechpartner:<\/h2>\n<ul>\n<li><strong>Fachkr\u00e4fte f\u00fcr berufliche Integration<br \/>\n<\/strong>Daniela Tataryan<br \/>\nAndr\u00e9 Discher<br \/>\nTelefon 06441-9013-200<\/li>\n<\/ul>\n<p>[\/vc_column_text][vc_empty_space][\/vc_column][\/vc_row][vc_row][vc_column width=&#8220;1\/2&#8243;][vc_single_image image=&#8220;286&#8243; img_size=&#8220;full&#8220;][\/vc_column][vc_column width=&#8220;1\/2&#8243;][vc_column_text]<strong>Welche Vorteile bringt das f\u00fcr den Betrieb?<\/strong><\/p>\n<ul>\n<li>Der Betrieb profitiert von einem motivierten, leistungs- und lernbereiten Mitarbeiter.<\/li>\n<li>Die Unternehmenskultur kann durch einen Menschen mit Behinderung bereichert werden.<\/li>\n<li>Der Betrieb kann die erbrachte Arbeitsleistung auf die Ausgleichsabgabe anrechnen lassen.<\/li>\n<li>Die R\u00fcckkehr des Mitarbeiters in die Werkstatt ist bei Bedarf m\u00f6glich.<\/li>\n<\/ul>\n<p>[\/vc_column_text][\/vc_column][\/vc_row][vc_row][vc_column width=&#8220;1\/3&#8243;][\/vc_column][vc_column width=&#8220;1\/3&#8243;][vc_empty_space][vc_btn title=&#8220;zur\u00fcck zur \u00dcbersicht&#8220; style=&#8220;outline&#8220; shape=&#8220;square&#8220; color=&#8220;black&#8220; align=&#8220;center&#8220; i_icon_fontawesome=&#8220;fas fa-reply-all&#8220; add_icon=&#8220;true&#8220; link=&#8220;url:https%3A%2F%2Fdiakonie-lahn-dill.de%2Fwfbm%2Fangebote-fuer-psychisch-erkrankte-menschen%2F|title:zur%C3%BCck%20zur%20%C3%9Cbersicht&#8220;][\/vc_column][vc_column width=&#8220;1\/3&#8243;][\/vc_column][\/vc_row]<\/p>\n<\/div>","protected":false},"excerpt":{"rendered":"<p>[vc_row][vc_column][vc_column_text css=&#8220;.vc_custom_1611410882330{padding-top: 5px !important;padding-right: 5px !important;padding-bottom: 5px !important;padding-left: 5px !important;}&#8220;] Betriebsintegrierte Besch\u00e4ftigungspl\u00e4tze (BiB) [\/vc_column_text][\/vc_column][\/vc_row][vc_row][vc_column width=&#8220;2\/3&#8243;][vc_column_text css=&#8220;.vc_custom_1611410896937{padding-top: 5px !important;padding-right: 5px !important;padding-bottom: 5px !important;padding-left: 5px !important;}&#8220;]Betriebsintegrierte Besch\u00e4ftigungspl\u00e4tze sind ausgelagerte Arbeitspl\u00e4tze, die f\u00fcr Menschen mit Behinderungen au\u00dferhalb der WfbM in einem externen Betrieb eingerichtet werden. Es handelt sich dabei um \u201eNischen-Arbeitspl\u00e4tze\u201c, die keinen Ersatz f\u00fcr Fachkr\u00e4fte darstellen, sondern&hellip;<\/p>\n","protected":false},"author":1,"featured_media":0,"parent":80,"menu_order":30,"comment_status":"closed","ping_status":"closed","template":"","meta":{"footnotes":""},"class_list":["post-227","page","type-page","status-publish","hentry","description-off"],"publishpress_future_action":{"enabled":false,"date":"2026-04-26 10:44:32","action":"change-status","newStatus":"draft","terms":[],"taxonomy":"","extraData":[]},"publishpress_future_workflow_manual_trigger":{"enabledWorkflows":[]},"_links":{"self":[{"href":"https:\/\/diakonie-lahn-dill.de\/wfbm\/wp-json\/wp\/v2\/pages\/227","targetHints":{"allow":["GET"]}}],"collection":[{"href":"https:\/\/diakonie-lahn-dill.de\/wfbm\/wp-json\/wp\/v2\/pages"}],"about":[{"href":"https:\/\/diakonie-lahn-dill.de\/wfbm\/wp-json\/wp\/v2\/types\/page"}],"author":[{"embeddable":true,"href":"https:\/\/diakonie-lahn-dill.de\/wfbm\/wp-json\/wp\/v2\/users\/1"}],"replies":[{"embeddable":true,"href":"https:\/\/diakonie-lahn-dill.de\/wfbm\/wp-json\/wp\/v2\/comments?post=227"}],"version-history":[{"count":4,"href":"https:\/\/diakonie-lahn-dill.de\/wfbm\/wp-json\/wp\/v2\/pages\/227\/revisions"}],"predecessor-version":[{"id":589,"href":"https:\/\/diakonie-lahn-dill.de\/wfbm\/wp-json\/wp\/v2\/pages\/227\/revisions\/589"}],"up":[{"embeddable":true,"href":"https:\/\/diakonie-lahn-dill.de\/wfbm\/wp-json\/wp\/v2\/pages\/80"}],"wp:attachment":[{"href":"https:\/\/diakonie-lahn-dill.de\/wfbm\/wp-json\/wp\/v2\/media?parent=227"}],"curies":[{"name":"wp","href":"https:\/\/api.w.org\/{rel}","templated":true}]}}