{"id":233,"date":"2020-05-03T13:29:02","date_gmt":"2020-05-03T11:29:02","guid":{"rendered":"https:\/\/www.sondermann-marketing.de\/kunden\/stephanuswerkstatt\/?page_id=233"},"modified":"2024-10-24T14:28:20","modified_gmt":"2024-10-24T12:28:20","slug":"antragstellung","status":"publish","type":"page","link":"https:\/\/diakonie-lahn-dill.de\/wfbm\/angebote-fuer-psychisch-erkrankte-menschen\/antragstellung\/","title":{"rendered":"Antragstellung"},"content":{"rendered":"<div class=\"wpb-content-wrapper\"><p>[vc_row][vc_column width=&#8220;2\/3&#8243;][vc_column_text css=&#8220;.vc_custom_1588505501148{padding-top: 5px !important;padding-right: 5px !important;padding-bottom: 5px !important;padding-left: 5px !important;}&#8220;]<strong>Sie m\u00f6chten gerne eine berufliche Rehabilitation absolvieren?<\/strong><\/p>\n<p>Hierzu ist ein Antrag auf Teilhabe am Arbeitsleben zu stellen. Aufnahmevoraussetzung ist die Zugeh\u00f6rigkeit zum Personenkreis psychisch erkrankter Menschen. Kostentr\u00e4ger f\u00fcr Berufsanf\u00e4nger oder Menschen, die noch keine 15 Jahre sozialversicherungspflichtig gearbeitet haben, ist die \u00f6rtliche Agentur f\u00fcr Arbeit. F\u00fcr alle, die l\u00e4nger berufst\u00e4tig waren oder Empf\u00e4nger von Erwerbsminderungsrente sind, ist in der Regel die Deutsche Rentenversicherung Hessen oder Bund der Kostentr\u00e4ger.<\/p>\n<p>Antragsformulare k\u00f6nnen entweder online \u00fcber die Seiten der Deutschen Rentenversicherung (Formblatt G 130) oder direkt bei der Arbeitsagentur abgeholt werden. Zust\u00e4ndig bei der Arbeitsagentur ist die dortige Rehaabteilung.[\/vc_column_text][\/vc_column][vc_column width=&#8220;1\/3&#8243;][vc_single_image image=&#8220;355&#8243; img_size=&#8220;full&#8220; onclick=&#8220;link_image&#8220;][\/vc_column][\/vc_row][vc_row][vc_column][vc_column_text css=&#8220;.vc_custom_1588505510811{padding-top: 5px !important;padding-right: 5px !important;padding-bottom: 5px !important;padding-left: 5px !important;}&#8220;]Wir empfehlen Ihnen die Vereinbarung eines ausf\u00fchrlichen Informationsgespr\u00e4chs mit unserem Sozialdienst oder der P\u00e4dagogischen Leitung. Dort k\u00f6nnen Sie bei einem Rundgang durch die Werkstatt unsere R\u00e4umlichkeiten und die Arbeitsangebote kennenlernen. Hier erfahren Sie auch, wer Sie bei der Antragstellung unterst\u00fctzen kann. Auf Wunsch bieten wir Ihnen ein Schnupperpraktikum in einer unserer Werkst\u00e4tten an.[\/vc_column_text][\/vc_column][\/vc_row][vc_row][vc_column][vc_column_text css=&#8220;.vc_custom_1729772898831{padding-top: 5px !important;padding-right: 5px !important;padding-bottom: 5px !important;padding-left: 5px !important;}&#8220;]<\/p>\n<h2>Ansprechpartner:<\/h2>\n<ul>\n<li><strong>P\u00e4dagogische Leitung:<\/strong> Sascha Schmidt<br \/>\nTelefon: 06441 9013-200<\/li>\n<li><strong>Sozialdienst Wetzlar:<\/strong> Elke Schwarz, Miriam Neitzel, Tea Barbaric<br \/>\nTelefon: 06441 9013-200<\/li>\n<li><strong>Sozialdienst Weilburg:<\/strong> Janika Lommel<br \/>\nTelefon: 06441 9013-300<\/li>\n<\/ul>\n<p>[\/vc_column_text][vc_empty_space][\/vc_column][\/vc_row][vc_row][vc_column width=&#8220;1\/3&#8243;][\/vc_column][vc_column width=&#8220;1\/3&#8243;][vc_empty_space][vc_btn title=&#8220;zur\u00fcck zur \u00dcbersicht&#8220; style=&#8220;outline&#8220; shape=&#8220;square&#8220; color=&#8220;black&#8220; align=&#8220;center&#8220; i_icon_fontawesome=&#8220;fas fa-reply-all&#8220; add_icon=&#8220;true&#8220; link=&#8220;url:https%3A%2F%2Fdiakonie-lahn-dill.de%2Fwfbm%2Fangebote-fuer-psychisch-erkrankte-menschen%2F|title:zur%C3%BCck%20zur%20%C3%9Cbersicht&#8220;][\/vc_column][vc_column width=&#8220;1\/3&#8243;][\/vc_column][\/vc_row]<\/p>\n<\/div>","protected":false},"excerpt":{"rendered":"<p>[vc_row][vc_column width=&#8220;2\/3&#8243;][vc_column_text css=&#8220;.vc_custom_1588505501148{padding-top: 5px !important;padding-right: 5px !important;padding-bottom: 5px !important;padding-left: 5px !important;}&#8220;]Sie m\u00f6chten gerne eine berufliche Rehabilitation absolvieren? Hierzu ist ein Antrag auf Teilhabe am Arbeitsleben zu stellen. Aufnahmevoraussetzung ist die Zugeh\u00f6rigkeit zum Personenkreis psychisch erkrankter Menschen. Kostentr\u00e4ger f\u00fcr Berufsanf\u00e4nger oder Menschen, die noch keine 15 Jahre sozialversicherungspflichtig gearbeitet haben, ist die \u00f6rtliche Agentur f\u00fcr Arbeit.&hellip;<\/p>\n","protected":false},"author":1,"featured_media":0,"parent":80,"menu_order":40,"comment_status":"closed","ping_status":"closed","template":"","meta":{"footnotes":""},"class_list":["post-233","page","type-page","status-publish","hentry","description-off"],"publishpress_future_action":{"enabled":false,"date":"2026-04-20 17:42:13","action":"change-status","newStatus":"draft","terms":[],"taxonomy":"","extraData":[]},"publishpress_future_workflow_manual_trigger":{"enabledWorkflows":[]},"_links":{"self":[{"href":"https:\/\/diakonie-lahn-dill.de\/wfbm\/wp-json\/wp\/v2\/pages\/233","targetHints":{"allow":["GET"]}}],"collection":[{"href":"https:\/\/diakonie-lahn-dill.de\/wfbm\/wp-json\/wp\/v2\/pages"}],"about":[{"href":"https:\/\/diakonie-lahn-dill.de\/wfbm\/wp-json\/wp\/v2\/types\/page"}],"author":[{"embeddable":true,"href":"https:\/\/diakonie-lahn-dill.de\/wfbm\/wp-json\/wp\/v2\/users\/1"}],"replies":[{"embeddable":true,"href":"https:\/\/diakonie-lahn-dill.de\/wfbm\/wp-json\/wp\/v2\/comments?post=233"}],"version-history":[{"count":2,"href":"https:\/\/diakonie-lahn-dill.de\/wfbm\/wp-json\/wp\/v2\/pages\/233\/revisions"}],"predecessor-version":[{"id":638,"href":"https:\/\/diakonie-lahn-dill.de\/wfbm\/wp-json\/wp\/v2\/pages\/233\/revisions\/638"}],"up":[{"embeddable":true,"href":"https:\/\/diakonie-lahn-dill.de\/wfbm\/wp-json\/wp\/v2\/pages\/80"}],"wp:attachment":[{"href":"https:\/\/diakonie-lahn-dill.de\/wfbm\/wp-json\/wp\/v2\/media?parent=233"}],"curies":[{"name":"wp","href":"https:\/\/api.w.org\/{rel}","templated":true}]}}