{"id":240,"date":"2020-05-03T13:35:25","date_gmt":"2020-05-03T11:35:25","guid":{"rendered":"https:\/\/www.sondermann-marketing.de\/kunden\/stephanuswerkstatt\/?page_id=240"},"modified":"2024-10-24T14:28:52","modified_gmt":"2024-10-24T12:28:52","slug":"arbeitsbegleitende-massnahmen-und-freizeiten","status":"publish","type":"page","link":"https:\/\/diakonie-lahn-dill.de\/wfbm\/angebote-fuer-psychisch-erkrankte-menschen\/arbeitsbegleitende-massnahmen-und-freizeiten\/","title":{"rendered":"Arbeitsbegleitende Ma\u00dfnahmen und Freizeiten"},"content":{"rendered":"<div class=\"wpb-content-wrapper\"><p>[vc_row][vc_column width=&#8220;2\/3&#8243;][vc_column_text css=&#8220;.vc_custom_1588505638201{padding-top: 5px !important;padding-right: 5px !important;padding-bottom: 5px !important;padding-left: 5px !important;}&#8220;]Arbeitsbegleitende Ma\u00dfnahmen dienen der Pers\u00f6nlichkeitsentwicklung und werden erg\u00e4nzend in die F\u00f6rderplanung miteinbezogen. Es besteht ein vielf\u00e4ltiges Angebot, u.a. aus dem sportlichen und kreativen Bereich. Jeder Besch\u00e4ftigte hat die M\u00f6glichkeit, sich f\u00fcr eine Ma\u00dfnahme pro Halbjahr zu entscheiden.<\/p>\n<p><strong>Beispiele:<\/strong><\/p>\n<ul>\n<li>Wandern, Nordic Walking<\/li>\n<li>Gymnastik\/Tanz<\/li>\n<li>Yoga und Entspannung<\/li>\n<li>Kegeln<\/li>\n<li>Handarbeit, K\u00fcnstleratelie<\/li>\n<li>Schwimmen<\/li>\n<li>Werkstattband<\/li>\n<\/ul>\n<p>[\/vc_column_text][vc_column_text css=&#8220;.vc_custom_1588505653634{padding-top: 5px !important;padding-right: 5px !important;padding-bottom: 5px !important;padding-left: 5px !important;}&#8220;]Freizeiten sollen dazu beitragen, den Besch\u00e4ftigten Gruppenerlebnisse in anderer Umgebung zu erm\u00f6glichen. Sie werden f\u00fcr Personen aus dem Arbeitsbereich angeboten. Pro Jahr fahren ein bis zwei Gruppen f\u00fcr ca. eine Woche in Begleitung von zwei Betreuern an Ziele im In- und Ausland. Es gibt sowohl gemeinsame Freizeiten mit der Zweigwerkstatt in Weilburg als auch eigene Freizeiten der Wetzlarer und Weilburger Besch\u00e4ftigten. Im Vordergrund stehen der Spa\u00df und gemeinschaftliche Unternehmungen. Die Freizeiten finden meist mit Selbstversorgung statt, den Mitarbeitern entstehen au\u00dfer einem kleinen Eigenanteil keine weiteren Kosten.<\/p>\n<p><strong>Beispiele:<\/strong><\/p>\n<ul>\n<li>Texel<\/li>\n<li>Mosel<\/li>\n<li>Allg\u00e4u<\/li>\n<li>Schwarzwald<\/li>\n<li>\u00d6sterreich<\/li>\n<li>Elsass<\/li>\n<li>R\u00fcgen<\/li>\n<li>Spreewald<\/li>\n<li>Mallorca<\/li>\n<\/ul>\n<p>[\/vc_column_text][\/vc_column][vc_column width=&#8220;1\/3&#8243;][vc_single_image image=&#8220;358&#8243; img_size=&#8220;full&#8220; onclick=&#8220;link_image&#8220;][vc_column_text css=&#8220;.vc_custom_1729772927271{padding-top: 5px !important;padding-right: 5px !important;padding-bottom: 5px !important;padding-left: 5px !important;}&#8220;]<\/p>\n<h2>Ansprechpartner:<\/h2>\n<ul>\n<li><strong>P\u00e4dagogische Leitung:<\/strong> Sascha Schmidt<br \/>\nTelefon: 06441 9013-200<\/li>\n<li><strong>Sozialdienst Wetzlar:<\/strong> Elke Schwarz, Miriam Neitzel, Tea Barbaric<br \/>\nTelefon: 06441 9013-200<\/li>\n<li><strong>Sozialdienst Weilburg:<\/strong> Janika Lommel<br \/>\nTelefon: 06441 9013-300<\/li>\n<\/ul>\n<p>[\/vc_column_text][\/vc_column][\/vc_row][vc_row][vc_column width=&#8220;1\/3&#8243;][\/vc_column][vc_column width=&#8220;1\/3&#8243;][vc_empty_space][vc_btn title=&#8220;zur\u00fcck zur \u00dcbersicht&#8220; style=&#8220;outline&#8220; shape=&#8220;square&#8220; color=&#8220;black&#8220; align=&#8220;center&#8220; i_icon_fontawesome=&#8220;fas fa-reply-all&#8220; add_icon=&#8220;true&#8220; link=&#8220;url:https%3A%2F%2Fdiakonie-lahn-dill.de%2Fwfbm%2Fangebote-fuer-psychisch-erkrankte-menschen%2F|title:zur%C3%BCck%20zur%20%C3%9Cbersicht&#8220;][\/vc_column][vc_column width=&#8220;1\/3&#8243;][\/vc_column][\/vc_row]<\/p>\n<\/div>","protected":false},"excerpt":{"rendered":"<p>[vc_row][vc_column width=&#8220;2\/3&#8243;][vc_column_text css=&#8220;.vc_custom_1588505638201{padding-top: 5px !important;padding-right: 5px !important;padding-bottom: 5px !important;padding-left: 5px !important;}&#8220;]Arbeitsbegleitende Ma\u00dfnahmen dienen der Pers\u00f6nlichkeitsentwicklung und werden erg\u00e4nzend in die F\u00f6rderplanung miteinbezogen. Es besteht ein vielf\u00e4ltiges Angebot, u.a. aus dem sportlichen und kreativen Bereich. Jeder Besch\u00e4ftigte hat die M\u00f6glichkeit, sich f\u00fcr eine Ma\u00dfnahme pro Halbjahr zu entscheiden. Beispiele: Wandern, Nordic Walking Gymnastik\/Tanz Yoga und Entspannung&hellip;<\/p>\n","protected":false},"author":1,"featured_media":0,"parent":80,"menu_order":50,"comment_status":"closed","ping_status":"closed","template":"","meta":{"footnotes":""},"class_list":["post-240","page","type-page","status-publish","hentry","description-off"],"publishpress_future_action":{"enabled":false,"date":"2026-04-20 17:43:46","action":"change-status","newStatus":"draft","terms":[],"taxonomy":"","extraData":[]},"publishpress_future_workflow_manual_trigger":{"enabledWorkflows":[]},"_links":{"self":[{"href":"https:\/\/diakonie-lahn-dill.de\/wfbm\/wp-json\/wp\/v2\/pages\/240","targetHints":{"allow":["GET"]}}],"collection":[{"href":"https:\/\/diakonie-lahn-dill.de\/wfbm\/wp-json\/wp\/v2\/pages"}],"about":[{"href":"https:\/\/diakonie-lahn-dill.de\/wfbm\/wp-json\/wp\/v2\/types\/page"}],"author":[{"embeddable":true,"href":"https:\/\/diakonie-lahn-dill.de\/wfbm\/wp-json\/wp\/v2\/users\/1"}],"replies":[{"embeddable":true,"href":"https:\/\/diakonie-lahn-dill.de\/wfbm\/wp-json\/wp\/v2\/comments?post=240"}],"version-history":[{"count":2,"href":"https:\/\/diakonie-lahn-dill.de\/wfbm\/wp-json\/wp\/v2\/pages\/240\/revisions"}],"predecessor-version":[{"id":639,"href":"https:\/\/diakonie-lahn-dill.de\/wfbm\/wp-json\/wp\/v2\/pages\/240\/revisions\/639"}],"up":[{"embeddable":true,"href":"https:\/\/diakonie-lahn-dill.de\/wfbm\/wp-json\/wp\/v2\/pages\/80"}],"wp:attachment":[{"href":"https:\/\/diakonie-lahn-dill.de\/wfbm\/wp-json\/wp\/v2\/media?parent=240"}],"curies":[{"name":"wp","href":"https:\/\/api.w.org\/{rel}","templated":true}]}}