{"id":247,"date":"2020-05-03T13:45:22","date_gmt":"2020-05-03T11:45:22","guid":{"rendered":"https:\/\/www.sondermann-marketing.de\/kunden\/stephanuswerkstatt\/?page_id=247"},"modified":"2024-11-18T11:43:33","modified_gmt":"2024-11-18T10:43:33","slug":"werkstattrat","status":"publish","type":"page","link":"https:\/\/diakonie-lahn-dill.de\/wfbm\/angebote-fuer-psychisch-erkrankte-menschen\/werkstattrat\/","title":{"rendered":"Werkstattrat"},"content":{"rendered":"<div class=\"wpb-content-wrapper\"><p>[vc_row][vc_column width=&#8220;2\/3&#8243;][vc_column_text css=&#8220;.vc_custom_1611423132744{padding-top: 5px !important;padding-right: 5px !important;padding-bottom: 5px !important;padding-left: 5px !important;}&#8220;]Der Werkstattrat hat die Aufgabe, die Interessen der Besch\u00e4ftigten vor der Werkstattleitung, dem Sozialdienst und der Gruppenleitung zu vertreten. Gew\u00e4hlt wird der Werkstattrat alle 4 Jahre von den Besch\u00e4ftigten des Arbeitsbereiches. Rechtliche Grundlage ist die bundesweit geltende Diakonie-Werkst\u00e4ttenmitwirkungsverordnung (DWMVO). Diese regelt die Mitbestimmungsrechte und Mitwirkungspflichten des Werkstattrates.<\/p>\n<p>Er versucht, gemeinsam mit der Werkstattleitung, dem Sozialdienst und der Gruppenleitung L\u00f6sungen zur Behebung von Problemen oder Anliegen der Besch\u00e4ftigten zu finden, z.B. bei Konflikten mit Kollegen oder der Gruppenleitung.<\/p>\n<p>Der Werkstattrat nimmt Vorschl\u00e4ge zur Verbesserung des Arbeitsschutzes und der r\u00e4umlichen Gestaltung oder zur Anschaffung von Arbeitsmaterialien entgegen und ber\u00e4t diese mit der Werkstattleitung. Er nimmt regelhaft an den Sitzungen des Arbeitssicherheitsausschusses teil.<\/p>\n<p>Er beruft und moderiert zusammen mit der Werkstattleitung die Vollversammlungen der Werkstatt. Unterst\u00fctzt wird der Werkstattrat durch eine von ihm bestimmte Vertrauensperson.[\/vc_column_text][vc_column_text css=&#8220;.vc_custom_1731926533167{padding-top: 5px !important;padding-right: 5px !important;padding-bottom: 5px !important;padding-left: 5px !important;}&#8220;]Unser Werkstattrat ist Mitglied in der Landesarbeitsgemeinschaft der Werkstattr\u00e4te in Hessen. Im Rahmen einer \u00fcberregionalen Vernetzung nimmt er regelm\u00e4\u00dfig an verschiedenen Gremien und Fortbildungen teil.<\/p>\n<p><strong>Aktuelle Mitglieder:<\/strong><\/p>\n<ul>\n<li>Marc Crone (Vorsitzender) \/ Abteilung B\u00fcro &amp; Druck Wetzlar<\/li>\n<li>David Lipfert (stellvertretender Vorsitzender) \/ Abteilung B\u00fcro &amp; Druck Wetzlar<\/li>\n<li>Oliver Keller (Schriftf\u00fchrer) \/ Abteilung B\u00fcro &amp; Druck Wetzlar<\/li>\n<\/ul>\n<p>&nbsp;<\/p>\n<p><strong>Aushangpflichtige Gesetzestexte:<\/strong><\/p>\n<p>Die Aushangpflichtigen Gesetzestexte stehen ab sofort allen WfbM-Besch\u00e4ftigten online in der jeweils aktuellsten Version unter folgendem Direktlink zur Verf\u00fcgung:<\/p>\n<p><strong><a href=\"https:\/\/ahg-digital.haufe.de\/uuid\/0e14f9d5-d76d-49d4-9e70-f7dcb39535ee\">&gt;&gt; bitte hier klicken<\/a><\/strong>[\/vc_column_text][\/vc_column][vc_column width=&#8220;1\/3&#8243;][vc_single_image image=&#8220;363&#8243; img_size=&#8220;full&#8220; onclick=&#8220;link_image&#8220;][vc_column_text css=&#8220;.vc_custom_1588506183955{padding-top: 5px !important;padding-right: 5px !important;padding-bottom: 5px !important;padding-left: 5px !important;}&#8220;]<\/p>\n<h2>Erreichbarkeit:<\/h2>\n<p>Der Werkstattrat ist w\u00e4hrend unserer \u00d6ffnungszeiten erreichbar:<\/p>\n<ul>\n<li><strong>Montag &#8211; Donnerstag:<\/strong> 07:30 \u2013 15:30 Uhr<\/li>\n<li><strong>Freitag:<\/strong> 07:30 \u2013 12:30 Uhr<\/li>\n<li><strong>Telefon:<\/strong> 06441 9013-200<\/li>\n<li><strong>E-Mail:<\/strong> <a href=\"&#109;a&#x69;l&#x74;o&#x3a;w&#x65;r&#x6b;s&#x74;&#97;&#x74;&#116;&#x72;&#97;&#x74;&#64;&#x64;&#105;&#x61;&#107;&#x6f;&#110;i&#x65;-&#x6c;a&#x68;n&#x2d;d&#x69;l&#x6c;&#46;&#x64;&#101;\">&#119;&#x65;&#x72;k&#115;&#x74;&#x61;t&#116;&#x72;a&#116;&#x40;&#x64;i&#97;&#x6b;o&#110;&#x69;&#x65;-&#108;&#x61;&#x68;&#110;&#x2d;&#x64;i&#108;&#x6c;&#x2e;d&#101;<\/a><\/li>\n<\/ul>\n<p>Au\u00dferdem ist eine Mitteilung \u00fcber die \u201eKummerk\u00e4sten\u201c m\u00f6glich. Diese befinden sich in Wetzlar im Geb\u00e4ude Westendstra\u00dfe 13 unten im Flur zur Caf\u00e9teria, im Geb\u00e4ude Am Schmittenberg 12 im ersten Eingang neben dem Zeiterfassungsterminal und in Weilburg im Eingangsbereich.[\/vc_column_text][\/vc_column][\/vc_row][vc_row][vc_column width=&#8220;1\/3&#8243;][\/vc_column][vc_column width=&#8220;1\/3&#8243;][vc_empty_space][vc_btn title=&#8220;zur\u00fcck zur \u00dcbersicht&#8220; style=&#8220;outline&#8220; shape=&#8220;square&#8220; color=&#8220;black&#8220; align=&#8220;center&#8220; i_icon_fontawesome=&#8220;fas fa-reply-all&#8220; add_icon=&#8220;true&#8220; link=&#8220;url:https%3A%2F%2Fdiakonie-lahn-dill.de%2Fwfbm%2Fangebote-fuer-psychisch-erkrankte-menschen%2F|title:zur%C3%BCck%20zur%20%C3%9Cbersicht&#8220;][\/vc_column][vc_column width=&#8220;1\/3&#8243;][\/vc_column][\/vc_row]<\/p>\n<\/div>","protected":false},"excerpt":{"rendered":"<p>[vc_row][vc_column width=&#8220;2\/3&#8243;][vc_column_text css=&#8220;.vc_custom_1611423132744{padding-top: 5px !important;padding-right: 5px !important;padding-bottom: 5px !important;padding-left: 5px !important;}&#8220;]Der Werkstattrat hat die Aufgabe, die Interessen der Besch\u00e4ftigten vor der Werkstattleitung, dem Sozialdienst und der Gruppenleitung zu vertreten. Gew\u00e4hlt wird der Werkstattrat alle 4 Jahre von den Besch\u00e4ftigten des Arbeitsbereiches. Rechtliche Grundlage ist die bundesweit geltende Diakonie-Werkst\u00e4ttenmitwirkungsverordnung (DWMVO). Diese regelt die Mitbestimmungsrechte und Mitwirkungspflichten&hellip;<\/p>\n","protected":false},"author":1,"featured_media":0,"parent":80,"menu_order":60,"comment_status":"closed","ping_status":"closed","template":"","meta":{"footnotes":""},"class_list":["post-247","page","type-page","status-publish","hentry","description-off"],"publishpress_future_action":{"enabled":false,"date":"2026-04-20 17:43:40","action":"change-status","newStatus":"draft","terms":[],"taxonomy":"","extraData":[]},"publishpress_future_workflow_manual_trigger":{"enabledWorkflows":[]},"_links":{"self":[{"href":"https:\/\/diakonie-lahn-dill.de\/wfbm\/wp-json\/wp\/v2\/pages\/247","targetHints":{"allow":["GET"]}}],"collection":[{"href":"https:\/\/diakonie-lahn-dill.de\/wfbm\/wp-json\/wp\/v2\/pages"}],"about":[{"href":"https:\/\/diakonie-lahn-dill.de\/wfbm\/wp-json\/wp\/v2\/types\/page"}],"author":[{"embeddable":true,"href":"https:\/\/diakonie-lahn-dill.de\/wfbm\/wp-json\/wp\/v2\/users\/1"}],"replies":[{"embeddable":true,"href":"https:\/\/diakonie-lahn-dill.de\/wfbm\/wp-json\/wp\/v2\/comments?post=247"}],"version-history":[{"count":4,"href":"https:\/\/diakonie-lahn-dill.de\/wfbm\/wp-json\/wp\/v2\/pages\/247\/revisions"}],"predecessor-version":[{"id":650,"href":"https:\/\/diakonie-lahn-dill.de\/wfbm\/wp-json\/wp\/v2\/pages\/247\/revisions\/650"}],"up":[{"embeddable":true,"href":"https:\/\/diakonie-lahn-dill.de\/wfbm\/wp-json\/wp\/v2\/pages\/80"}],"wp:attachment":[{"href":"https:\/\/diakonie-lahn-dill.de\/wfbm\/wp-json\/wp\/v2\/media?parent=247"}],"curies":[{"name":"wp","href":"https:\/\/api.w.org\/{rel}","templated":true}]}}