{"id":253,"date":"2020-05-03T13:50:28","date_gmt":"2020-05-03T11:50:28","guid":{"rendered":"https:\/\/www.sondermann-marketing.de\/kunden\/stephanuswerkstatt\/?page_id=253"},"modified":"2023-10-23T17:19:46","modified_gmt":"2023-10-23T15:19:46","slug":"frauenbeauftragte","status":"publish","type":"page","link":"https:\/\/diakonie-lahn-dill.de\/wfbm\/angebote-fuer-psychisch-erkrankte-menschen\/frauenbeauftragte\/","title":{"rendered":"Frauenbeauftragte"},"content":{"rendered":"<div class=\"wpb-content-wrapper\"><p>[vc_row][vc_column width=&#8220;2\/3&#8243;][vc_column_text css=&#8220;.vc_custom_1611423184980{padding-top: 5px !important;padding-right: 5px !important;padding-bottom: 5px !important;padding-left: 5px !important;}&#8220;]Das Bundesministerium f\u00fcr Arbeit und Soziales hat Frauenbeauftragte zum festen Bestandteil von Werkst\u00e4tten gemacht. In 2017 wurden deshalb nicht nur die Werkstattr\u00e4te neu gew\u00e4hlt, sondern erstmals auch Frauenbeauftragte. Mit der Einf\u00fchrung von Frauenbeauftragten in Werkst\u00e4tten macht der Gesetzgeber deutlich, dass er sich f\u00fcr die Vorbeugung von Diskriminierung und Gewalt stark macht und den eingeschlagenen Weg zur Selbstbestimmung konsequent weitergeht. Rechtliche Grundlage ist die bundesweit geltende Diakonie-Werkst\u00e4ttenmitwirkungsverordnung (DWMVO). Diese regelt die Mitbestimmungsrechte und Mitwirkungspflichten der Frauenbeauftragten.[\/vc_column_text][vc_column_text css=&#8220;.vc_custom_1698074376658{padding-top: 5px !important;padding-right: 5px !important;padding-bottom: 5px !important;padding-left: 5px !important;}&#8220;]<\/p>\n<h2>Aufgaben<\/h2>\n<p>Als Ansprechpartnerinnen auf Augenh\u00f6he sollen Frauenbeauftragte die Rechte von weiblichen Werkstattbesch\u00e4ftigten in den Bereichen Gleichstellung von M\u00e4nnern und Frauen, Vereinbarkeit von Familie und Besch\u00e4ftigung und Schutz vor k\u00f6rperlicher, sexueller und psychischer Gewalt vertreten. Sie sollen die weiblichen Werkstattbesch\u00e4ftigten \u00fcber ihre Rechte informieren und dazu bef\u00e4higen Grenz\u00fcberschreitungen jeglicher Art zu erkennen. Gleichzeitig geh\u00f6rt es zu ihren Aufgaben, im Austausch mit Werkstattleitung und Werkstattrat die Interessen dieser Frauen zu vertreten. Die Einbindung der Frauenbeauftragten in die Arbeit der Werkstattleitung und die des Werkstattrates ist eine wichtige Voraussetzung f\u00fcr eine erfolgreiche Zusammenarbeit. Ebenso wichtig sind Vertrauenspersonen \u2013 sogenannte Unterst\u00fctzerinnen, die die Frauenbeauftragten bei der Wahrnehmung ihrer Aufgaben unterst\u00fctzen.<br \/>\n<strong><br \/>\nAktuelle Frauenbeauftragte:<\/strong><\/p>\n<ul>\n<li>Kerstin Bernhardt \/ Abteilung B\u00fcro &amp; Druck Wetzlar<\/li>\n<li>Anja M\u00fcller (Stellvertretung) \/ Abteilung Montage Weilburg<\/li>\n<\/ul>\n<p>[\/vc_column_text][\/vc_column][vc_column width=&#8220;1\/3&#8243;][vc_single_image image=&#8220;368&#8243; img_size=&#8220;full&#8220; onclick=&#8220;link_image&#8220;][vc_column_text css=&#8220;.vc_custom_1588506620611{padding-top: 5px !important;padding-right: 5px !important;padding-bottom: 5px !important;padding-left: 5px !important;}&#8220;]<\/p>\n<h2>Erreichbarkeit:<\/h2>\n<p>Die Frauenbeauftragte ist w\u00e4hrend unserer \u00d6ffnungszeiten erreichbar:<\/p>\n<ul>\n<li><strong>Montag \u2013 Donnerstag:<\/strong> 07:30 \u2013 15.30 Uhr<\/li>\n<li><strong>Freitag:<\/strong> 07:30 \u2013 12:30 Uhr<\/li>\n<li><strong>Telefon:<\/strong> 06441 9013-200<\/li>\n<li><strong>E-Mail:<\/strong> <a href=\"&#109;&#x61;&#105;&#x6c;t&#111;&#x3a;&#102;&#x72;a&#x75;e&#110;&#x62;&#101;&#x61;u&#x66;&#x74;&#114;&#x61;g&#x74;e&#45;&#x77;&#102;&#x62;m&#x40;d&#105;&#x61;&#107;&#x6f;n&#105;&#x65;&#45;&#x6c;a&#x68;n&#45;&#x64;&#105;&#x6c;l&#x2e;&#x64;&#101;\">&#102;&#x72;&#97;&#x75;e&#110;&#x62;&#101;&#x61;u&#x66;t&#114;&#x61;&#103;&#x74;e&#x2d;&#x77;&#102;&#x62;m&#x40;d&#105;&#x61;&#107;&#x6f;n&#x69;e&#45;&#x6c;&#97;&#x68;n&#45;&#x64;&#105;&#x6c;l&#x2e;d&#101;<\/a><\/li>\n<\/ul>\n<p>Au\u00dferdem ist eine Mitteilung \u00fcber die \u201eKummerk\u00e4sten\u201c m\u00f6glich. Diese befinden sich in Wetzlar im Geb\u00e4ude Westendstra\u00dfe 13 unten im Flur zur Caf\u00e9teria, im Geb\u00e4ude Am Schmittenberg 12 im ersten Eingang neben dem Zeiterfassungsterminal und in Weilburg im Eingangsbereich. Bitte im verschlossenen Umschlag an die Frauenbeauftragte adressieren.[\/vc_column_text][\/vc_column][\/vc_row][vc_row][vc_column width=&#8220;1\/3&#8243;][\/vc_column][vc_column width=&#8220;1\/3&#8243;][vc_empty_space][vc_btn title=&#8220;zur\u00fcck zur \u00dcbersicht&#8220; style=&#8220;outline&#8220; shape=&#8220;square&#8220; color=&#8220;black&#8220; align=&#8220;center&#8220; i_icon_fontawesome=&#8220;fas fa-reply-all&#8220; add_icon=&#8220;true&#8220; link=&#8220;url:https%3A%2F%2Fdiakonie-lahn-dill.de%2Fwfbm%2Fangebote-fuer-psychisch-erkrankte-menschen%2F|title:zur%C3%BCck%20zur%20%C3%9Cbersicht&#8220;][\/vc_column][vc_column width=&#8220;1\/3&#8243;][\/vc_column][\/vc_row]<\/p>\n<\/div>","protected":false},"excerpt":{"rendered":"<p>[vc_row][vc_column width=&#8220;2\/3&#8243;][vc_column_text css=&#8220;.vc_custom_1611423184980{padding-top: 5px !important;padding-right: 5px !important;padding-bottom: 5px !important;padding-left: 5px !important;}&#8220;]Das Bundesministerium f\u00fcr Arbeit und Soziales hat Frauenbeauftragte zum festen Bestandteil von Werkst\u00e4tten gemacht. In 2017 wurden deshalb nicht nur die Werkstattr\u00e4te neu gew\u00e4hlt, sondern erstmals auch Frauenbeauftragte. Mit der Einf\u00fchrung von Frauenbeauftragten in Werkst\u00e4tten macht der Gesetzgeber deutlich, dass er sich f\u00fcr die Vorbeugung&hellip;<\/p>\n","protected":false},"author":1,"featured_media":0,"parent":80,"menu_order":70,"comment_status":"closed","ping_status":"closed","template":"","meta":{"footnotes":""},"class_list":["post-253","page","type-page","status-publish","hentry","description-off"],"publishpress_future_action":{"enabled":false,"date":"2026-04-20 17:43:34","action":"change-status","newStatus":"draft","terms":[],"taxonomy":"","extraData":[]},"publishpress_future_workflow_manual_trigger":{"enabledWorkflows":[]},"_links":{"self":[{"href":"https:\/\/diakonie-lahn-dill.de\/wfbm\/wp-json\/wp\/v2\/pages\/253","targetHints":{"allow":["GET"]}}],"collection":[{"href":"https:\/\/diakonie-lahn-dill.de\/wfbm\/wp-json\/wp\/v2\/pages"}],"about":[{"href":"https:\/\/diakonie-lahn-dill.de\/wfbm\/wp-json\/wp\/v2\/types\/page"}],"author":[{"embeddable":true,"href":"https:\/\/diakonie-lahn-dill.de\/wfbm\/wp-json\/wp\/v2\/users\/1"}],"replies":[{"embeddable":true,"href":"https:\/\/diakonie-lahn-dill.de\/wfbm\/wp-json\/wp\/v2\/comments?post=253"}],"version-history":[{"count":2,"href":"https:\/\/diakonie-lahn-dill.de\/wfbm\/wp-json\/wp\/v2\/pages\/253\/revisions"}],"predecessor-version":[{"id":593,"href":"https:\/\/diakonie-lahn-dill.de\/wfbm\/wp-json\/wp\/v2\/pages\/253\/revisions\/593"}],"up":[{"embeddable":true,"href":"https:\/\/diakonie-lahn-dill.de\/wfbm\/wp-json\/wp\/v2\/pages\/80"}],"wp:attachment":[{"href":"https:\/\/diakonie-lahn-dill.de\/wfbm\/wp-json\/wp\/v2\/media?parent=253"}],"curies":[{"name":"wp","href":"https:\/\/api.w.org\/{rel}","templated":true}]}}