{"id":26,"date":"2020-05-01T18:40:26","date_gmt":"2020-05-01T16:40:26","guid":{"rendered":"https:\/\/www.sondermann-marketing.de\/kunden\/stephanuswerkstatt\/?page_id=26"},"modified":"2022-07-24T10:15:00","modified_gmt":"2022-07-24T08:15:00","slug":"sitemap","status":"publish","type":"page","link":"https:\/\/diakonie-lahn-dill.de\/wfbm\/sitemap\/","title":{"rendered":"Sitemap"},"content":{"rendered":"<div id=\"simple-sitemap-container-69d495b528fd6\" class=\"simple-sitemap-container simple-sitemap-container-69d495b528fd6 tab-disabled\"><div class=\"simple-sitemap-wrap\"><h3 class=\"post-type\">Seiten<\/h3><ul class=\"simple-sitemap-page main\"><li class=\"sitemap-item page_item page-item-381\"><a href=\"https:\/\/diakonie-lahn-dill.de\/wfbm\/\">Start<\/a><\/li>\n<li class=\"sitemap-item page_item page-item-14 page_item_has_children\"><a href=\"https:\/\/diakonie-lahn-dill.de\/wfbm\/ueber-uns\/\">Wir \u00fcber uns<\/a>\n<ul class='children'>\n\t<li class=\"sitemap-item page_item page-item-37\"><a href=\"https:\/\/diakonie-lahn-dill.de\/wfbm\/ueber-uns\/historie\/\">Historie<\/a><\/li>\n\t<li class=\"sitemap-item page_item page-item-40\"><a href=\"https:\/\/diakonie-lahn-dill.de\/wfbm\/ueber-uns\/leitbild\/\">Leitbild<\/a><\/li>\n\t<li class=\"sitemap-item page_item page-item-64\"><a href=\"https:\/\/diakonie-lahn-dill.de\/wfbm\/ueber-uns\/qualitaetspolitik\/\">Qualit\u00e4tspolitik<\/a><\/li>\n<\/ul>\n<\/li>\n<li class=\"sitemap-item page_item page-item-80 page_item_has_children\"><a href=\"https:\/\/diakonie-lahn-dill.de\/wfbm\/angebote-fuer-psychisch-erkrankte-menschen\/\">Angebote f\u00fcr psychisch erkrankte Menschen<\/a>\n<ul class='children'>\n\t<li class=\"sitemap-item page_item page-item-203\"><a href=\"https:\/\/diakonie-lahn-dill.de\/wfbm\/angebote-fuer-psychisch-erkrankte-menschen\/eingangsverfahren-berufsbildungsbereich-bbb\/\">Berufsbildungsbereich<\/a><\/li>\n\t<li class=\"sitemap-item page_item page-item-213\"><a href=\"https:\/\/diakonie-lahn-dill.de\/wfbm\/angebote-fuer-psychisch-erkrankte-menschen\/arbeitsbereich\/\">Arbeitsbereich<\/a><\/li>\n\t<li class=\"sitemap-item page_item page-item-227\"><a href=\"https:\/\/diakonie-lahn-dill.de\/wfbm\/angebote-fuer-psychisch-erkrankte-menschen\/betriebsintegrierte-beschaeftigungsplaetze\/\">Betriebsintegrierte Besch\u00e4ftigungspl\u00e4tze<\/a><\/li>\n\t<li class=\"sitemap-item page_item page-item-233\"><a href=\"https:\/\/diakonie-lahn-dill.de\/wfbm\/angebote-fuer-psychisch-erkrankte-menschen\/antragstellung\/\">Antragstellung<\/a><\/li>\n\t<li class=\"sitemap-item page_item page-item-240\"><a href=\"https:\/\/diakonie-lahn-dill.de\/wfbm\/angebote-fuer-psychisch-erkrankte-menschen\/arbeitsbegleitende-massnahmen-und-freizeiten\/\">Arbeitsbegleitende Ma\u00dfnahmen und Freizeiten<\/a><\/li>\n\t<li class=\"sitemap-item page_item page-item-247\"><a href=\"https:\/\/diakonie-lahn-dill.de\/wfbm\/angebote-fuer-psychisch-erkrankte-menschen\/werkstattrat\/\">Werkstattrat<\/a><\/li>\n\t<li class=\"sitemap-item page_item page-item-253\"><a href=\"https:\/\/diakonie-lahn-dill.de\/wfbm\/angebote-fuer-psychisch-erkrankte-menschen\/frauenbeauftragte\/\">Frauenbeauftragte<\/a><\/li>\n<\/ul>\n<\/li>\n<li class=\"sitemap-item page_item page-item-87 page_item_has_children\"><a href=\"https:\/\/diakonie-lahn-dill.de\/wfbm\/angebote-fuer-geschaefts-und-privatkunden\/\">Angebote f\u00fcr Gesch\u00e4fts- und Privatkunden<\/a>\n<ul class='children'>\n\t<li class=\"sitemap-item page_item page-item-107\"><a href=\"https:\/\/diakonie-lahn-dill.de\/wfbm\/angebote-fuer-geschaefts-und-privatkunden\/montage\/\">Montage<\/a><\/li>\n\t<li class=\"sitemap-item page_item page-item-126\"><a href=\"https:\/\/diakonie-lahn-dill.de\/wfbm\/angebote-fuer-geschaefts-und-privatkunden\/buerodienstleistungen\/\">B\u00fcrodienstleistung<\/a><\/li>\n\t<li class=\"sitemap-item page_item page-item-137\"><a href=\"https:\/\/diakonie-lahn-dill.de\/wfbm\/angebote-fuer-geschaefts-und-privatkunden\/druckerei\/\">Druckerei<\/a><\/li>\n\t<li class=\"sitemap-item page_item page-item-150\"><a href=\"https:\/\/diakonie-lahn-dill.de\/wfbm\/angebote-fuer-geschaefts-und-privatkunden\/textil-und-werbedruck\/\">Werbetechnik<\/a><\/li>\n\t<li class=\"sitemap-item page_item page-item-159\"><a href=\"https:\/\/diakonie-lahn-dill.de\/wfbm\/angebote-fuer-geschaefts-und-privatkunden\/hauswirtschaft\/\">Hauswirtschaft<\/a><\/li>\n\t<li class=\"sitemap-item page_item page-item-272\"><a href=\"https:\/\/diakonie-lahn-dill.de\/wfbm\/angebote-fuer-geschaefts-und-privatkunden\/abstauber\/\">Projekt \"ABSTAUBER\"<\/a><\/li>\n<\/ul>\n<\/li>\n<li class=\"sitemap-item page_item page-item-75\"><a href=\"https:\/\/diakonie-lahn-dill.de\/wfbm\/kooperationspartner\/\">Kooperationspartner<\/a><\/li>\n<li class=\"sitemap-item page_item page-item-11\"><a href=\"https:\/\/diakonie-lahn-dill.de\/wfbm\/kontakt\/\">Kontakt<\/a><\/li>\n<li class=\"sitemap-item page_item page-item-382\"><a href=\"https:\/\/diakonie-lahn-dill.de\/wfbm\/datenschutzerklaerung\/\">Datenschutzerkl\u00e4rung<\/a><\/li>\n<li class=\"sitemap-item page_item page-item-9\"><a href=\"https:\/\/diakonie-lahn-dill.de\/wfbm\/impressum\/\">Impressum<\/a><\/li>\n<li class=\"sitemap-item page_item page-item-26\"><a href=\"https:\/\/diakonie-lahn-dill.de\/wfbm\/sitemap\/\">Sitemap<\/a><\/li>\n<\/ul><\/div><\/div><br style=\"clear: both;\">\n","protected":false},"excerpt":{"rendered":"<p>SeitenStart Wir \u00fcber uns Historie Leitbild Qualit\u00e4tspolitik Angebote f\u00fcr psychisch erkrankte Menschen Berufsbildungsbereich Arbeitsbereich Betriebsintegrierte Besch\u00e4ftigungspl\u00e4tze Antragstellung Arbeitsbegleitende Ma\u00dfnahmen und Freizeiten Werkstattrat Frauenbeauftragte Angebote f\u00fcr Gesch\u00e4fts- und Privatkunden Montage B\u00fcrodienstleistung Druckerei Werbetechnik Hauswirtschaft Projekt &#8222;ABSTAUBER&#8220; Kooperationspartner Kontakt Datenschutzerkl\u00e4rung Impressum Sitemap<\/p>\n","protected":false},"author":1,"featured_media":0,"parent":0,"menu_order":80,"comment_status":"closed","ping_status":"closed","template":"","meta":{"footnotes":""},"class_list":["post-26","page","type-page","status-publish","hentry","description-off"],"publishpress_future_action":{"enabled":false,"date":"2026-04-14 07:27:17","action":"change-status","newStatus":"draft","terms":[],"taxonomy":"","extraData":[]},"publishpress_future_workflow_manual_trigger":{"enabledWorkflows":[]},"_links":{"self":[{"href":"https:\/\/diakonie-lahn-dill.de\/wfbm\/wp-json\/wp\/v2\/pages\/26","targetHints":{"allow":["GET"]}}],"collection":[{"href":"https:\/\/diakonie-lahn-dill.de\/wfbm\/wp-json\/wp\/v2\/pages"}],"about":[{"href":"https:\/\/diakonie-lahn-dill.de\/wfbm\/wp-json\/wp\/v2\/types\/page"}],"author":[{"embeddable":true,"href":"https:\/\/diakonie-lahn-dill.de\/wfbm\/wp-json\/wp\/v2\/users\/1"}],"replies":[{"embeddable":true,"href":"https:\/\/diakonie-lahn-dill.de\/wfbm\/wp-json\/wp\/v2\/comments?post=26"}],"version-history":[{"count":2,"href":"https:\/\/diakonie-lahn-dill.de\/wfbm\/wp-json\/wp\/v2\/pages\/26\/revisions"}],"predecessor-version":[{"id":539,"href":"https:\/\/diakonie-lahn-dill.de\/wfbm\/wp-json\/wp\/v2\/pages\/26\/revisions\/539"}],"wp:attachment":[{"href":"https:\/\/diakonie-lahn-dill.de\/wfbm\/wp-json\/wp\/v2\/media?parent=26"}],"curies":[{"name":"wp","href":"https:\/\/api.w.org\/{rel}","templated":true}]}}