{"id":272,"date":"2020-05-25T17:22:28","date_gmt":"2020-05-25T15:22:28","guid":{"rendered":"https:\/\/www.sondermann-marketing.de\/kunden\/stephanuswerkstatt\/?page_id=272"},"modified":"2024-11-18T11:31:13","modified_gmt":"2024-11-18T10:31:13","slug":"abstauber","status":"publish","type":"page","link":"https:\/\/diakonie-lahn-dill.de\/wfbm\/angebote-fuer-geschaefts-und-privatkunden\/abstauber\/","title":{"rendered":"Projekt &#8222;ABSTAUBER&#8220;"},"content":{"rendered":"<div class=\"wpb-content-wrapper\"><p>[vc_row][vc_column][vc_column_text css=&#8220;.vc_custom_1590419725280{padding-top: 5px !important;padding-right: 5px !important;padding-bottom: 5px !important;padding-left: 5px !important;}&#8220;]<\/p>\n<h2>&#8222;Abstauber&#8220; &#8211; Ein Projekt der Stephanus Werkstatt<\/h2>\n<p>[\/vc_column_text][\/vc_column][\/vc_row][vc_row][vc_column width=&#8220;2\/3&#8243;][vc_column_text css=&#8220;.vc_custom_1692357644205{padding-top: 5px !important;padding-right: 5px !important;padding-bottom: 5px !important;padding-left: 5px !important;}&#8220;]Gut erhaltenen gebrauchten B\u00fcchern eine 2. Chance geben. Das machen wir in Form unseres Online-Shops auf <a href=\"http:\/\/www.booklooker.de\" target=\"_blank\" rel=\"noopener\">booklooker.de<\/a> unter dem Shop-Namen <a href=\"http:\/\/www.booklooker.de\/abstauber\" target=\"_blank\" rel=\"noopener\">&#8222;ABSTAUBER&#8220;<\/a>. Wir verkaufen dort gut erhaltene, gebrauchte B\u00fccher. Die Buchspenden erhalten wir aus der Bev\u00f6lkerung.[\/vc_column_text][\/vc_column][vc_column width=&#8220;1\/3&#8243;][vc_single_image image=&#8220;140&#8243; img_size=&#8220;full&#8220; onclick=&#8220;custom_link&#8220; img_link_target=&#8220;_blank&#8220; link=&#8220;https:\/\/www.booklooker.de\/abstauber&#8220;][vc_column_text css=&#8220;.vc_custom_1692361501485{margin-top: -20px !important;}&#8220;]<\/p>\n<p style=\"text-align: center;\"><a href=\"https:\/\/www.booklooker.de\/abstauber\" target=\"_blank\" rel=\"noopener\"><strong>Hier geht\u2019s direkt zum Shop&#8230;<\/strong><\/a><\/p>\n<p>[\/vc_column_text][\/vc_column][\/vc_row][vc_row][vc_column][vc_column_text css=&#8220;.vc_custom_1692355583366{padding-top: 5px !important;padding-right: 5px !important;padding-bottom: 5px !important;padding-left: 5px !important;}&#8220;]Das Projekt geschieht mit Unterst\u00fctzung des Franchise-Gebers <a href=\"http:\/\/www.buch-meister.de\" target=\"_blank\" rel=\"noopener noreferrer\">buch-meister.de<\/a>, der hierf\u00fcr ein spezielles Konzept f\u00fcr Werkst\u00e4tten f\u00fcr behinderte Menschen entwickelt und unsere Besch\u00e4ftigten vor Ort geschult hat. Dadurch schaffen wir f\u00fcr unsere Besch\u00e4ftigten attraktive Arbeitsangebote in den Bereichen B\u00fccher vorsortieren, Erfassen, Archivieren, Bestellabwicklung und Versand. Sie wirken mit hohem Engagement und Stolz an diesem \u00f6ffentlichkeitswirksamen Projekt mit.[\/vc_column_text][vc_row_inner][vc_column_inner width=&#8220;2\/3&#8243;][vc_column_text css=&#8220;.vc_custom_1692361366141{padding-top: 5px !important;padding-right: 5px !important;padding-bottom: 5px !important;padding-left: 5px !important;}&#8220;]B\u00fccherspenden, die sich nicht mehr f\u00fcr den Online-Verkauf eignen, verwenden wir f\u00fcr die Best\u00fcckung \u00f6ffentlicher B\u00fccherschr\u00e4nke, wie z. B. im Eingangsbereich von <a href=\"https:\/\/www.ikea.com\/de\/de\/stores\/wetzlar\/\" target=\"_blank\" rel=\"noopener noreferrer\">IKEA Wetzlar<\/a> oder im <a href=\"https:\/\/diakonie-lahn-dill.de\/wir-fuer-sie\/angebote-im-sozialraum\/nachbarschaftszentrum-niedergirmes\" target=\"_blank\" rel=\"noopener noreferrer\">Nachbarschaftszentrum Niedergirmes<\/a>.[\/vc_column_text][vc_column_text css=&#8220;.vc_custom_1692361376425{padding-top: 5px !important;padding-right: 5px !important;padding-bottom: 5px !important;padding-left: 5px !important;}&#8220;]Zudem ist in Zusammenarbeit mit der Stadt Wetzlar und der Stadtbibliothek Wetzlar und mit finanzieller Unterst\u00fctzung der <a href=\"https:\/\/www.rittal-foundation.de\/\" target=\"_blank\" rel=\"noopener\">Rittal Foundation<\/a> ein <a href=\"https:\/\/goo.gl\/maps\/VPN8MZWBQqBCSQRh7\" target=\"_blank\" rel=\"noopener\">offener B\u00fccherschrank<\/a> im hinteren Bereich der Hospitalkirche an der alten Lahnbr\u00fccke in der Wetzlarer Altstadt entstanden, der von der Bev\u00f6lkerung sehr gut angenommen wird. Besch\u00e4ftigte der Stephanus Werkstatt fahren die B\u00fccherschr\u00e4nke regelm\u00e4\u00dfig an, um sie mit neuen B\u00fcchern zu best\u00fccken und in Ordnung zu halten.[\/vc_column_text][\/vc_column_inner][vc_column_inner width=&#8220;1\/3&#8243;][vc_single_image image=&#8220;574&#8243; img_size=&#8220;full&#8220; onclick=&#8220;link_image&#8220;][\/vc_column_inner][\/vc_row_inner][vc_empty_space][\/vc_column][\/vc_row][vc_row][vc_column][vc_empty_space][vc_separator color=&#8220;custom&#8220; accent_color=&#8220;#1c628f&#8220;][vc_empty_space][\/vc_column][\/vc_row][vc_row][vc_column][vc_column_text css=&#8220;.vc_custom_1590419871344{padding-top: 5px !important;padding-right: 5px !important;padding-bottom: 5px !important;padding-left: 5px !important;}&#8220;]<\/p>\n<h2>Wir ben\u00f6tigen Ihre Sachspende<\/h2>\n<p>[\/vc_column_text][vc_column_text css=&#8220;.vc_custom_1731925840926{padding-top: 5px !important;padding-right: 5px !important;padding-bottom: 5px !important;padding-left: 5px !important;}&#8220;]Ihre aussortierten B\u00fccher k\u00f6nnen von<\/p>\n<ul>\n<li>Montag \u2013 Donnerstag von 08.00 \u2013 12.00 Uhr und 13.00 -15.00 Uhr sowie<\/li>\n<li>Freitag von 08.00 \u2013 12:00 Uhr<\/li>\n<\/ul>\n<p>in der Stephanus Werkstatt, Am Schmittenberg 12, 35578 Wetzlar oder Viehweg 19, 35781 Weilburg\u00a0abgegeben werden.<\/p>\n<p>Bitte die B\u00fccher wenn m\u00f6glich in Bananenkisten oder andere stabile Kartons packen. Bitte stellen Sie keine gr\u00f6\u00dferen Mengen in die offenen B\u00fccherschr\u00e4nke. Darum k\u00fcmmern wir uns.<\/p>\n<p><strong>Wichtiger Hinweis:<\/strong> Da wir in j\u00fcngster Vergangenheit B\u00fccherspenden erhalten haben, die wir direkt entsorgen mussten, m\u00f6chten wir Sie auf folgende Annahme-Kriterien hinweisen:<\/p>\n<ul>\n<li>Bitte beachten Sie, dass wir nur B\u00fccher in einem guten, lesbaren und wieder verwertbarem Zustand annehmen.<\/li>\n<li>B\u00fccher mit Wassersch\u00e4den und Verunreinigungen werden nicht angenommen.<\/li>\n<li>Gesetzestexte, alte Lexika, Duden, Fachb\u00fccher und Zeitschriften werden nicht mehr angenommen.<\/li>\n<li>Ebenso k\u00f6nnen wir nur B\u00fccher mit einer gewissen Aktualit\u00e4t annehmen und verwerten.<\/li>\n<\/ul>\n<p>Wir freuen uns \u00fcber zahlreiche Spenden! Vielen Dank f\u00fcr Ihre Unterst\u00fctzung. Sie leisten damit einen wertvollen gesellschaftlichen Beitrag f\u00fcr die Arbeit mit psychisch erkrankten Menschen und f\u00fcr die Nachhaltigkeit. Bitte leiten Sie diese Infos doch auch an Freunde, Verwandte, Kollegen oder Nachbarn weiter.<\/p>\n<p>Wenn Sie Fragen zum &#8222;Abstauber-Projekt&#8220; haben, k\u00f6nnen Sie sich gerne an uns wenden.[\/vc_column_text][vc_empty_space][\/vc_column][\/vc_row][vc_row][vc_column width=&#8220;1\/3&#8243;][vc_column_text]<\/p>\n<h2>Ansprechpartner:<\/h2>\n<ul>\n<li>Benjamin Roth (Werkstattleiter)<br \/>\nTelefon 06441 9013-200<br \/>\nE-Mail: <a href=\"&#x6d;&#97;i&#x6c;&#116;&#111;&#x3a;&#x61;&#98;s&#x74;&#97;u&#x62;&#x65;&#114;&#64;&#x64;&#105;a&#x6b;&#x6f;&#110;i&#x65;&#45;l&#x61;&#x68;&#110;-&#x64;&#105;l&#x6c;&#x2e;&#100;&#x65;\">&#x61;&#x62;&#115;t&#x61;&#x75;&#x62;&#101;r&#x40;&#x64;&#x69;&#97;k&#x6f;&#x6e;&#x69;&#101;-&#x6c;&#x61;&#x68;&#110;-&#x64;&#x69;&#x6c;&#108;&#46;&#x64;&#x65;<\/a><\/li>\n<\/ul>\n<p>[\/vc_column_text][vc_empty_space][\/vc_column][\/vc_row][vc_row][vc_column width=&#8220;1\/3&#8243;][\/vc_column][vc_column width=&#8220;1\/3&#8243;][vc_empty_space][vc_btn title=&#8220;zur\u00fcck zur \u00dcbersicht&#8220; style=&#8220;outline&#8220; shape=&#8220;square&#8220; color=&#8220;black&#8220; align=&#8220;center&#8220; i_icon_fontawesome=&#8220;fas fa-reply-all&#8220; add_icon=&#8220;true&#8220; link=&#8220;url:https%3A%2F%2Fdiakonie-lahn-dill.de%2Fwfbm%2Fangebote-fuer-geschaefts-und-privatkunden%2F|title:zur%C3%BCck%20zur%20%C3%9Cbersicht&#8220;][\/vc_column][vc_column width=&#8220;1\/3&#8243;][\/vc_column][\/vc_row]<\/p>\n<\/div>","protected":false},"excerpt":{"rendered":"<p>[vc_row][vc_column][vc_column_text css=&#8220;.vc_custom_1590419725280{padding-top: 5px !important;padding-right: 5px !important;padding-bottom: 5px !important;padding-left: 5px !important;}&#8220;] &#8222;Abstauber&#8220; &#8211; Ein Projekt der Stephanus Werkstatt [\/vc_column_text][\/vc_column][\/vc_row][vc_row][vc_column width=&#8220;2\/3&#8243;][vc_column_text css=&#8220;.vc_custom_1692357644205{padding-top: 5px !important;padding-right: 5px !important;padding-bottom: 5px !important;padding-left: 5px !important;}&#8220;]Gut erhaltenen gebrauchten B\u00fcchern eine 2. Chance geben. Das machen wir in Form unseres Online-Shops auf booklooker.de unter dem Shop-Namen &#8222;ABSTAUBER&#8220;. Wir verkaufen dort gut erhaltene, gebrauchte B\u00fccher.&hellip;<\/p>\n","protected":false},"author":1,"featured_media":0,"parent":87,"menu_order":25,"comment_status":"closed","ping_status":"closed","template":"","meta":{"footnotes":""},"class_list":["post-272","page","type-page","status-publish","hentry","description-off"],"publishpress_future_action":{"enabled":false,"date":"2026-04-20 17:45:02","action":"change-status","newStatus":"draft","terms":[],"taxonomy":"","extraData":[]},"publishpress_future_workflow_manual_trigger":{"enabledWorkflows":[]},"_links":{"self":[{"href":"https:\/\/diakonie-lahn-dill.de\/wfbm\/wp-json\/wp\/v2\/pages\/272","targetHints":{"allow":["GET"]}}],"collection":[{"href":"https:\/\/diakonie-lahn-dill.de\/wfbm\/wp-json\/wp\/v2\/pages"}],"about":[{"href":"https:\/\/diakonie-lahn-dill.de\/wfbm\/wp-json\/wp\/v2\/types\/page"}],"author":[{"embeddable":true,"href":"https:\/\/diakonie-lahn-dill.de\/wfbm\/wp-json\/wp\/v2\/users\/1"}],"replies":[{"embeddable":true,"href":"https:\/\/diakonie-lahn-dill.de\/wfbm\/wp-json\/wp\/v2\/comments?post=272"}],"version-history":[{"count":16,"href":"https:\/\/diakonie-lahn-dill.de\/wfbm\/wp-json\/wp\/v2\/pages\/272\/revisions"}],"predecessor-version":[{"id":649,"href":"https:\/\/diakonie-lahn-dill.de\/wfbm\/wp-json\/wp\/v2\/pages\/272\/revisions\/649"}],"up":[{"embeddable":true,"href":"https:\/\/diakonie-lahn-dill.de\/wfbm\/wp-json\/wp\/v2\/pages\/87"}],"wp:attachment":[{"href":"https:\/\/diakonie-lahn-dill.de\/wfbm\/wp-json\/wp\/v2\/media?parent=272"}],"curies":[{"name":"wp","href":"https:\/\/api.w.org\/{rel}","templated":true}]}}