{"id":37,"date":"2020-05-01T19:19:38","date_gmt":"2020-05-01T17:19:38","guid":{"rendered":"https:\/\/www.sondermann-marketing.de\/kunden\/stephanuswerkstatt\/?page_id=37"},"modified":"2026-02-20T11:49:44","modified_gmt":"2026-02-20T10:49:44","slug":"historie","status":"publish","type":"page","link":"https:\/\/diakonie-lahn-dill.de\/wfbm\/ueber-uns\/historie\/","title":{"rendered":"Historie"},"content":{"rendered":"<div class=\"wpb-content-wrapper\"><p>[vc_row][vc_column][vc_single_image image=&#8220;411&#8243; img_size=&#8220;full&#8220; alignment=&#8220;center&#8220;][\/vc_column][\/vc_row][vc_row][vc_column][vc_column_text]<\/p>\n<h2 class=\"blau\">Historie der Stephanus Werkstatt<\/h2>\n<p>[\/vc_column_text][\/vc_column][\/vc_row][vc_row][vc_column][vc_column_text css=&#8220;&#8220;]<\/p>\n<ul>\n<li><strong>Fr\u00fchjahr 1998: <\/strong>Beschluss des Vorstands des Stephanus Werk e.V. eine Werkstatt f\u00fcr Menschen mit psychischen Erkrankungen zu er\u00f6ffnen.<\/li>\n<li><strong>November 1998: <\/strong>Einstellung des Werkstattleiters Harald Th\u00f6ne.<\/li>\n<li><strong>Fr\u00fchjahr 1999: <\/strong>Kauf eines Geb\u00e4udes in der ehemaligen Sixt-von-Armin-Kaserne in Wetzlar, um darin die Werkstatt einzurichten. Beginn der Umbauarbeiten.<\/li>\n<li><strong>September 1999: <\/strong>Er\u00f6ffnung der Stephanus Werkstatt Wetzlar in der Westendstra\u00dfe 13 mit 40 bewilligten Pl\u00e4tzen. Werkstattleiter, Sozialdienst, 4 Gruppenleiter und 20 psychisch erkrankte Besch\u00e4ftigte begannen den Betrieb.<\/li>\n<li><strong>M\u00e4rz 2002: <\/strong>Erweiterung um 20 zus\u00e4tzliche auf insgesamt 60 Werkstattpl\u00e4tze.<\/li>\n<li><strong>April 2002: <\/strong>Auslagerung der Montageabteilung in ein ehemaliges Autohaus in der Ernst-Leitz-Stra\u00dfe. Einrichtung einer Druckerei in der Westendstra\u00dfe und Einstellung eines Gruppenleiters.<\/li>\n<li><strong>Winter 2003: <\/strong>Beschluss des Vorstands auf Anfrage des LWV Hessen in Weilburg eine Zweigwerkstatt zu errichten.<\/li>\n<li><strong>Herbst 2004: <\/strong>Beginn der Bauarbeiten im Gewerbegebiet Weilburg-Kubach.<br \/>\nEinstellung eines Einrichtungsleiters.<\/li>\n<li><strong>Mai 2005: <\/strong>Einstellung von 2 Gruppenleiterinnen. Inbetriebnahme der Weilburger Werkstatt mit den Arbeitsbereichen Digitaldruck, Textildruck und Montage.<\/li>\n<li><strong>Sommer 2007: <\/strong>Bewilligung von 30 weiteren sowie 10 betriebsintegrierten Pl\u00e4tzen f\u00fcr Wetzlar. Einstellung einer Fachkraft zur Schaffung und Betreuung der betriebsintegrierten Besch\u00e4ftigungspl\u00e4tze.<\/li>\n<li><strong>Sommer 2008: <\/strong>Erste Gespr\u00e4che mit der Firma Yildiz (Vermieter) und dem LWV Hessen bez\u00fcglich einer Werkstatterweiterung in Wetzlar. Geplant ist der Umbau einer ehemaligen Panzerwartungshalle zu einer Werkstatt mit 30 weiteren Pl\u00e4tzen.<\/li>\n<li><strong>Herbst 2009: <\/strong>Beginn der Umbauarbeiten im vorderen Teil der ehemaligen Panzerwartungshalle \u201eAm Schmittenberg 12\u201c.<\/li>\n<li><strong>Juni 2010: <\/strong>Umzug der ausgelagerten Montageabteilung sowie Leitung \/ Sozialdienst \/ Verwaltung in die neue Halle.<\/li>\n<li><strong>Fr\u00fchjahr 2011: <\/strong>Bewilligung von 30 weiteren Pl\u00e4tzen. Beginn der Planung f\u00fcr den zweiten Bauabschnitt \u201eAm Schmittenberg 12\u201c.<\/li>\n<li><strong>Fr\u00fchjahr 2012: <\/strong>Beginn der Umbauarbeiten im hinteren Hallenabschnitt.<\/li>\n<li><strong>Winter 2012\/2013: <\/strong>Bezug der erweiterten Halle mit neuem Berufsbildungsbereich und moderner Gro\u00dfk\u00fcche.<\/li>\n<li><strong>Fr\u00fchjahr 2013: <\/strong>Umbauarbeiten in der Westendstra\u00dfe 13, r\u00e4umliche Erweiterung der B\u00fcrodienstleistung, Umzug der W\u00e4scherei ins Untergeschoss.<\/li>\n<li><strong>September 2013: <\/strong>Wechsel der Werkstattleitung von Harald Th\u00f6ne (Ruhestand) auf Benjamin Roth.<\/li>\n<li><strong>Oktober 2014: <\/strong>Jubil\u00e4umsfeier 15 Jahre Stephanus Werkstatt Wetzlar.<\/li>\n<li><strong>April 2015: <\/strong>Jubil\u00e4umsfeier 10 Jahre Stephanus Werkstatt Weilburg.<\/li>\n<li><strong>Fr\u00fchjahr 2020:<\/strong> Corona &#8211; 3 Monate Betretungsverbot f\u00fcr die Besch\u00e4ftigten wegen Lockdown. Das Personal bearbeitet die Auftr\u00e4ge weiter.<\/li>\n<li><strong>September 2024: <\/strong>Jubil\u00e4umsfeier 25 Jahre Stephanus Werkstatt Wetzlar.<\/li>\n<li><strong>Mai 2025: <\/strong>Jubil\u00e4umsfeier 20 Jahre Stephanus Werkstatt Weilburg.<\/li>\n<li><strong>Januar 2026:<\/strong> Wechsel im Vorstand, auf Mathias Rau folgt Britta Westen.<\/li>\n<\/ul>\n<p>[\/vc_column_text][\/vc_column][\/vc_row][vc_row][vc_column width=&#8220;1\/3&#8243;][\/vc_column][vc_column width=&#8220;1\/3&#8243;][vc_empty_space][vc_btn title=&#8220;zur\u00fcck zur \u00dcbersicht&#8220; style=&#8220;outline&#8220; shape=&#8220;square&#8220; color=&#8220;black&#8220; align=&#8220;center&#8220; i_icon_fontawesome=&#8220;fas fa-reply-all&#8220; add_icon=&#8220;true&#8220; link=&#8220;url:https%3A%2F%2Fdiakonie-lahn-dill.de%2Fwfbm%2Fueber-uns%2F|title:zur%C3%BCck%20zur%20%C3%9Cbersicht&#8220;][\/vc_column][vc_column width=&#8220;1\/3&#8243;][\/vc_column][\/vc_row]<\/p>\n<\/div>","protected":false},"excerpt":{"rendered":"<p>[vc_row][vc_column][vc_single_image image=&#8220;411&#8243; img_size=&#8220;full&#8220; alignment=&#8220;center&#8220;][\/vc_column][\/vc_row][vc_row][vc_column][vc_column_text] Historie der Stephanus Werkstatt [\/vc_column_text][\/vc_column][\/vc_row][vc_row][vc_column][vc_column_text css=&#8220;&#8220;] Fr\u00fchjahr 1998: Beschluss des Vorstands des Stephanus Werk e.V. eine Werkstatt f\u00fcr Menschen mit psychischen Erkrankungen zu er\u00f6ffnen. November 1998: Einstellung des Werkstattleiters Harald Th\u00f6ne. Fr\u00fchjahr 1999: Kauf eines Geb\u00e4udes in der ehemaligen Sixt-von-Armin-Kaserne in Wetzlar, um darin die Werkstatt einzurichten. Beginn der Umbauarbeiten. September&hellip;<\/p>\n","protected":false},"author":1,"featured_media":0,"parent":14,"menu_order":10,"comment_status":"closed","ping_status":"closed","template":"","meta":{"footnotes":""},"class_list":["post-37","page","type-page","status-publish","hentry","description-off"],"publishpress_future_action":{"enabled":false,"date":"2026-04-26 13:53:47","action":"change-status","newStatus":"draft","terms":[],"taxonomy":"","extraData":[]},"publishpress_future_workflow_manual_trigger":{"enabledWorkflows":[]},"_links":{"self":[{"href":"https:\/\/diakonie-lahn-dill.de\/wfbm\/wp-json\/wp\/v2\/pages\/37","targetHints":{"allow":["GET"]}}],"collection":[{"href":"https:\/\/diakonie-lahn-dill.de\/wfbm\/wp-json\/wp\/v2\/pages"}],"about":[{"href":"https:\/\/diakonie-lahn-dill.de\/wfbm\/wp-json\/wp\/v2\/types\/page"}],"author":[{"embeddable":true,"href":"https:\/\/diakonie-lahn-dill.de\/wfbm\/wp-json\/wp\/v2\/users\/1"}],"replies":[{"embeddable":true,"href":"https:\/\/diakonie-lahn-dill.de\/wfbm\/wp-json\/wp\/v2\/comments?post=37"}],"version-history":[{"count":7,"href":"https:\/\/diakonie-lahn-dill.de\/wfbm\/wp-json\/wp\/v2\/pages\/37\/revisions"}],"predecessor-version":[{"id":713,"href":"https:\/\/diakonie-lahn-dill.de\/wfbm\/wp-json\/wp\/v2\/pages\/37\/revisions\/713"}],"up":[{"embeddable":true,"href":"https:\/\/diakonie-lahn-dill.de\/wfbm\/wp-json\/wp\/v2\/pages\/14"}],"wp:attachment":[{"href":"https:\/\/diakonie-lahn-dill.de\/wfbm\/wp-json\/wp\/v2\/media?parent=37"}],"curies":[{"name":"wp","href":"https:\/\/api.w.org\/{rel}","templated":true}]}}