{"id":381,"date":"2020-05-01T17:54:23","date_gmt":"2020-05-01T15:54:23","guid":{"rendered":"https:\/\/www.sondermann-marketing.de\/kunden\/stephanuswerkstatt\/?page_id=2"},"modified":"2026-01-13T11:02:18","modified_gmt":"2026-01-13T10:02:18","slug":"beispiel-seite-2","status":"publish","type":"page","link":"https:\/\/diakonie-lahn-dill.de\/wfbm\/","title":{"rendered":"Start"},"content":{"rendered":"<div class=\"wpb-content-wrapper\"><p>[vc_row][vc_column][vc_single_image image=&#8220;462&#8243; img_size=&#8220;full&#8220; alignment=&#8220;center&#8220;][\/vc_column][\/vc_row][vc_row][vc_column][vc_column_text css=&#8220;&#8220;]<\/p>\n<p style=\"text-align: center;\"><strong>Sie befinden sich im Webseiten-Bereich der Stephanus Werkstatt.<\/strong><\/p>\n<p>[\/vc_column_text][\/vc_column][\/vc_row][vc_row][vc_column][vc_separator color=&#8220;custom&#8220; accent_color=&#8220;#1c628f&#8220;][vc_row_inner][vc_column_inner width=&#8220;2\/3&#8243;][\/vc_column_inner][vc_column_inner width=&#8220;1\/3&#8243;][\/vc_column_inner][\/vc_row_inner][vc_separator color=&#8220;custom&#8220; accent_color=&#8220;#1c628f&#8220;][\/vc_column][\/vc_row][vc_row][vc_column][vc_column_text]<\/p>\n<h2 class=\"blau\">Arbeit nach Ma\u00df<\/h2>\n<p>[\/vc_column_text][\/vc_column][\/vc_row][vc_row][vc_column width=&#8220;1\/3&#8243;][vc_column_text]Wieder im Beruf sein, Anerkennung finden, gebraucht werden und Leistung trotz Einschr\u00e4nkungen- das erm\u00f6glicht die Stephanus Werkstatt ihren Besch\u00e4ftigten an den <a href=\"https:\/\/diakonie-lahn-dill.de\/wfbm\/kontakt\/\">Standorten Wetzlar und Weilburg<\/a>.[\/vc_column_text][vc_column_text]Als anerkannte Werkstatt nach \u00a7 219 SGB IV k\u00fcmmern wir uns um die berufliche Rehabilitation psychisch erkrankter Menschen.[\/vc_column_text][vc_column_text]Die Arbeitsangebote reichen von der Hauswirtschaft und der B\u00fcrodienstleistung \u00fcber die Druckerei bis hin zur Montage. <a href=\"https:\/\/diakonie-lahn-dill.de\/wfbm\/ueber-uns\/qualitaetspolitik\/\">Die Werkstatt ist nach DIN ISO 9001:2015 und AZAV zertifiziert.<\/a>[\/vc_column_text][\/vc_column][vc_column width=&#8220;1\/3&#8243;][vc_single_image image=&#8220;316&#8243; img_size=&#8220;full&#8220; alignment=&#8220;center&#8220;][vc_column_text css=&#8220;.vc_custom_1617733119652{margin-top: -15px !important;}&#8220;]<strong>Sie interessieren sich f\u00fcr eine berufliche Reha-Ma\u00dfnahme in unserer Einrichtung (Teilhabe am Arbeitsleben)?<\/strong>[\/vc_column_text][vc_btn title=&#8220;mehr erfahren&#8230;&#8220; style=&#8220;outline&#8220; shape=&#8220;square&#8220; color=&#8220;black&#8220; align=&#8220;center&#8220; i_align=&#8220;right&#8220; i_icon_fontawesome=&#8220;fas fa-share&#8220; add_icon=&#8220;true&#8220; link=&#8220;url:http%3A%2F%2Fdiakonie-lahn-dill.de%2Fwfbm%2Fangebote-fuer-psychisch-erkrankte-menschen%2F|title:jetzt%20anfragen&#8220;][vc_empty_space][\/vc_column][vc_column width=&#8220;1\/3&#8243;][vc_single_image image=&#8220;318&#8243; img_size=&#8220;full&#8220; alignment=&#8220;center&#8220;][vc_column_text css=&#8220;.vc_custom_1617733135576{margin-top: -15px !important;}&#8220;]<strong>Sie haben Interesse an unseren Dienstleistungen als Verein, Privat- oder Gesch\u00e4ftskunde?<\/strong>[\/vc_column_text][vc_btn title=&#8220;mehr erfahren&#8230;&#8220; style=&#8220;outline&#8220; shape=&#8220;square&#8220; color=&#8220;black&#8220; align=&#8220;center&#8220; i_align=&#8220;right&#8220; i_icon_fontawesome=&#8220;fas fa-share&#8220; add_icon=&#8220;true&#8220; link=&#8220;url:http%3A%2F%2Fdiakonie-lahn-dill.de%2Fwfbm%2Fangebote-fuer-geschaefts-und-privatkunden%2F|title:jetzt%20anfragen&#8220;][vc_empty_space][\/vc_column][\/vc_row][vc_row][vc_column][vc_empty_space height=&#8220;64px&#8220;][\/vc_column][\/vc_row][vc_row][vc_column][vc_column_text]<\/p>\n<h2 class=\"blau\" style=\"text-align: center;\">Erfahren Sie mehr \u00fcber uns in unserem Image-Video<\/h2>\n<p>[\/vc_column_text][\/vc_column][\/vc_row][vc_row][vc_column][vc_column_text]<\/p>\n<p><center><div id=\"kgvid_kgvid_0_wrapper\" class=\"kgvid_wrapper kgvid_wrapper_auto_left kgvid_wrapper_auto_right\">\n\t\t\t<div id=\"video_kgvid_0_div\" class=\"fitvidsignore kgvid_videodiv\" data-id=\"kgvid_0\" data-kgvid_video_vars=\"{&quot;id&quot;:&quot;kgvid_0&quot;,&quot;attachment_id&quot;:498,&quot;player_type&quot;:&quot;WordPress Default&quot;,&quot;width&quot;:&quot;1100&quot;,&quot;height&quot;:&quot;614&quot;,&quot;fullwidth&quot;:&quot;true&quot;,&quot;fixed_aspect&quot;:&quot;vertical&quot;,&quot;countable&quot;:true,&quot;count_views&quot;:&quot;start_complete&quot;,&quot;start&quot;:&quot;&quot;,&quot;autoplay&quot;:&quot;false&quot;,&quot;pauseothervideos&quot;:&quot;true&quot;,&quot;set_volume&quot;:&quot;1&quot;,&quot;muted&quot;:&quot;false&quot;,&quot;meta&quot;:true,&quot;endofvideooverlay&quot;:&quot;&quot;,&quot;resize&quot;:&quot;true&quot;,&quot;auto_res&quot;:&quot;automatisch&quot;,&quot;pixel_ratio&quot;:&quot;true&quot;,&quot;right_click&quot;:&quot;on&quot;,&quot;playback_rate&quot;:&quot;false&quot;,&quot;title&quot;:&quot;LAG_WfMB_w13_t&quot;,&quot;skip_buttons&quot;:[]}\" itemprop=\"video\" itemscope itemtype=\"https:\/\/schema.org\/VideoObject\"><meta itemprop=\"thumbnailUrl\" content=\"https:\/\/diakonie-lahn-dill.de\/wfbm\/wp-content\/uploads\/image-video_stephanus-werkstatt_thumbnail.jpg\"><meta itemprop=\"embedUrl\" content=\"https:\/\/diakonie-lahn-dill.de\/wfbm\/?attachment_id=498&#038;videopack%5Benable%5D=true\"><meta itemprop=\"contentUrl\" content=\"https:\/\/diakonie-lahn-dill.de\/wfbm\/wp-content\/uploads\/LAG_WfMB_w13_t.mp4\"><meta itemprop=\"name\" content=\"LAG_WfMB_w13_t\"><meta itemprop=\"description\" content=\"Video\"><meta itemprop=\"uploadDate\" content=\"\"><div style=\"width: 1100px\" class=\"wp-video\"><video class=\"wp-video-shortcode\" id=\"video-381-1\" width=\"1100\" height=\"614\" poster=\"https:\/\/diakonie-lahn-dill.de\/wfbm\/wp-content\/uploads\/image-video_stephanus-werkstatt_thumbnail.jpg\" preload=\"metadata\" controls=\"controls\"><source src=\"https:\/\/diakonie-lahn-dill.de\/wfbm\/wp-content\/uploads\/LAG_WfMB_w13_t.mp4\" type=\"video\/mp4\" data-res=\"1072p\" \/><a href=\"https:\/\/diakonie-lahn-dill.de\/wfbm\/wp-content\/uploads\/LAG_WfMB_w13_t.mp4\">https:\/\/diakonie-lahn-dill.de\/wfbm\/wp-content\/uploads\/LAG_WfMB_w13_t.mp4<\/a><\/video><\/div>\t\t\t<\/div>\n\t\t\t<div style=\"display:none\" id=\"video_kgvid_0_meta\" class=\"kgvid_video_meta kgvid_video_meta_hover kgvid_no_title_meta\">\n\t\t\t\t<span class='kgvid_meta_icons'>\t\t\t\t<span id='kgvid_kgvid_0_shareicon' class='vjs-icon-share' onclick='kgvid_share_icon_click(\"kgvid_0\");'><\/span>\n\t\t\t\t<div id='click_trap_kgvid_0' class='kgvid_click_trap'><\/div><div id='video_kgvid_0_embed' class='kgvid_share_container kgvid_no_title_meta'><div class='kgvid_share_icons'><span class='kgvid_embedcode_container'><span class='kgvid-icons kgvid-icon-embed'><\/span>\n\t\t\t\t\t<span>Einbetten: <\/span><span><input class='kgvid_embedcode' type='text' value='&lt;iframe src=&#039;https:\/\/diakonie-lahn-dill.de\/wfbm\/?attachment_id=498&amp;videopack[enable]=true&#039; frameborder=&#039;0&#039; scrolling=&#039;no&#039; width=&#039;1100&#039; height=&#039;614 allowfullscreen allow=&#039;autoplay; fullscreen&#039;&gt;&lt;\/iframe&gt;' onClick='this.select();'><\/span> <span class='kgvid_start_time'><input type='checkbox' class='kgvid_start_at_enable' onclick='kgvid_set_start_at(\"kgvid_0\")'> An dieser Stelle beginnen: <input type='text' class='kgvid_start_at' onkeyup='kgvid_change_start_at(\"kgvid_0\")'><\/span><\/span><\/div><\/div>\n<\/span><\/div>\n\t\t<\/div><\/center>[\/vc_column_text][\/vc_column][\/vc_row][vc_row][vc_column][vc_empty_space height=&#8220;64px&#8220;][\/vc_column][\/vc_row]<\/p>\n<\/div>","protected":false},"excerpt":{"rendered":"<p>[vc_row][vc_column][vc_single_image image=&#8220;462&#8243; img_size=&#8220;full&#8220; alignment=&#8220;center&#8220;][\/vc_column][\/vc_row][vc_row][vc_column][vc_column_text css=&#8220;&#8220;] Sie befinden sich im Webseiten-Bereich der Stephanus Werkstatt. [\/vc_column_text][\/vc_column][\/vc_row][vc_row][vc_column][vc_separator color=&#8220;custom&#8220; accent_color=&#8220;#1c628f&#8220;][vc_row_inner][vc_column_inner width=&#8220;2\/3&#8243;][\/vc_column_inner][vc_column_inner width=&#8220;1\/3&#8243;][\/vc_column_inner][\/vc_row_inner][vc_separator color=&#8220;custom&#8220; accent_color=&#8220;#1c628f&#8220;][\/vc_column][\/vc_row][vc_row][vc_column][vc_column_text] Arbeit nach Ma\u00df [\/vc_column_text][\/vc_column][\/vc_row][vc_row][vc_column width=&#8220;1\/3&#8243;][vc_column_text]Wieder im Beruf sein, Anerkennung finden, gebraucht werden und Leistung trotz Einschr\u00e4nkungen- das erm\u00f6glicht die Stephanus Werkstatt ihren Besch\u00e4ftigten an den Standorten Wetzlar und Weilburg.[\/vc_column_text][vc_column_text]Als anerkannte Werkstatt nach \u00a7 219 SGB&hellip;<\/p>\n","protected":false},"author":1,"featured_media":0,"parent":0,"menu_order":0,"comment_status":"closed","ping_status":"closed","template":"","meta":{"footnotes":""},"class_list":["post-381","page","type-page","status-publish","hentry","description-off"],"publishpress_future_action":{"enabled":false,"date":"2026-04-20 17:43:41","action":"change-status","newStatus":"draft","terms":[],"taxonomy":"","extraData":[]},"publishpress_future_workflow_manual_trigger":{"enabledWorkflows":[]},"_links":{"self":[{"href":"https:\/\/diakonie-lahn-dill.de\/wfbm\/wp-json\/wp\/v2\/pages\/381","targetHints":{"allow":["GET"]}}],"collection":[{"href":"https:\/\/diakonie-lahn-dill.de\/wfbm\/wp-json\/wp\/v2\/pages"}],"about":[{"href":"https:\/\/diakonie-lahn-dill.de\/wfbm\/wp-json\/wp\/v2\/types\/page"}],"author":[{"embeddable":true,"href":"https:\/\/diakonie-lahn-dill.de\/wfbm\/wp-json\/wp\/v2\/users\/1"}],"replies":[{"embeddable":true,"href":"https:\/\/diakonie-lahn-dill.de\/wfbm\/wp-json\/wp\/v2\/comments?post=381"}],"version-history":[{"count":26,"href":"https:\/\/diakonie-lahn-dill.de\/wfbm\/wp-json\/wp\/v2\/pages\/381\/revisions"}],"predecessor-version":[{"id":703,"href":"https:\/\/diakonie-lahn-dill.de\/wfbm\/wp-json\/wp\/v2\/pages\/381\/revisions\/703"}],"wp:attachment":[{"href":"https:\/\/diakonie-lahn-dill.de\/wfbm\/wp-json\/wp\/v2\/media?parent=381"}],"curies":[{"name":"wp","href":"https:\/\/api.w.org\/{rel}","templated":true}]}}