{"id":40,"date":"2020-05-01T19:39:08","date_gmt":"2020-05-01T17:39:08","guid":{"rendered":"https:\/\/www.sondermann-marketing.de\/kunden\/stephanuswerkstatt\/?page_id=40"},"modified":"2023-08-11T08:55:33","modified_gmt":"2023-08-11T06:55:33","slug":"leitbild","status":"publish","type":"page","link":"https:\/\/diakonie-lahn-dill.de\/wfbm\/ueber-uns\/leitbild\/","title":{"rendered":"Leitbild"},"content":{"rendered":"<div class=\"wpb-content-wrapper\"><p>[vc_row][vc_column][vc_single_image image=&#8220;412&#8243; img_size=&#8220;full&#8220; alignment=&#8220;center&#8220;][\/vc_column][\/vc_row][vc_row][vc_column][vc_column_text]<\/p>\n<h2 class=\"blau\">Hilfe zur Selbsthilfe<\/h2>\n<p>[\/vc_column_text][vc_column_text]Unserer Arbeit legen wir das christliche Menschenbild zugrunde, das den diakonischen Auftrag und damit die Sorge f\u00fcr den Menschen begr\u00fcndet. Jedes menschliche Leben ist vor Gott wertvoll.<\/p>\n<p>Unabh\u00e4ngig von seinem Glauben, seiner Weltanschauung, seiner Kultur, seiner Nationalit\u00e4t, seinen F\u00e4higkeiten, Leistungen, Krankheiten und Behinderungen achten wir die W\u00fcrde des Menschen. Wir sind f\u00fcr Menschen in Grenz- und Belastungssituationen da und bieten Unterst\u00fctzung und Gemeinschaft. Wir erkennen an, dass jeder F\u00e4higkeiten und Ressourcen zur Entwicklung in sich tr\u00e4gt und f\u00f6rdern in unserer Arbeit Eigenverantwortung und Eigeninitiative der Menschen. In unseren unterschiedlichen Strukturen und Arbeitsbereichen sind wir Teil der evangelischen Kirche. Im Spannungsfeld zwischen W\u00fcnschenswerten und Machbarem gestalten wir unsere Arbeit verantwortlich und transparent.[\/vc_column_text][\/vc_column][\/vc_row][vc_row][vc_column][vc_tta_accordion style=&#8220;outline&#8220; shape=&#8220;square&#8220; color=&#8220;sky&#8220; spacing=&#8220;10&#8243; gap=&#8220;10&#8243; active_section=&#8220;-1&#8243; no_fill=&#8220;true&#8220; collapsible_all=&#8220;true&#8220;][vc_tta_section title=&#8220;Zusammen arbeiten&#8220; tab_id=&#8220;zusammen-arbeiten&#8220;][vc_row_inner][vc_column_inner][vc_column_text css=&#8220;.vc_custom_1588354612243{padding-top: 5px !important;padding-right: 5px !important;padding-bottom: 5px !important;padding-left: 5px !important;}&#8220;]Wir arbeiten mit Menschen mit seelischen Behinderungen zusammen. Wir bieten Leistungen zur Teilhabe am Arbeitsleben an und f\u00f6rdern ressourcenorientiert im Rahmen der beruflichen Rehabilitation.[\/vc_column_text][\/vc_column_inner][\/vc_row_inner][vc_row_inner][vc_column_inner width=&#8220;1\/2&#8243;][vc_column_text css=&#8220;.vc_custom_1588354682449{padding-top: 5px !important;padding-right: 5px !important;padding-bottom: 5px !important;padding-left: 5px !important;}&#8220;]<\/p>\n<h3 class=\"blau\">Das bedeutet f\u00fcr uns&#8230;<\/h3>\n<ul>\n<li>dass wir die individuelle Pers\u00f6nlichkeit der Besch\u00e4ftigten anerkennen und zur F\u00f6rderung und Erhaltung ihrer psychischen Stabilit\u00e4t beitragen.<\/li>\n<li>dass wir die Interessen des einzelnen Besch\u00e4ftigten erkennen und unterst\u00fctzen und somit gemeinsam vorhandene F\u00e4higkeiten entdecken und f\u00f6rdern.<\/li>\n<li>dass wir mit den Besch\u00e4ftigten realistische berufliche Zukunftsperspektiven entwickeln, planen und begleiten.<\/li>\n<li>dass wir mit den Menschen in einen Dialog treten und sie beteiligen.<\/li>\n<li>dass unsere Arbeit von Wertsch\u00e4tzung, Einf\u00fchlungsverm\u00f6gen, Sensibilit\u00e4t\u00a0 und Authentizit\u00e4t getragen wird.<\/li>\n<li>dass wir den Besch\u00e4ftigten begleitende Hilfen anbieten und weiterf\u00fchrende Unterst\u00fctzungsangebote vermitteln.<\/li>\n<\/ul>\n<p>[\/vc_column_text][\/vc_column_inner][vc_column_inner width=&#8220;1\/2&#8243;][vc_column_text css=&#8220;.vc_custom_1588354724512{padding-top: 5px !important;padding-right: 5px !important;padding-bottom: 5px !important;padding-left: 5px !important;}&#8220;]<\/p>\n<h3 class=\"blau\">Dies erreichen wir durch&#8230;<\/h3>\n<ul>\n<li>regelm\u00e4\u00dfige Tagesstruktur und rechtzeitige Krisenintervention.<\/li>\n<li>die M\u00f6glichkeit, mit anderen Menschen in Kontakt zu treten und Gemeinschaft zu erleben.<\/li>\n<li>kontinuierliche Bildungsbegleitung und gemeinsame F\u00f6rderplanung.<\/li>\n<li>eine gr\u00f6\u00dftm\u00f6gliche Durchl\u00e4ssigkeit zum ersten Arbeitsmarkt, unterst\u00fctzt von einer Fachkraft f\u00fcr berufliche Integration.<\/li>\n<li>die F\u00f6rderung der Pers\u00f6nlichkeitsentwicklung im Rahmen von arbeitsbegleitenden Ma\u00dfnahmen und Projekten.<\/li>\n<\/ul>\n<p>[\/vc_column_text][\/vc_column_inner][\/vc_row_inner][\/vc_tta_section][\/vc_tta_accordion][\/vc_column][\/vc_row][vc_row][vc_column][vc_tta_accordion style=&#8220;outline&#8220; shape=&#8220;square&#8220; color=&#8220;sky&#8220; spacing=&#8220;10&#8243; gap=&#8220;10&#8243; active_section=&#8220;-1&#8243; no_fill=&#8220;true&#8220; collapsible_all=&#8220;true&#8220;][vc_tta_section title=&#8220;Fachlichkeit und Kompetenz&#8220; tab_id=&#8220;fachlichkeit-und-kompetenz&#8220;][vc_row_inner][vc_column_inner][vc_column_text]Unsere Angebote werden durch qualifizierte und motivierte hauptamtliche Mitarbeiter umgesetzt. Beziehungen sind das zentrale Instrument unserer Arbeit. Wir erreichen gelingende Beziehungen nach innen und au\u00dfen durch Interesse f\u00fcreinander sowie klaren und ehrlichen Umgang miteinander.[\/vc_column_text][\/vc_column_inner][\/vc_row_inner][vc_row_inner][vc_column_inner width=&#8220;1\/2&#8243;][vc_column_text css=&#8220;.vc_custom_1588354882883{padding-top: 5px !important;padding-right: 5px !important;padding-bottom: 5px !important;padding-left: 5px !important;}&#8220;]<\/p>\n<h3 class=\"blau\">Das bedeutet f\u00fcr uns&#8230;<\/h3>\n<ul>\n<li>dass wir ein hohes Ma\u00df an Professionalit\u00e4t und Besonnenheit einbringen.<\/li>\n<li>dass wir transparent arbeiten, indem Arbeitsabl\u00e4ufe und Inhalte klar und nachvollziehbar sind.<\/li>\n<li>dass wir reflektiert arbeiten, indem wir unser Handeln und unsere Entscheidungen kritisch hinterfragen.<\/li>\n<\/ul>\n<p>[\/vc_column_text][\/vc_column_inner][vc_column_inner width=&#8220;1\/2&#8243;][vc_column_text css=&#8220;.vc_custom_1588354899009{padding-top: 5px !important;padding-right: 5px !important;padding-bottom: 5px !important;padding-left: 5px !important;}&#8220;]<\/p>\n<h3 class=\"blau\">Dies erreichen wir durch&#8230;<\/h3>\n<ul>\n<li>gezielte Aus-, Fort- und Weiterbildung der hauptamtlichen Mitarbeiter.<\/li>\n<li>stetigen Informationsfluss auf und zwischen allen Ebenen.<\/li>\n<li>interne Fortbildungen und regelm\u00e4\u00dfige Teamsitzungen.<\/li>\n<li>kollegiale Beratung, Supervision, Austausch, Unterst\u00fctzung und Pflege eines respektvollen Umgangs miteinander.<\/li>\n<\/ul>\n<p>[\/vc_column_text][\/vc_column_inner][\/vc_row_inner][\/vc_tta_section][\/vc_tta_accordion][\/vc_column][\/vc_row][vc_row][vc_column][vc_tta_accordion style=&#8220;outline&#8220; shape=&#8220;square&#8220; color=&#8220;sky&#8220; spacing=&#8220;10&#8243; gap=&#8220;10&#8243; active_section=&#8220;-1&#8243; no_fill=&#8220;true&#8220; collapsible_all=&#8220;true&#8220;][vc_tta_section title=&#8220;Leitung &#8211; in helfenden und wertsch\u00e4tzenden Strukturen&#8220; tab_id=&#8220;leitung-in-helfenden-und-wertschaetzenden-strukturen&#8220;][vc_row_inner][vc_column_inner][vc_column_text]Leitung geschieht durch den Vorstand und die Werkstattleitung. Leitungskr\u00e4fte sind den Menschen und der Sache verpflichtet. Die Leitung trifft Entscheidungen. Leitung geschieht in einem Umfeld von Offenheit, Transparenz und Vertrauen. Verantwortungsbereiche sind klar definiert und werden gew\u00fcrdigt. Leitung sorgt f\u00fcr Beteiligungsm\u00f6glichkeiten.[\/vc_column_text][\/vc_column_inner][\/vc_row_inner][vc_row_inner][vc_column_inner width=&#8220;1\/2&#8243;][vc_column_text css=&#8220;.vc_custom_1588354977371{padding-top: 5px !important;padding-right: 5px !important;padding-bottom: 5px !important;padding-left: 5px !important;}&#8220;]<\/p>\n<h3 class=\"blau\">Das bedeutet f\u00fcr uns&#8230;<\/h3>\n<ul>\n<li>dass Leitungskr\u00e4fte regelm\u00e4\u00dfig Kontakt zu Mitarbeitern, Besch\u00e4ftigten, Kunden, Partnern und Vertretern der Gesellschaft pflegen.<\/li>\n<li>dass Ideen, Impulse und Verbesserungsvorschl\u00e4ge aufgenommen, und in Entscheidungsprozessen ber\u00fccksichtigt werden.<\/li>\n<li>dass Planungen und Entscheidungen der Leitungskr\u00e4fte nachvollziehbar sind.<\/li>\n<li>dass die Leitungskr\u00e4fte Vorbilder sind und durch einen kooperativen Leitungsstil zu einem vertrauensvollen Klima der Zusammenarbeit beitragen.<\/li>\n<\/ul>\n<p>[\/vc_column_text][\/vc_column_inner][vc_column_inner width=&#8220;1\/2&#8243;][vc_column_text css=&#8220;.vc_custom_1588355187184{padding-top: 5px !important;padding-right: 5px !important;padding-bottom: 5px !important;padding-left: 5px !important;}&#8220;]<\/p>\n<h3 class=\"blau\">Dies erreichen wir, indem&#8230;<\/h3>\n<ul>\n<li>die Leitungskr\u00e4fte pers\u00f6nlich ansprechbar sind und f\u00fcr regelm\u00e4\u00dfige Begegnungen und kontinuierlichen Austausch zu Entwicklungen und Ver\u00e4nderungen sorgen.<\/li>\n<li>die Leitungskr\u00e4fte vorhandene Kompetenzen und Ressourcen der Mitarbeiter erkennen, f\u00f6rdern und nutzen und ihre Leistungen anerkennen.<\/li>\n<li>die Leitungskr\u00e4fte auf allen Ebenen die Anliegen der Mitarbeiter ernst nehmen, sie unterst\u00fctzen und motivieren sowie Eigeninitiative und Beteiligung f\u00f6rdern.<\/li>\n<li>Leitungskr\u00e4fte die Entwicklungen in allen Arbeitsbereichen verfolgen und w\u00fcrdigen.<\/li>\n<\/ul>\n<p>[\/vc_column_text][\/vc_column_inner][\/vc_row_inner][\/vc_tta_section][\/vc_tta_accordion][\/vc_column][\/vc_row][vc_row][vc_column][vc_tta_accordion style=&#8220;outline&#8220; shape=&#8220;square&#8220; color=&#8220;sky&#8220; spacing=&#8220;10&#8243; gap=&#8220;10&#8243; active_section=&#8220;-1&#8243; no_fill=&#8220;true&#8220; collapsible_all=&#8220;true&#8220;][vc_tta_section title=&#8220;Partner &#8211; Gemeinsam stark&#8220; tab_id=&#8220;partner-gemeinsam-stark&#8220;][vc_row_inner][vc_column_inner][vc_column_text]Unsere Arbeit erfordert Partner wie Unternehmen, Betriebe, Kunden, Beh\u00f6rden, soziale und medizinische Institutionen. Wir bieten eine qualitativ gute Dienstleistung und erwarten einen fairen und zuverl\u00e4ssigen Umgang miteinander, der die besonderen Bedingungen unserer Arbeit ber\u00fccksichtigt.[\/vc_column_text][\/vc_column_inner][\/vc_row_inner][vc_row_inner][vc_column_inner width=&#8220;1\/2&#8243;][vc_column_text css=&#8220;.vc_custom_1588355095222{padding-top: 5px !important;padding-right: 5px !important;padding-bottom: 5px !important;padding-left: 5px !important;}&#8220;]<\/p>\n<h3 class=\"blau\">Das bedeutet f\u00fcr uns&#8230;<\/h3>\n<ul>\n<li>st\u00e4ndiger Austausch mit unseren Partnern.<\/li>\n<li>flexibel zu sein und Flexibilit\u00e4t von unseren Partnern zu erwarten.<\/li>\n<li>Besch\u00e4ftigungsm\u00f6glichkeiten auf dem ersten Arbeitsmarkt zu schaffen.<\/li>\n<li>planm\u00e4\u00dfige \u00dcberpr\u00fcfung und Verbesserung unserer Arbeitsqualit\u00e4t.<\/li>\n<li>gezielte \u00d6ffentlichkeitsarbeit.<\/li>\n<\/ul>\n<p>[\/vc_column_text][\/vc_column_inner][vc_column_inner width=&#8220;1\/2&#8243;][vc_column_text css=&#8220;.vc_custom_1588355163647{padding-top: 5px !important;padding-right: 5px !important;padding-bottom: 5px !important;padding-left: 5px !important;}&#8220;]<\/p>\n<h3 class=\"blau\">Dies erreichen wir, indem wir&#8230;<\/h3>\n<ul>\n<li>direkte und unb\u00fcrokratische Wege zueinander suchen.<\/li>\n<li>bereit und f\u00e4hig sind, uns auf neue Situationen einzustellen.<\/li>\n<li>kontinuierlichen Kontakt zu Unternehmen und Betrieben pflegen.<\/li>\n<li>die Zust\u00e4ndigkeiten festlegen, \u00fcberpr\u00fcfen und kontrollieren.<\/li>\n<li>neue Kunden und Praktikumsbetriebe akquirieren.<\/li>\n<\/ul>\n<p>[\/vc_column_text][\/vc_column_inner][\/vc_row_inner][\/vc_tta_section][\/vc_tta_accordion][\/vc_column][\/vc_row][vc_row][vc_column][vc_tta_accordion style=&#8220;outline&#8220; shape=&#8220;square&#8220; color=&#8220;sky&#8220; spacing=&#8220;10&#8243; gap=&#8220;10&#8243; active_section=&#8220;-1&#8243; no_fill=&#8220;true&#8220; collapsible_all=&#8220;true&#8220;][vc_tta_section title=&#8220;Gesellschaft &#8211; in den Arbeitsmarkt integrieren&#8220; tab_id=&#8220;gesellschaft-in-den-arbeitsmarkt-integrieren&#8220;][vc_row_inner][vc_column_inner][vc_column_text]Wir wirken an der Inklusion psychisch erkrankter Menschen mit. Dabei nehmen wir die arbeitsmarktpolitische Situation und Entwicklung wahr und tragen zu deren Verbesserung bei.[\/vc_column_text][\/vc_column_inner][\/vc_row_inner][vc_row_inner][vc_column_inner width=&#8220;1\/2&#8243;][vc_column_text css=&#8220;.vc_custom_1588355290173{padding-top: 5px !important;padding-right: 5px !important;padding-bottom: 5px !important;padding-left: 5px !important;}&#8220;]<\/p>\n<h3 class=\"blau\">Das bedeutet f\u00fcr uns&#8230;<\/h3>\n<ul>\n<li>dass wir offen sind f\u00fcr die Sorgen und N\u00f6te unserer Besch\u00e4ftigten.<\/li>\n<li>dass wir uns den aktuellen Anforderungen unserer Zeit stellen.<\/li>\n<li>dass wir uns als einen wichtigen Bestandteil der Gesellschaft und Arbeitswelt sehen und uns aktiv an deren Weiterentwicklung beteiligen.<\/li>\n<li>dass wir eine lernende und zukunftsorientierte Organisation sind.<\/li>\n<\/ul>\n<p>[\/vc_column_text][\/vc_column_inner][vc_column_inner width=&#8220;1\/2&#8243;][vc_column_text css=&#8220;.vc_custom_1588355322303{padding-top: 5px !important;padding-right: 5px !important;padding-bottom: 5px !important;padding-left: 5px !important;}&#8220;]<\/p>\n<h3 class=\"blau\">Dies erreichen wir, indem wir&#8230;<\/h3>\n<ul>\n<li>uns als F\u00fcrsprecher f\u00fcr benachteiligte und ausgegrenzte Menschen einsetzen.<\/li>\n<li>uns an aktuellen, gesellschafts- und arbeitsmarktpolitischen Diskussionen beteiligen und Stellung beziehen.<\/li>\n<li>unsere Ressourcen und F\u00e4higkeiten zur Verf\u00fcgung stellen, um gesellschaftliche Rahmenbedingungen mitzugestalten.<\/li>\n<\/ul>\n<p>[\/vc_column_text][\/vc_column_inner][\/vc_row_inner][\/vc_tta_section][\/vc_tta_accordion][\/vc_column][\/vc_row][vc_row][vc_column][vc_empty_space][vc_column_text]<\/p>\n<h2 class=\"blau\">Nachwort &#8211; Aus Erfahrungen lernen, Offenheit bewahren<\/h2>\n<p>[\/vc_column_text][vc_column_text]Wir wollen unser Handeln an diesem Leitbild orientieren. Mit ihm werden wir immer auf dem Weg sein. Dazu geh\u00f6rt, dass unsere Vorstellungen von unserer Arbeit und unserem Miteinander nicht immer mit unseren Erfahrungen \u00fcbereinstimmen, die wir im Alltag machen. Insofern wollen wir Lernende sein und uns stetig entwickeln. Bei aller Notwendigkeit von Professionalit\u00e4t im Planen und Handeln wollen wir auch offen sein f\u00fcr Ungeplantes, Unberechenbares und Spontanes. Hier finden sich Potenziale f\u00fcr Kreativit\u00e4t und Entwicklungsschritte, die wir ben\u00f6tigen, um unsere Werkstatt (WfbM) zukunftsf\u00e4hig zu gestalten.[\/vc_column_text][\/vc_column][\/vc_row][vc_row][vc_column width=&#8220;1\/3&#8243;][\/vc_column][vc_column width=&#8220;1\/3&#8243;][vc_empty_space][vc_btn title=&#8220;zur\u00fcck zur \u00dcbersicht&#8220; style=&#8220;outline&#8220; shape=&#8220;square&#8220; color=&#8220;black&#8220; align=&#8220;center&#8220; i_icon_fontawesome=&#8220;fas fa-reply-all&#8220; add_icon=&#8220;true&#8220; link=&#8220;url:https%3A%2F%2Fdiakonie-lahn-dill.de%2Fwfbm%2Fueber-uns%2F|title:zur%C3%BCck%20zur%20%C3%9Cbersicht&#8220;][\/vc_column][vc_column width=&#8220;1\/3&#8243;][\/vc_column][\/vc_row]<\/p>\n<\/div>","protected":false},"excerpt":{"rendered":"<p>[vc_row][vc_column][vc_single_image image=&#8220;412&#8243; img_size=&#8220;full&#8220; alignment=&#8220;center&#8220;][\/vc_column][\/vc_row][vc_row][vc_column][vc_column_text] Hilfe zur Selbsthilfe [\/vc_column_text][vc_column_text]Unserer Arbeit legen wir das christliche Menschenbild zugrunde, das den diakonischen Auftrag und damit die Sorge f\u00fcr den Menschen begr\u00fcndet. Jedes menschliche Leben ist vor Gott wertvoll. Unabh\u00e4ngig von seinem Glauben, seiner Weltanschauung, seiner Kultur, seiner Nationalit\u00e4t, seinen F\u00e4higkeiten, Leistungen, Krankheiten und Behinderungen achten wir die W\u00fcrde des&hellip;<\/p>\n","protected":false},"author":1,"featured_media":0,"parent":14,"menu_order":20,"comment_status":"closed","ping_status":"closed","template":"","meta":{"footnotes":""},"class_list":["post-40","page","type-page","status-publish","hentry","description-off"],"publishpress_future_action":{"enabled":false,"date":"2026-04-20 17:42:13","action":"change-status","newStatus":"draft","terms":[],"taxonomy":"","extraData":[]},"publishpress_future_workflow_manual_trigger":{"enabledWorkflows":[]},"_links":{"self":[{"href":"https:\/\/diakonie-lahn-dill.de\/wfbm\/wp-json\/wp\/v2\/pages\/40","targetHints":{"allow":["GET"]}}],"collection":[{"href":"https:\/\/diakonie-lahn-dill.de\/wfbm\/wp-json\/wp\/v2\/pages"}],"about":[{"href":"https:\/\/diakonie-lahn-dill.de\/wfbm\/wp-json\/wp\/v2\/types\/page"}],"author":[{"embeddable":true,"href":"https:\/\/diakonie-lahn-dill.de\/wfbm\/wp-json\/wp\/v2\/users\/1"}],"replies":[{"embeddable":true,"href":"https:\/\/diakonie-lahn-dill.de\/wfbm\/wp-json\/wp\/v2\/comments?post=40"}],"version-history":[{"count":3,"href":"https:\/\/diakonie-lahn-dill.de\/wfbm\/wp-json\/wp\/v2\/pages\/40\/revisions"}],"predecessor-version":[{"id":560,"href":"https:\/\/diakonie-lahn-dill.de\/wfbm\/wp-json\/wp\/v2\/pages\/40\/revisions\/560"}],"up":[{"embeddable":true,"href":"https:\/\/diakonie-lahn-dill.de\/wfbm\/wp-json\/wp\/v2\/pages\/14"}],"wp:attachment":[{"href":"https:\/\/diakonie-lahn-dill.de\/wfbm\/wp-json\/wp\/v2\/media?parent=40"}],"curies":[{"name":"wp","href":"https:\/\/api.w.org\/{rel}","templated":true}]}}