{"id":64,"date":"2020-05-02T11:15:22","date_gmt":"2020-05-02T09:15:22","guid":{"rendered":"https:\/\/www.sondermann-marketing.de\/kunden\/stephanuswerkstatt\/?page_id=64"},"modified":"2025-06-05T17:11:11","modified_gmt":"2025-06-05T15:11:11","slug":"qualitaetspolitik","status":"publish","type":"page","link":"https:\/\/diakonie-lahn-dill.de\/wfbm\/ueber-uns\/qualitaetspolitik\/","title":{"rendered":"Qualit\u00e4tspolitik"},"content":{"rendered":"<div class=\"wpb-content-wrapper\"><p>[vc_row][vc_column][vc_single_image image=&#8220;413&#8243; img_size=&#8220;full&#8220; alignment=&#8220;center&#8220;][\/vc_column][\/vc_row][vc_row][vc_column][vc_column_text]<\/p>\n<h2 class=\"blau\">Wir sind zertifiziert<\/h2>\n<p>[\/vc_column_text][\/vc_column][\/vc_row][vc_row][vc_column width=&#8220;5\/6&#8243;][vc_column_text css=&#8220;&#8220;]Die Diakonie Lahn Dill, Stephanus Werkstatt ist nach den Qualit\u00e4tsnormen <a href=\"https:\/\/diakonie-lahn-dill.de\/wfbm\/wp-content\/uploads\/DIN-EN-ISO-9001-2015-Zertifikat-2025-2027-TUeV-Sued.pdf\" target=\"_blank\" rel=\"noopener\">DIN ISO 9001:2015<\/a> und der <a href=\"https:\/\/diakonie-lahn-dill.de\/wfbm\/wp-content\/uploads\/AZAV-Zertifikat-2025-2030-TUeV-Sued.pdf\" target=\"_blank\" rel=\"noopener\">AZAV-Tr\u00e4gerzulassung<\/a> zertifiziert. Wir bieten eine qualitativ gute Dienstleistung im Bereich der beruflichen Rehabilitation an. In unserer Arbeit sind wir darum bem\u00fcht, sowohl den Anforderungen in der F\u00f6rderung psychisch erkrankter Menschen gerecht zu werden, als auch die Erwartungen unserer Kunden zu erf\u00fcllen. Durch diese besonderen Bedingungen wird seitens der Leitungskr\u00e4fte ein hohes Ma\u00df an Einf\u00fchlungsverm\u00f6gen gefordert.[\/vc_column_text][\/vc_column][vc_column width=&#8220;1\/6&#8243;][vc_single_image image=&#8220;688&#8243; css=&#8220;&#8220;][\/vc_column][\/vc_row][vc_row][vc_column][vc_column_text]Durch intensive Betreuung und Beratung unterst\u00fctzen wir die behinderten Besch\u00e4ftigten auf ihrem Weg in ein m\u00f6glichst eigenverantwortliches Leben. Wir legen gro\u00dfen Wert darauf, die Anliegen der Besch\u00e4ftigten ernst zu nehmen, um so ein vertrauensvolles Klima der Zusammenarbeit zu erm\u00f6glichen. Wir orientieren uns an den Ressourcen der behinderten Menschen und f\u00f6rdern ihre Kenntnisse und F\u00e4higkeiten durch vielf\u00e4ltige individuelle Angebote.[\/vc_column_text][\/vc_column][\/vc_row][vc_row][vc_column width=&#8220;2\/3&#8243;][vc_column_text]Wir begreifen die Werkstatt nicht als \u201cSackgasse\u201d, sondern als Sprungbrett oder Br\u00fccke zum allgemeinen Arbeitsmarkt. Die Vorbereitungen erfolgen durch fachtheoretische und praktische Qualifizierungen, sowie interne und externe Praktika in verschiedenen Arbeitsfeldern. Hierzu stehen Fachkr\u00e4fte f\u00fcr berufliche Integration zu Verf\u00fcgung. Wir wollen dazu beitragen, dass unsere Besch\u00e4ftigten eine realistische und tragf\u00e4hige Zukunftsperspektive entwickeln. Neben der F\u00f6rderung fachlicher F\u00e4higkeiten liegt ein weiterer Schwerpunkt auf der Entwicklung der Pers\u00f6nlichkeit des Einzelnen. Durch kontinuierliche R\u00fcckmeldungen und ein breites Angebot an pers\u00f6nlichkeitsbildenden Ma\u00dfnahmen tragen wir diesem Anspruch Rechnung.<\/p>\n<p>Bei der Abwicklung von Auftr\u00e4gen versuchen wir durch gute Beratung und Flexibilit\u00e4t die Erwartungen unserer Kunden zu erf\u00fcllen bzw. zu \u00fcbertreffen. Im Kundenkontakt ist uns ein fairer und zuverl\u00e4ssiger Umgang wichtig. Regelm\u00e4\u00dfige Kontrollen gew\u00e4hrleisten bestm\u00f6gliche Qualit\u00e4t.[\/vc_column_text][\/vc_column][vc_column width=&#8220;1\/3&#8243;][vc_single_image image=&#8220;457&#8243; img_size=&#8220;full&#8220; alignment=&#8220;center&#8220; onclick=&#8220;link_image&#8220;][\/vc_column][\/vc_row][vc_row][vc_column][vc_column_text]Unsere Leitungskr\u00e4fte sind pers\u00f6nlich ansprechbar und nehmen sich f\u00fcr die Belange des Personals Zeit. Durch einen kontinuierlichen Austausch \u00fcber Entwicklungen und Ver\u00e4nderungen werden Entscheidungen transparent und nachvollziehbar. Ein kooperativer Leitungsstil schafft eine konstruktive, vertrauensvolle Arbeitsatmosph\u00e4re. Die Leitungskr\u00e4fte erkennen und f\u00f6rdern die Kompetenzen und Ressourcen des Personals und erm\u00f6glichen geeignete Fortbildungen.<\/p>\n<p>Wir arbeiten kontinuierlich an der Verbesserung und Erweiterung unserer Dienstleistungen sowie an der Optimierung unserer Organisation und unseres Qualit\u00e4tsmanagementsystems.[\/vc_column_text][\/vc_column][\/vc_row][vc_row][vc_column width=&#8220;1\/3&#8243;][\/vc_column][vc_column width=&#8220;1\/3&#8243;][vc_empty_space][vc_btn title=&#8220;zur\u00fcck zur \u00dcbersicht&#8220; style=&#8220;outline&#8220; shape=&#8220;square&#8220; color=&#8220;black&#8220; align=&#8220;center&#8220; i_icon_fontawesome=&#8220;fas fa-reply-all&#8220; add_icon=&#8220;true&#8220; link=&#8220;url:https%3A%2F%2Fdiakonie-lahn-dill.de%2Fwfbm%2Fueber-uns%2F|title:zur%C3%BCck%20zur%20%C3%9Cbersicht&#8220;][\/vc_column][vc_column width=&#8220;1\/3&#8243;][\/vc_column][\/vc_row]<\/p>\n<\/div>","protected":false},"excerpt":{"rendered":"<p>[vc_row][vc_column][vc_single_image image=&#8220;413&#8243; img_size=&#8220;full&#8220; alignment=&#8220;center&#8220;][\/vc_column][\/vc_row][vc_row][vc_column][vc_column_text] Wir sind zertifiziert [\/vc_column_text][\/vc_column][\/vc_row][vc_row][vc_column width=&#8220;5\/6&#8243;][vc_column_text css=&#8220;&#8220;]Die Diakonie Lahn Dill, Stephanus Werkstatt ist nach den Qualit\u00e4tsnormen DIN ISO 9001:2015 und der AZAV-Tr\u00e4gerzulassung zertifiziert. Wir bieten eine qualitativ gute Dienstleistung im Bereich der beruflichen Rehabilitation an. In unserer Arbeit sind wir darum bem\u00fcht, sowohl den Anforderungen in der F\u00f6rderung psychisch erkrankter Menschen gerecht&hellip;<\/p>\n","protected":false},"author":1,"featured_media":0,"parent":14,"menu_order":30,"comment_status":"closed","ping_status":"closed","template":"","meta":{"footnotes":""},"class_list":["post-64","page","type-page","status-publish","hentry","description-off"],"publishpress_future_action":{"enabled":false,"date":"2026-04-26 12:10:43","action":"change-status","newStatus":"draft","terms":[],"taxonomy":"","extraData":[]},"publishpress_future_workflow_manual_trigger":{"enabledWorkflows":[]},"_links":{"self":[{"href":"https:\/\/diakonie-lahn-dill.de\/wfbm\/wp-json\/wp\/v2\/pages\/64","targetHints":{"allow":["GET"]}}],"collection":[{"href":"https:\/\/diakonie-lahn-dill.de\/wfbm\/wp-json\/wp\/v2\/pages"}],"about":[{"href":"https:\/\/diakonie-lahn-dill.de\/wfbm\/wp-json\/wp\/v2\/types\/page"}],"author":[{"embeddable":true,"href":"https:\/\/diakonie-lahn-dill.de\/wfbm\/wp-json\/wp\/v2\/users\/1"}],"replies":[{"embeddable":true,"href":"https:\/\/diakonie-lahn-dill.de\/wfbm\/wp-json\/wp\/v2\/comments?post=64"}],"version-history":[{"count":13,"href":"https:\/\/diakonie-lahn-dill.de\/wfbm\/wp-json\/wp\/v2\/pages\/64\/revisions"}],"predecessor-version":[{"id":690,"href":"https:\/\/diakonie-lahn-dill.de\/wfbm\/wp-json\/wp\/v2\/pages\/64\/revisions\/690"}],"up":[{"embeddable":true,"href":"https:\/\/diakonie-lahn-dill.de\/wfbm\/wp-json\/wp\/v2\/pages\/14"}],"wp:attachment":[{"href":"https:\/\/diakonie-lahn-dill.de\/wfbm\/wp-json\/wp\/v2\/media?parent=64"}],"curies":[{"name":"wp","href":"https:\/\/api.w.org\/{rel}","templated":true}]}}