{"id":75,"date":"2020-05-02T11:47:39","date_gmt":"2020-05-02T09:47:39","guid":{"rendered":"https:\/\/www.sondermann-marketing.de\/kunden\/stephanuswerkstatt\/?page_id=75"},"modified":"2024-11-25T14:59:45","modified_gmt":"2024-11-25T13:59:45","slug":"kooperationspartner","status":"publish","type":"page","link":"https:\/\/diakonie-lahn-dill.de\/wfbm\/kooperationspartner\/","title":{"rendered":"Kooperationspartner"},"content":{"rendered":"<div class=\"wpb-content-wrapper\"><p>[vc_row][vc_column][vc_single_image image=&#8220;408&#8243; img_size=&#8220;full&#8220; alignment=&#8220;center&#8220;][\/vc_column][\/vc_row][vc_row][vc_column][vc_column_text]<\/p>\n<h2 class=\"blau\">Gemeinsam sind wir st\u00e4rker<\/h2>\n<p>[\/vc_column_text][vc_column_text]Im Rahmen von Kundenauftr\u00e4gen und der beruflichen Eingliederung arbeiten wir bereits erfolgreich mit regionalen Unternehmen und Einrichtungen zusammen.<\/p>\n<ul>\n<li>Sie suchen einen verl\u00e4sslichen Partner zur Abwicklung von Montageauftr\u00e4gen oder Dienstleistungen aus den Bereichen Druck, B\u00fcro und Hauswirtschaft?<\/li>\n<li>Sie m\u00f6chten einen Beitrag zur Inklusion psychisch erkrankter Menschen leisten und k\u00f6nnen in diesem Zusammenhang Praktika oder Besch\u00e4ftigungsm\u00f6glichkeiten anbieten?<\/li>\n<\/ul>\n<p>Dann werden Sie unser Kooperationspartner und nehmen Kontakt zu uns auf.[\/vc_column_text][\/vc_column][\/vc_row][vc_row][vc_column width=&#8220;1\/2&#8243;][vc_column_text]<strong>Ansprechpartner<\/strong><\/p>\n<p>Stephanus Werkstatt Wetzlar<br \/>\n<strong>Benjamin Roth<\/strong> (Werkstattleiter)<br \/>\n<strong>Torsten Breser<\/strong> (Produktionsleiter)<br \/>\nWestendstr.13<br \/>\n35578 Wetzlar<\/p>\n<p><strong>Telefon:<\/strong> 06441 9013-200<br \/>\n<strong>E-Mail:<\/strong> <a href=\"mai&#108;&#116;&#111;&#58;&#x77;&#x65;&#x72;&#x6b;&#x73;&#x74;&#x61;tt&#64;&#100;&#105;&#97;&#107;&#111;&#x6e;&#x69;&#x65;&#x2d;&#x6c;&#x61;hn-d&#105;&#108;&#108;&#46;&#x64;&#x65;\">w&#101;&#114;&#x6b;&#x73;&#x74;at&#116;&#64;&#x64;&#x69;&#x61;k&#111;&#110;&#105;&#x65;&#x2d;&#x6c;a&#104;&#110;&#x2d;&#x64;&#x69;ll&#46;&#100;&#x65;<\/a>[\/vc_column_text][vc_empty_space][\/vc_column][vc_column width=&#8220;1\/2&#8243;][vc_column_text]<strong>Ansprechpartner<\/strong><\/p>\n<p>Stephanus Werkstatt Weilburg<br \/>\n<strong>Benjamin Roth<\/strong> (Werkstattleiter)<br \/>\n<strong>Torsten Breser<\/strong> (Produktionsleiter)<br \/>\nViehweg 19<br \/>\n35781 Weilburg<\/p>\n<p><strong>Telefon:<\/strong> 06441 9013-200<br \/>\n<strong>E-Mail:<\/strong> <a href=\"&#x6d;&#x61;&#x69;&#x6c;&#116;&#111;:we&#x72;&#x6b;&#x73;&#x74;&#97;&#116;t&#64;d&#x69;&#x61;&#x6b;&#x6f;&#110;&#105;&#101;-l&#x61;&#x68;&#x6e;&#x2d;&#100;&#105;&#108;l&#46;&#x64;&#x65;\">&#x77;&#x65;&#x72;&#x6b;&#115;&#116;att&#x40;&#x64;&#x69;&#x61;&#107;&#111;nie&#x2d;&#x6c;&#x61;&#x68;&#110;&#45;&#100;il&#x6c;&#x2e;&#x64;&#x65;<\/a>[\/vc_column_text][vc_empty_space][\/vc_column][\/vc_row][vc_row][vc_column][vc_separator color=&#8220;custom&#8220; border_width=&#8220;2&#8243; accent_color=&#8220;#1c628f&#8220;][\/vc_column][\/vc_row][vc_row][vc_column][vc_column_text]<\/p>\n<h2 class=\"blau\">Unsere Kooperationspartner<\/h2>\n<p>[\/vc_column_text][\/vc_column][\/vc_row][vc_row][vc_column width=&#8220;1\/2&#8243;][vc_column_text css=&#8220;&#8220;]<\/p>\n<ul>\n<li>B+T GmbH, H\u00fcttenberg<\/li>\n<li>CNC-Drehtechnik Yildiz, Wetzlar<\/li>\n<li>CRS Medical, A\u00dflar<\/li>\n<li>Enwag, Wetzlar<\/li>\n<li>Ford Weller, Wetzlar<\/li>\n<li>Gerth Medien, A\u00dflar<\/li>\n<li>Helmut Hund GmbH, Wetzlar<\/li>\n<li>Huck Seiltechnik, A\u00dflar<\/li>\n<li>IKEA, Wetzlar<\/li>\n<li>KLA, Weilburg<\/li>\n<li>K\u00f6nigsberger Diakonie, Wetzlar<\/li>\n<li>K\u00fcster Automotive, Ehringshausen<\/li>\n<\/ul>\n<p>[\/vc_column_text][\/vc_column][vc_column width=&#8220;1\/2&#8243;][vc_column_text css=&#8220;&#8220;]<\/p>\n<ul>\n<li>Lahn-Dill-Kreis<\/li>\n<li>Lebenshilfe Gie\u00dfen<\/li>\n<li>Lebenshilfe Wetzlar-Weilburg<\/li>\n<li>Leica Microsystems, Wetzlar und Mannheim<\/li>\n<li>LKH, Heiligenroth<\/li>\n<li>Personal Leasing Team Karl-Heinz Panzer, Ehringshausen<\/li>\n<li>Pfeiffer Vacuum, A\u00dflar<\/li>\n<li>S\u00e4nger Rollenlager, Waldsolms<\/li>\n<li>Schaum Elektro Handelsgesellschaft, H\u00fcttenberg<\/li>\n<li>TGA Technische Ger\u00e4te und Apparatebau, Leun<\/li>\n<li>TransPak, Solms<\/li>\n<li>Tucker, Gie\u00dfen<\/li>\n<\/ul>\n<p>[\/vc_column_text][\/vc_column][\/vc_row]<\/p>\n<\/div>","protected":false},"excerpt":{"rendered":"<p>[vc_row][vc_column][vc_single_image image=&#8220;408&#8243; img_size=&#8220;full&#8220; alignment=&#8220;center&#8220;][\/vc_column][\/vc_row][vc_row][vc_column][vc_column_text] Gemeinsam sind wir st\u00e4rker [\/vc_column_text][vc_column_text]Im Rahmen von Kundenauftr\u00e4gen und der beruflichen Eingliederung arbeiten wir bereits erfolgreich mit regionalen Unternehmen und Einrichtungen zusammen. Sie suchen einen verl\u00e4sslichen Partner zur Abwicklung von Montageauftr\u00e4gen oder Dienstleistungen aus den Bereichen Druck, B\u00fcro und Hauswirtschaft? Sie m\u00f6chten einen Beitrag zur Inklusion psychisch erkrankter Menschen leisten und&hellip;<\/p>\n","protected":false},"author":1,"featured_media":0,"parent":0,"menu_order":40,"comment_status":"closed","ping_status":"closed","template":"","meta":{"footnotes":""},"class_list":["post-75","page","type-page","status-publish","hentry","description-off"],"publishpress_future_action":{"enabled":false,"date":"2026-04-20 17:43:34","action":"change-status","newStatus":"draft","terms":[],"taxonomy":"","extraData":[]},"publishpress_future_workflow_manual_trigger":{"enabledWorkflows":[]},"_links":{"self":[{"href":"https:\/\/diakonie-lahn-dill.de\/wfbm\/wp-json\/wp\/v2\/pages\/75","targetHints":{"allow":["GET"]}}],"collection":[{"href":"https:\/\/diakonie-lahn-dill.de\/wfbm\/wp-json\/wp\/v2\/pages"}],"about":[{"href":"https:\/\/diakonie-lahn-dill.de\/wfbm\/wp-json\/wp\/v2\/types\/page"}],"author":[{"embeddable":true,"href":"https:\/\/diakonie-lahn-dill.de\/wfbm\/wp-json\/wp\/v2\/users\/1"}],"replies":[{"embeddable":true,"href":"https:\/\/diakonie-lahn-dill.de\/wfbm\/wp-json\/wp\/v2\/comments?post=75"}],"version-history":[{"count":7,"href":"https:\/\/diakonie-lahn-dill.de\/wfbm\/wp-json\/wp\/v2\/pages\/75\/revisions"}],"predecessor-version":[{"id":651,"href":"https:\/\/diakonie-lahn-dill.de\/wfbm\/wp-json\/wp\/v2\/pages\/75\/revisions\/651"}],"wp:attachment":[{"href":"https:\/\/diakonie-lahn-dill.de\/wfbm\/wp-json\/wp\/v2\/media?parent=75"}],"curies":[{"name":"wp","href":"https:\/\/api.w.org\/{rel}","templated":true}]}}