{"id":80,"date":"2020-05-02T11:52:55","date_gmt":"2020-05-02T09:52:55","guid":{"rendered":"https:\/\/www.sondermann-marketing.de\/kunden\/stephanuswerkstatt\/?page_id=80"},"modified":"2024-10-24T14:24:10","modified_gmt":"2024-10-24T12:24:10","slug":"angebote-fuer-psychisch-erkrankte-menschen","status":"publish","type":"page","link":"https:\/\/diakonie-lahn-dill.de\/wfbm\/angebote-fuer-psychisch-erkrankte-menschen\/","title":{"rendered":"Angebote f\u00fcr psychisch erkrankte Menschen"},"content":{"rendered":"<div class=\"wpb-content-wrapper\"><p>[vc_row][vc_column][vc_single_image image=&#8220;407&#8243; img_size=&#8220;full&#8220; alignment=&#8220;center&#8220;][\/vc_column][\/vc_row][vc_row][vc_column][vc_column_text]<\/p>\n<h2 class=\"blau\">Berufliche Rehabilitation in der Stephanus Werkstatt<\/h2>\n<p>[\/vc_column_text][vc_column_text]Wir sind eine Einrichtung zur beruflichen Rehabilitation psychisch erkrankter Menschen. Tr\u00e4ger ist die <a href=\"https:\/\/diakonie-lahn-dill.de\" target=\"_blank\" rel=\"noopener\">Diakonie Lahn Dill e.V.<\/a> mit Sitz in Wetzlar. Die Ma\u00dfnahme der beruflichen Rehabilitation dauert in der Regel 27 Monate. Sie ist gegliedert in:<\/p>\n<ul>\n<li>ein Eingangsverfahren (bis zu 3 Monaten)<\/li>\n<li>max. zwei Jahre im Berufsbildungsbereich (BBB).<\/li>\n<\/ul>\n<p>Die Ma\u00dfnahme ist auf Vollzeit ausgerichtet und umfasst\u00a0 inklusive Pausenzeiten 37 Wochenstunden.<\/p>\n<p>Ziel der Teilhabe am Arbeitsleben ist die Stabilisierung der Pers\u00f6nlichkeit sowie das Wiedererlangen von Kenntnissen und F\u00e4higkeiten, um (wieder) auf den 1. Arbeitsmarkt integriert zu werden. Sollte dies krankheitsbedingt nicht oder noch nicht m\u00f6glich sein, besteht im Anschluss der Ma\u00dfnahme die M\u00f6glichkeit als Besch\u00e4ftigter mit einem Werkstattvertrag in den Arbeitsbereich der Werkstatt zu wechseln.<\/p>\n<p>Wir achten auf ein stabiles soziales Arbeitsklima und eine geregelte Tagesstruktur. Jeder neue Teilnehmer hat gen\u00fcgend Zeit, um sich einzugew\u00f6hnen. Die Arbeitsbelastung wird dem individuellen Leistungsniveau angepasst. Qualifizierungsma\u00dfnahmen zu Themen wie EDV, Arbeitssicherheit und Ergonomie am Arbeitsplatz sorgen daf\u00fcr, dass unsere Besch\u00e4ftigten im Berufsbildungsbereich wichtige Kenntnisse und F\u00e4higkeiten erwerben. Die F\u00f6rderung sozialer Kompetenzen\u00a0 und Angebote zur Pers\u00f6nlichkeitsentwicklung z\u00e4hlen ebenfalls zu unserem Auftrag. Es besteht die M\u00f6glichkeit, verschiedene Arbeitsfelder der Werkstatt kennenzulernen.<\/p>\n<p>Den Besch\u00e4ftigten stehen ausgebildete Fachkr\u00e4fte f\u00fcr Arbeits- und Berufsf\u00f6rderung als Gruppenleiter zur Seite. Wir gestalten die Arbeitspl\u00e4tze nach Ma\u00df und erarbeiten mit den Besch\u00e4ftigten einen individuellen F\u00f6rder- und Bildungsplan. Beim angestrebten \u00dcbergang\u00a0 auf den allgemeinen Arbeitsmarkt werden die Besch\u00e4ftigten von unseren Fachkr\u00e4ften f\u00fcr berufliche Integration begleitet.<\/p>\n<p>Gerne geben wir Ihnen im Rahmen eines unverbindlichen Informationsgespr\u00e4chs Auskunft.[\/vc_column_text][vc_column_text]<\/p>\n<h2>Ansprechpartner<\/h2>\n<ul>\n<li><strong>P\u00e4dagogische Leitung:<\/strong> Sascha Schmidt<br \/>\nTelefon: 06441 9013-200<\/li>\n<li><strong>Sozialdienst Wetzlar:<\/strong> Elke Schwarz, Miriam Neitzel, Tea Barbaric<br \/>\nTelefon: 06441 9013-200<\/li>\n<li><strong>Sozialdienst Weilburg:<\/strong> Janika Lommel<br \/>\nTelefon: 06441 9013-300<\/li>\n<\/ul>\n<p>[\/vc_column_text][\/vc_column][\/vc_row][vc_row][vc_column][vc_empty_space][\/vc_column][\/vc_row][vc_row][vc_column width=&#8220;1\/4&#8243;][vc_single_image image=&#8220;342&#8243; img_size=&#8220;full&#8220; alignment=&#8220;center&#8220; onclick=&#8220;custom_link&#8220; link=&#8220;?page_id=203&#8243;][vc_column_text css=&#8220;.vc_custom_1622620951775{margin-top: -20px !important;}&#8220;]<\/p>\n<p style=\"text-align: center;\"><a href=\"https:\/\/diakonie-lahn-dill.de\/wfbm\/angebote-fuer-psychisch-erkrankte-menschen\/eingangsverfahren-berufsbildungsbereich-bbb\/\"><strong>Berufsbildungsbereich<\/strong><\/a><\/p>\n<p>[\/vc_column_text][vc_empty_space][\/vc_column][vc_column width=&#8220;1\/4&#8243;][vc_single_image image=&#8220;346&#8243; img_size=&#8220;full&#8220; alignment=&#8220;center&#8220; onclick=&#8220;custom_link&#8220; link=&#8220;?page_id=213&#8243;][vc_column_text css=&#8220;.vc_custom_1622620963784{margin-top: -20px !important;}&#8220;]<\/p>\n<p style=\"text-align: center;\"><a href=\"https:\/\/diakonie-lahn-dill.de\/wfbm\/angebote-fuer-psychisch-erkrankte-menschen\/arbeitsbereich\/\"><strong>Arbeitsbereich<\/strong><\/a><\/p>\n<p>[\/vc_column_text][vc_empty_space][\/vc_column][vc_column width=&#8220;1\/4&#8243;][vc_single_image image=&#8220;350&#8243; img_size=&#8220;full&#8220; alignment=&#8220;center&#8220; onclick=&#8220;custom_link&#8220; link=&#8220;?page_id=227&#8243;][vc_column_text css=&#8220;.vc_custom_1622620978476{margin-top: -20px !important;}&#8220;]<\/p>\n<p style=\"text-align: center;\"><a href=\"https:\/\/diakonie-lahn-dill.de\/wfbm\/angebote-fuer-psychisch-erkrankte-menschen\/betriebsintegrierte-beschaeftigungsplaetze\/\"><strong>Betriebsintegrierte Besch\u00e4ftungspl\u00e4tze<\/strong><\/a><\/p>\n<p>[\/vc_column_text][vc_empty_space][\/vc_column][vc_column width=&#8220;1\/4&#8243;][vc_single_image image=&#8220;355&#8243; img_size=&#8220;full&#8220; alignment=&#8220;center&#8220; onclick=&#8220;custom_link&#8220; link=&#8220;?page_id=233&#8243;][vc_column_text css=&#8220;.vc_custom_1622620988372{margin-top: -20px !important;}&#8220;]<\/p>\n<p style=\"text-align: center;\"><a href=\"https:\/\/diakonie-lahn-dill.de\/wfbm\/angebote-fuer-psychisch-erkrankte-menschen\/antragstellung\/\"><strong>Antragstellung<\/strong><\/a><\/p>\n<p>[\/vc_column_text][vc_empty_space][\/vc_column][\/vc_row][vc_row][vc_column width=&#8220;1\/4&#8243;][vc_single_image image=&#8220;358&#8243; img_size=&#8220;full&#8220; alignment=&#8220;center&#8220; onclick=&#8220;custom_link&#8220; link=&#8220;?page_id=240&#8243;][vc_column_text css=&#8220;.vc_custom_1622620996871{margin-top: -20px !important;}&#8220;]<\/p>\n<p style=\"text-align: center;\"><a href=\"https:\/\/diakonie-lahn-dill.de\/wfbm\/angebote-fuer-psychisch-erkrankte-menschen\/arbeitsbegleitende-massnahmen-und-freizeiten\/\"><strong>Arbeitsbegleitende Ma\u00dfnahmen und Freizeiten<\/strong><\/a><\/p>\n<p>[\/vc_column_text][vc_empty_space][\/vc_column][vc_column width=&#8220;1\/4&#8243;][vc_single_image image=&#8220;363&#8243; img_size=&#8220;full&#8220; alignment=&#8220;center&#8220; onclick=&#8220;custom_link&#8220; link=&#8220;?page_id=247&#8243;][vc_column_text css=&#8220;.vc_custom_1622621007447{margin-top: -20px !important;}&#8220;]<\/p>\n<p style=\"text-align: center;\"><a href=\"https:\/\/diakonie-lahn-dill.de\/wfbm\/angebote-fuer-psychisch-erkrankte-menschen\/werkstattrat\/\"><strong>Werkstattrat<\/strong><\/a><\/p>\n<p>[\/vc_column_text][vc_empty_space][\/vc_column][vc_column width=&#8220;1\/4&#8243;][vc_single_image image=&#8220;368&#8243; img_size=&#8220;full&#8220; alignment=&#8220;center&#8220; onclick=&#8220;custom_link&#8220; link=&#8220;?page_id=253&#8243;][vc_column_text css=&#8220;.vc_custom_1622621018459{margin-top: -20px !important;}&#8220;]<\/p>\n<p style=\"text-align: center;\"><a href=\"https:\/\/diakonie-lahn-dill.de\/wfbm\/angebote-fuer-psychisch-erkrankte-menschen\/frauenbeauftragte\/\"><strong>Frauenbeauftragte<\/strong><\/a><\/p>\n<p>[\/vc_column_text][vc_empty_space][\/vc_column][vc_column width=&#8220;1\/4&#8243;][\/vc_column][\/vc_row]<\/p>\n<\/div>","protected":false},"excerpt":{"rendered":"<p>[vc_row][vc_column][vc_single_image image=&#8220;407&#8243; img_size=&#8220;full&#8220; alignment=&#8220;center&#8220;][\/vc_column][\/vc_row][vc_row][vc_column][vc_column_text] Berufliche Rehabilitation in der Stephanus Werkstatt [\/vc_column_text][vc_column_text]Wir sind eine Einrichtung zur beruflichen Rehabilitation psychisch erkrankter Menschen. Tr\u00e4ger ist die Diakonie Lahn Dill e.V. mit Sitz in Wetzlar. Die Ma\u00dfnahme der beruflichen Rehabilitation dauert in der Regel 27 Monate. Sie ist gegliedert in: ein Eingangsverfahren (bis zu 3 Monaten) max. zwei Jahre&hellip;<\/p>\n","protected":false},"author":1,"featured_media":0,"parent":0,"menu_order":20,"comment_status":"closed","ping_status":"closed","template":"","meta":{"footnotes":""},"class_list":["post-80","page","type-page","status-publish","hentry","description-off"],"publishpress_future_action":{"enabled":false,"date":"2026-04-28 12:12:54","action":"change-status","newStatus":"draft","terms":[],"taxonomy":"","extraData":[]},"publishpress_future_workflow_manual_trigger":{"enabledWorkflows":[]},"_links":{"self":[{"href":"https:\/\/diakonie-lahn-dill.de\/wfbm\/wp-json\/wp\/v2\/pages\/80","targetHints":{"allow":["GET"]}}],"collection":[{"href":"https:\/\/diakonie-lahn-dill.de\/wfbm\/wp-json\/wp\/v2\/pages"}],"about":[{"href":"https:\/\/diakonie-lahn-dill.de\/wfbm\/wp-json\/wp\/v2\/types\/page"}],"author":[{"embeddable":true,"href":"https:\/\/diakonie-lahn-dill.de\/wfbm\/wp-json\/wp\/v2\/users\/1"}],"replies":[{"embeddable":true,"href":"https:\/\/diakonie-lahn-dill.de\/wfbm\/wp-json\/wp\/v2\/comments?post=80"}],"version-history":[{"count":6,"href":"https:\/\/diakonie-lahn-dill.de\/wfbm\/wp-json\/wp\/v2\/pages\/80\/revisions"}],"predecessor-version":[{"id":636,"href":"https:\/\/diakonie-lahn-dill.de\/wfbm\/wp-json\/wp\/v2\/pages\/80\/revisions\/636"}],"wp:attachment":[{"href":"https:\/\/diakonie-lahn-dill.de\/wfbm\/wp-json\/wp\/v2\/media?parent=80"}],"curies":[{"name":"wp","href":"https:\/\/api.w.org\/{rel}","templated":true}]}}