{"id":87,"date":"2020-05-02T12:03:24","date_gmt":"2020-05-02T10:03:24","guid":{"rendered":"https:\/\/www.sondermann-marketing.de\/kunden\/stephanuswerkstatt\/?page_id=87"},"modified":"2023-08-11T08:57:51","modified_gmt":"2023-08-11T06:57:51","slug":"angebote-fuer-geschaefts-und-privatkunden","status":"publish","type":"page","link":"https:\/\/diakonie-lahn-dill.de\/wfbm\/angebote-fuer-geschaefts-und-privatkunden\/","title":{"rendered":"Angebote f\u00fcr Gesch\u00e4fts- und Privatkunden"},"content":{"rendered":"<div class=\"wpb-content-wrapper\"><p>[vc_row][vc_column][vc_single_image image=&#8220;406&#8243; img_size=&#8220;full&#8220; alignment=&#8220;center&#8220;][\/vc_column][\/vc_row][vc_row][vc_column][vc_column_text]<\/p>\n<h2 class=\"blau\">Sie&#8230;<\/h2>\n<p>[\/vc_column_text][vc_column_text]<\/p>\n<ul>\n<li>suchen einen Dienstleister f\u00fcr ausgegliederte Montage- und Konfektionierungsarbeiten?<\/li>\n<li>m\u00f6chten Ihre Akten und Dokumente archivieren und\/oder vernichten lassen?<\/li>\n<li>wollen Flyer, Gesch\u00e4ftspapiere, Brosch\u00fcren o.\u00e4. erstellen und drucken lassen?<\/li>\n<li>m\u00f6chten Trainingsanz\u00fcge, Trikots oder Arbeitskleidung beschriften oder besticken lassen?<\/li>\n<li>haben keine Zeit, Ihre Arbeits- oder Oberbekleidung selbst zu waschen bzw. zu b\u00fcgeln?<\/li>\n<li>suchen eine ansprechende Beschriftung f\u00fcr Ihre Firmenfahrzeuge?<\/li>\n<li>brauchen schmackhafte Schnittchen und Snacks f\u00fcr Sitzungen oder kleinere Firmenevents?<\/li>\n<\/ul>\n<p>[\/vc_column_text][vc_column_text]<strong>Dann sind Sie bei uns genau richtig! Gerne m\u00f6chten wir Ihnen im Folgenden unsere Dienstleistungen vorstellen:<\/strong>[\/vc_column_text][\/vc_column][\/vc_row][vc_row][vc_column width=&#8220;1\/4&#8243;][vc_single_image image=&#8220;148&#8243; img_size=&#8220;full&#8220; alignment=&#8220;center&#8220; onclick=&#8220;custom_link&#8220; link=&#8220;?page_id=107&#8243;][vc_column_text css=&#8220;.vc_custom_1622620887032{margin-top: -20px !important;}&#8220;]<\/p>\n<p style=\"text-align: center;\"><a href=\"https:\/\/diakonie-lahn-dill.de\/wfbm\/angebote-fuer-geschaefts-und-privatkunden\/montage\/\"><strong>Montage<\/strong><\/a><\/p>\n<p>[\/vc_column_text][vc_empty_space][\/vc_column][vc_column width=&#8220;1\/4&#8243;][vc_single_image image=&#8220;133&#8243; img_size=&#8220;full&#8220; alignment=&#8220;center&#8220; onclick=&#8220;custom_link&#8220; link=&#8220;?page_id=126&#8243;][vc_column_text css=&#8220;.vc_custom_1622620897248{margin-top: -20px !important;}&#8220;]<\/p>\n<p style=\"text-align: center;\"><a href=\"https:\/\/diakonie-lahn-dill.de\/wfbm\/angebote-fuer-geschaefts-und-privatkunden\/buerodienstleistungen\/\"><strong>B\u00fcrodienstleistungen<\/strong><\/a><\/p>\n<p>[\/vc_column_text][vc_empty_space][\/vc_column][vc_column width=&#8220;1\/4&#8243;][vc_single_image image=&#8220;144&#8243; img_size=&#8220;full&#8220; alignment=&#8220;center&#8220; onclick=&#8220;custom_link&#8220; link=&#8220;?page_id=137&#8243;][vc_column_text css=&#8220;.vc_custom_1622620907328{margin-top: -20px !important;}&#8220;]<\/p>\n<p style=\"text-align: center;\"><a href=\"https:\/\/diakonie-lahn-dill.de\/wfbm\/angebote-fuer-geschaefts-und-privatkunden\/druckerei\/\"><strong>Druckerei<\/strong><\/a><\/p>\n<p>[\/vc_column_text][vc_empty_space][\/vc_column][vc_column width=&#8220;1\/4&#8243;][vc_single_image image=&#8220;153&#8243; img_size=&#8220;full&#8220; alignment=&#8220;center&#8220; onclick=&#8220;custom_link&#8220; link=&#8220;?page_id=150&#8243;][vc_column_text css=&#8220;.vc_custom_1622620917143{margin-top: -20px !important;}&#8220;]<\/p>\n<p style=\"text-align: center;\"><a href=\"https:\/\/diakonie-lahn-dill.de\/wfbm\/angebote-fuer-geschaefts-und-privatkunden\/textil-und-werbedruck\/\"><strong>Werbedruck<\/strong><\/a><\/p>\n<p>[\/vc_column_text][vc_empty_space][\/vc_column][\/vc_row][vc_row][vc_column width=&#8220;1\/4&#8243;][vc_single_image image=&#8220;160&#8243; img_size=&#8220;full&#8220; alignment=&#8220;center&#8220; onclick=&#8220;custom_link&#8220; link=&#8220;?page_id=159&#8243;][vc_column_text css=&#8220;.vc_custom_1622620926419{margin-top: -20px !important;}&#8220;]<\/p>\n<p style=\"text-align: center;\"><a href=\"https:\/\/diakonie-lahn-dill.de\/wfbm\/angebote-fuer-geschaefts-und-privatkunden\/hauswirtschaft\/\"><strong>Hauswirtschaft<\/strong><\/a><\/p>\n<p>[\/vc_column_text][vc_empty_space][\/vc_column][vc_column width=&#8220;1\/4&#8243;][\/vc_column][vc_column width=&#8220;1\/4&#8243;][\/vc_column][vc_column width=&#8220;1\/4&#8243;][\/vc_column][\/vc_row]<\/p>\n<\/div>","protected":false},"excerpt":{"rendered":"<p>[vc_row][vc_column][vc_single_image image=&#8220;406&#8243; img_size=&#8220;full&#8220; alignment=&#8220;center&#8220;][\/vc_column][\/vc_row][vc_row][vc_column][vc_column_text] Sie&#8230; [\/vc_column_text][vc_column_text] suchen einen Dienstleister f\u00fcr ausgegliederte Montage- und Konfektionierungsarbeiten? m\u00f6chten Ihre Akten und Dokumente archivieren und\/oder vernichten lassen? wollen Flyer, Gesch\u00e4ftspapiere, Brosch\u00fcren o.\u00e4. erstellen und drucken lassen? m\u00f6chten Trainingsanz\u00fcge, Trikots oder Arbeitskleidung beschriften oder besticken lassen? haben keine Zeit, Ihre Arbeits- oder Oberbekleidung selbst zu waschen bzw. zu b\u00fcgeln? suchen&hellip;<\/p>\n","protected":false},"author":1,"featured_media":0,"parent":0,"menu_order":30,"comment_status":"closed","ping_status":"closed","template":"","meta":{"footnotes":""},"class_list":["post-87","page","type-page","status-publish","hentry","description-off"],"publishpress_future_action":{"enabled":false,"date":"2026-04-20 17:41:57","action":"change-status","newStatus":"draft","terms":[],"taxonomy":"","extraData":[]},"publishpress_future_workflow_manual_trigger":{"enabledWorkflows":[]},"_links":{"self":[{"href":"https:\/\/diakonie-lahn-dill.de\/wfbm\/wp-json\/wp\/v2\/pages\/87","targetHints":{"allow":["GET"]}}],"collection":[{"href":"https:\/\/diakonie-lahn-dill.de\/wfbm\/wp-json\/wp\/v2\/pages"}],"about":[{"href":"https:\/\/diakonie-lahn-dill.de\/wfbm\/wp-json\/wp\/v2\/types\/page"}],"author":[{"embeddable":true,"href":"https:\/\/diakonie-lahn-dill.de\/wfbm\/wp-json\/wp\/v2\/users\/1"}],"replies":[{"embeddable":true,"href":"https:\/\/diakonie-lahn-dill.de\/wfbm\/wp-json\/wp\/v2\/comments?post=87"}],"version-history":[{"count":4,"href":"https:\/\/diakonie-lahn-dill.de\/wfbm\/wp-json\/wp\/v2\/pages\/87\/revisions"}],"predecessor-version":[{"id":563,"href":"https:\/\/diakonie-lahn-dill.de\/wfbm\/wp-json\/wp\/v2\/pages\/87\/revisions\/563"}],"wp:attachment":[{"href":"https:\/\/diakonie-lahn-dill.de\/wfbm\/wp-json\/wp\/v2\/media?parent=87"}],"curies":[{"name":"wp","href":"https:\/\/api.w.org\/{rel}","templated":true}]}}